{"id":1009931,"date":"2024-06-17T14:17:12","date_gmt":"2024-06-17T06:17:12","guid":{"rendered":"https:\/\/vimaterial.de\/product\/bromuro-de-calcio\/"},"modified":"2024-12-26T17:49:56","modified_gmt":"2024-12-26T09:49:56","slug":"bromuro-de-calcio","status":"publish","type":"product","link":"https:\/\/vimaterial.de\/es\/product\/bromuro-de-calcio\/","title":{"rendered":"Bromuro de calcio"},"content":{"rendered":"<p>El bromuro de calcio es el nombre de los compuestos con la f\u00f3rmula qu\u00edmica CaBr2(H2O)x. Los compuestos individuales incluyen el material anhidro (x = 0), el hexahidrato (x = 6) y el raro dihidrato (x = 2). Todos son polvos blancos que se disuelven en agua, y a partir de estas soluciones cristaliza el hexahidrato. VIMATERIAL proporciona varios tipos de bromuros, p\u00f3ngase en contacto con nosotros si los necesita.<\/p>\n<h2><span style=\"font-size: 14pt;\">Propiedades<\/span><\/h2>\n<p>F\u00f3rmula qu\u00edmica: CaBr2 Masa molar: 199,89 g\/mol Aspecto: anhidro es higrosc\u00f3pico cristales incoloros; Sabor salino agudo Densidad: 3.353 g\/cm3 Punto de fusi\u00f3n: 730 \u00b0C (1.350 \u00b0F; 1.000 K) Punto de ebullici\u00f3n: 1.815 \u00b0C (3.299 \u00b0F; 2.088 K) Solubilidad en agua: 125 g\/100 mL (0 \u00b0C); 143 g\/100 ml (20 \u00b0C); 312 g\/100 mL (100 \u00b0C) Solubilidad en alcohol, acetona: solubleAcidez (pKa): 9Susceptibilidad magn\u00e9tica (\u03c7): -73,8\u202210\u22126 cm3\/mol<\/p>\n<h2><span style=\"font-size: 14pt;\">M\u00e9todo de preparaci\u00f3n del metavanadato de potasio<\/span><\/h2>\n<p>M\u00e9todo de reacci\u00f3n directa: reacci\u00f3n de carbonato de calcio (CaCO\u2083) o hidr\u00f3xido de calcio (Ca(OH)\u2082) con bromuro de hidr\u00f3geno (HBr) para generar bromuro de calcio. M\u00e9todo de reacci\u00f3n de bromaci\u00f3n: preparaci\u00f3n de bromuro de calcio por reacci\u00f3n directa de calcio (Ca) met\u00e1lico con bromo (Br\u2082) M\u00e9todo de doble descomposici\u00f3n: preparaci\u00f3n por reacci\u00f3n de sal de calcio soluble (como cloruro de calcio) con bromuro de sodio<\/p>\n<h2><span style=\"font-size: 14pt;\">Aplicaci\u00f3n<\/span><\/h2>\n<p>El bromuro de calcio es un agente deshidratante utilizado en fotograf\u00eda, conservantes de alimentos, conservantes de madera, retardantes de fuego y mezclas de congelaci\u00f3n.<\/p>\n<p>Se utiliza como oxidante para el control de las emisiones de mercurio.<\/p>\n<p>Es ampliamente utilizado para la preparaci\u00f3n de formulaciones de fluidos de perforaci\u00f3n, fluidos de terminaci\u00f3n y lodos de perforaci\u00f3n.<\/p>\n<p>Tambi\u00e9n encuentra aplicaci\u00f3n en la fabricaci\u00f3n de agua mineral.<\/p>\n<h2><span style=\"font-size: 14pt;\">Control de calidad<\/span><\/h2>\n<p>Nuestros productos implementan el sistema de gesti\u00f3n de calidad m\u00e1s estricto. Existen estrictos est\u00e1ndares de inspecci\u00f3n para los materiales entrantes, los procesos, las inspecciones finales y las inspecciones de f\u00e1brica. Se adoptar\u00e1n estrictas medidas de aislamiento para el procesamiento no calificado para evitar que los productos no calificados fluyan hacia el siguiente proceso. Las muestras se proporcionar\u00e1n a los clientes de acuerdo con los requisitos del cliente para la reinspecci\u00f3n.   <\/p>\n<h2><span style=\"font-size: 14pt;\">Embalaje y almacenamiento<\/span><\/h2>\n<p>Envasado interior al vac\u00edo, embalaje exterior de cart\u00f3n. Almacenamiento sellado: El bromuro de calcio es altamente higrosc\u00f3pico y debe almacenarse en un recipiente sellado a prueba de humedad. Requisitos ambientales: Almacene en un ambiente seco y ventilado, evite las altas temperaturas y la luz intensa. Mantener alejado de sustancias corrosivas: Evitar el contacto con \u00e1cidos y oxidantes para evitar reacciones qu\u00edmicas.<\/p>\n<p>&nbsp;<\/p>\n","protected":false},"excerpt":{"rendered":"<p>El bromuro de calcio es el nombre de los compuestos con la f\u00f3rmula qu\u00edmica CaBr2(H2O)x. Los compuestos individuales incluyen el material anhidro (x = 0), el hexahidrato (x = 6) y el raro dihidrato (x = 2). Todos son polvos blancos que se disuelven en agua, y a partir de estas soluciones cristaliza el hexahidrato. [&hellip;]<\/p>\n","protected":false},"featured_media":1029960,"comment_status":"open","ping_status":"closed","template":"","meta":{"_acf_changed":false},"product_brand":[],"product_cat":[182],"product_tag":[],"class_list":{"0":"post-1009931","1":"product","2":"type-product","3":"status-publish","4":"has-post-thumbnail","6":"product_cat-materiales-halogenados","8":"first","9":"instock","10":"shipping-taxable","11":"product-type-variable"},"acf":[],"_links":{"self":[{"href":"https:\/\/vimaterial.de\/es\/wp-json\/wp\/v2\/product\/1009931","targetHints":{"allow":["GET"]}}],"collection":[{"href":"https:\/\/vimaterial.de\/es\/wp-json\/wp\/v2\/product"}],"about":[{"href":"https:\/\/vimaterial.de\/es\/wp-json\/wp\/v2\/types\/product"}],"replies":[{"embeddable":true,"href":"https:\/\/vimaterial.de\/es\/wp-json\/wp\/v2\/comments?post=1009931"}],"wp:featuredmedia":[{"embeddable":true,"href":"https:\/\/vimaterial.de\/es\/wp-json\/wp\/v2\/media\/1029960"}],"wp:attachment":[{"href":"https:\/\/vimaterial.de\/es\/wp-json\/wp\/v2\/media?parent=1009931"}],"wp:term":[{"taxonomy":"product_brand","embeddable":true,"href":"https:\/\/vimaterial.de\/es\/wp-json\/wp\/v2\/product_brand?post=1009931"},{"taxonomy":"product_cat","embeddable":true,"href":"https:\/\/vimaterial.de\/es\/wp-json\/wp\/v2\/product_cat?post=1009931"},{"taxonomy":"product_tag","embeddable":true,"href":"https:\/\/vimaterial.de\/es\/wp-json\/wp\/v2\/product_tag?post=1009931"}],"curies":[{"name":"wp","href":"https:\/\/api.w.org\/{rel}","templated":true}]}}