{"id":1009915,"date":"2024-06-17T14:17:12","date_gmt":"2024-06-17T06:17:12","guid":{"rendered":"https:\/\/vimaterial.de\/product\/oxalato-calcico-hidratado\/"},"modified":"2024-12-26T17:37:04","modified_gmt":"2024-12-26T09:37:04","slug":"oxalato-calcico-hidratado","status":"publish","type":"product","link":"https:\/\/vimaterial.de\/es\/product\/oxalato-calcico-hidratado\/","title":{"rendered":"Hidrato de oxalato de calcio"},"content":{"rendered":"<p>Hidrato de oxalato de calcio, f\u00f3rmula qu\u00edmica: CaC\u2082O\u2084\u00b7xH\u2082O, es un oxalato de calcio que contiene agua cristalina, que se encuentra com\u00fanmente en los campos de la biolog\u00eda y la qu\u00edmica. VIMATERIAL proporciona varios tipos de oxalatos, p\u00f3ngase en contacto con nosotros si los necesita.<\/p>\n<h2><span style=\"font-size: 14pt;\">Propiedades<\/span><\/h2>\n<p>F\u00f3rmula qu\u00edmica: CaC\u2082O\u2084\u00b7xH\u2082O Peso molecular: 146.11200 Aspecto: polvo marr\u00f3n claro Solubilidad: casi insoluble en agua, ligeramente soluble en \u00e1cido. Estabilidad: El calentamiento puede perder agua cristalina para formar oxalato de calcio anhidro.<\/p>\n<h2><span style=\"font-size: 14pt;\">M\u00e9todo de preparaci\u00f3n del metavanadato de potasio<\/span><\/h2>\n<p>1. Mezcle una sal de calcio soluble (como cloruro de calcio) con una soluci\u00f3n de oxalato (como \u00e1cido ox\u00e1lico u oxalato de potasio). 2. Revuelva a temperatura ambiente para reaccionar y formar un precipitado de oxalato de calcio. 3. Filtrar el precipitado y lavarlo con agua destilada. 4. Secar para obtener oxalato c\u00e1lcico hidratado.<\/p>\n<h2><span style=\"font-size: 14pt;\">Aplicaci\u00f3n<\/span><\/h2>\n<p>1. Biolog\u00eda: El hidrato de oxalato de calcio es una forma cristalina com\u00fan en las plantas (como los cristales de oxalato en las c\u00e9lulas vegetales). Tambi\u00e9n es el componente principal de los c\u00e1lculos renales humanos. 2. Investigaci\u00f3n qu\u00edmica: El hidrato de oxalato de calcio se utiliza para la investigaci\u00f3n y el an\u00e1lisis de las propiedades qu\u00edmicas del oxalato. 3. Aplicaci\u00f3n industrial: El hidrato de oxalato de calcio se utiliza como fuente de calcio o intermedio de oxalato.<\/p>\n<h2><span style=\"font-size: 14pt;\">Control de calidad<\/span><\/h2>\n<p>Nuestros productos implementan el sistema de gesti\u00f3n de calidad m\u00e1s estricto. Existen estrictos est\u00e1ndares de inspecci\u00f3n para los materiales entrantes, los procesos, las inspecciones finales y las inspecciones de f\u00e1brica. Se adoptar\u00e1n estrictas medidas de aislamiento para el procesamiento no calificado para evitar que los productos no calificados fluyan hacia el siguiente proceso. Las muestras se proporcionar\u00e1n a los clientes de acuerdo con los requisitos del cliente para la reinspecci\u00f3n.   <\/p>\n<h2><span style=\"font-size: 14pt;\">Embalaje y almacenamiento<\/span><\/h2>\n<p>Envasado interior al vac\u00edo, embalaje exterior de cart\u00f3n. Recipiente sellado para evitar la absorci\u00f3n de humedad. Almacene en un ambiente seco, ventilado y fresco. Evite el contacto con \u00e1cidos fuertes u oxidantes fuertes para evitar la descomposici\u00f3n o reacciones secundarias.<\/p>\n<p>&nbsp;<\/p>\n","protected":false},"excerpt":{"rendered":"<p>Hidrato de oxalato de calcio, f\u00f3rmula qu\u00edmica: CaC\u2082O\u2084\u00b7xH\u2082O, es un oxalato de calcio que contiene agua cristalina, que se encuentra com\u00fanmente en los campos de la biolog\u00eda y la qu\u00edmica. VIMATERIAL proporciona varios tipos de oxalatos, p\u00f3ngase en contacto con nosotros si los necesita. Propiedades F\u00f3rmula qu\u00edmica: CaC\u2082O\u2084\u00b7xH\u2082O Peso molecular: 146.11200 Aspecto: polvo marr\u00f3n claro [&hellip;]<\/p>\n","protected":false},"featured_media":1029965,"comment_status":"open","ping_status":"closed","template":"","meta":{"_acf_changed":false},"product_brand":[],"product_cat":[187],"product_tag":[],"class_list":{"0":"post-1009915","1":"product","2":"type-product","3":"status-publish","4":"has-post-thumbnail","6":"product_cat-otros-materiales","8":"first","9":"instock","10":"shipping-taxable","11":"purchasable","12":"product-type-variable"},"acf":[],"_links":{"self":[{"href":"https:\/\/vimaterial.de\/es\/wp-json\/wp\/v2\/product\/1009915","targetHints":{"allow":["GET"]}}],"collection":[{"href":"https:\/\/vimaterial.de\/es\/wp-json\/wp\/v2\/product"}],"about":[{"href":"https:\/\/vimaterial.de\/es\/wp-json\/wp\/v2\/types\/product"}],"replies":[{"embeddable":true,"href":"https:\/\/vimaterial.de\/es\/wp-json\/wp\/v2\/comments?post=1009915"}],"wp:featuredmedia":[{"embeddable":true,"href":"https:\/\/vimaterial.de\/es\/wp-json\/wp\/v2\/media\/1029965"}],"wp:attachment":[{"href":"https:\/\/vimaterial.de\/es\/wp-json\/wp\/v2\/media?parent=1009915"}],"wp:term":[{"taxonomy":"product_brand","embeddable":true,"href":"https:\/\/vimaterial.de\/es\/wp-json\/wp\/v2\/product_brand?post=1009915"},{"taxonomy":"product_cat","embeddable":true,"href":"https:\/\/vimaterial.de\/es\/wp-json\/wp\/v2\/product_cat?post=1009915"},{"taxonomy":"product_tag","embeddable":true,"href":"https:\/\/vimaterial.de\/es\/wp-json\/wp\/v2\/product_tag?post=1009915"}],"curies":[{"name":"wp","href":"https:\/\/api.w.org\/{rel}","templated":true}]}}