{"id":1009905,"date":"2024-06-17T14:17:13","date_gmt":"2024-06-17T06:17:13","guid":{"rendered":"https:\/\/vimaterial.de\/product\/carbonato-calcico\/"},"modified":"2024-12-27T14:28:14","modified_gmt":"2024-12-27T06:28:14","slug":"carbonato-calcico","status":"publish","type":"product","link":"https:\/\/vimaterial.de\/es\/product\/carbonato-calcico\/","title":{"rendered":"Carbonato de calcio"},"content":{"rendered":"<p>El carbonato de calcio es un compuesto inorg\u00e1nico con la f\u00f3rmula qu\u00edmica CaCO3, generalmente en forma de polvo blanco o gr\u00e1nulos. Es s\u00f3lido a temperatura y presi\u00f3n ambiente e insoluble en agua, pero se disolver\u00e1 en soluciones \u00e1cidas y puede generar gas de di\u00f3xido de carbono. VIMATERIAL puede producir polvo de CaCO3 de alta pureza. Si tiene alguna necesidad, p\u00f3ngase en contacto con nosotros. <\/p>\n<h2><span style=\"font-size: 14pt;\">Propiedades<\/span><\/h2>\n<p>F\u00f3rmula qu\u00edmica:CaCO3 Masa molar:100,09 g\/mol<\/p>\n<p>Aspecto: s\u00f3lido blanco<\/p>\n<p>Densidad:2,7 &#8211; 2,9 g\/cm\u00b3 Punto de fusi\u00f3n:1339 \u00b0C Solubilidad: Es dif\u00edcil de disolver en agua e insoluble en disolventes org\u00e1nicos como los alcoholes. Estabilidad: El CaCO3 es estable a temperatura y presi\u00f3n ambiente, pero se descompondr\u00e1 en \u00f3xido de calcio y di\u00f3xido de carbono a 825-896,6 \u00b0C. Acidez y alcalinidad: El CaCO3 reacciona con el \u00e1cido para generar las sales y el agua correspondientes, mostrando acidez. Estabilidad t\u00e9rmica: Cuando se calienta a una cierta temperatura, se descompondr\u00e1 para generar \u00f3xido de calcio y di\u00f3xido de carbono.<\/p>\n<h2><span style=\"font-size: 14pt;\">Clasificaci\u00f3n del carbonato de calcio<\/span><\/h2>\n<p>Seg\u00fan el m\u00e9todo de producci\u00f3n: se puede dividir en CaCO3 pesado, CaCO3 ligero, CaCO3 coloidal y CaCO3 cristalino. De acuerdo con el tama\u00f1o de part\u00edcula promedio del polvo: se puede dividir en carbonato de calcio microfino (d&gt;5um), carbonato de calcio en micropolvo (1 ~ 5um), carbonato de calcio fino (0.1 ~ 1 \u03bcm), carbonato de calcio ultrafino (0.02 ~ 0.1 \u03bcm) y carbonato de calcio ultrafino (d\u22640.02um). Seg\u00fan la disposici\u00f3n de los \u00e1tomos y los iones: se puede dividir en carbonato de calcio cristalino y carbonato de calcio amorfo.<\/p>\n<h2><span style=\"font-size: 14pt;\">Aplicaci\u00f3n<\/span><\/h2>\n<p>1. Industria del caucho: Es un relleno importante que puede aumentar la dureza y la resistencia de los productos de caucho al tiempo que reduce los costos. 2. Industria del pl\u00e1stico: se puede utilizar como agente de refuerzo y relleno para pl\u00e1sticos, lo que puede mejorar la dureza y la resistencia al impacto de los productos pl\u00e1sticos y reducir los costos de producci\u00f3n. 3. Industria del papel: Es un agente blanqueador que puede hacer que el papel sea m\u00e1s brillante y blanco, y puede aumentar el grosor y la calidad del papel. 4. Industria de materiales de construcci\u00f3n: Se puede utilizar como aditivo para materiales de construcci\u00f3n como pinturas y recubrimientos, lo que puede mejorar la adherencia y la dureza de los recubrimientos. 5. Industria metal\u00fargica: Tambi\u00e9n se puede utilizar como fundente y agente reductor en la industria metal\u00fargica. 6. Industria farmac\u00e9utica: El CaCO3 se puede utilizar en medicina, por ejemplo, para tratar la deficiencia de calcio.<\/p>\n<h2><span style=\"font-size: 14pt;\">\u00bfEs t\u00f3xico el carbonato de calcio?<\/span><\/h2>\n<p>El CaCO3 es una sustancia no t\u00f3xica y no tiene radiactividad ni corrosividad. El contacto a largo plazo no tendr\u00e1 ning\u00fan efecto nocivo en el cuerpo humano. En la producci\u00f3n industrial, el carbonato de calcio tambi\u00e9n se usa ampliamente y ha pasado la inspecci\u00f3n est\u00e1ndar nacional y se puede usar de manera segura.  <\/p>\n<h2><span style=\"font-size: 14pt;\">Control de calidad<\/span><\/h2>\n<p>Nuestros productos implementan el sistema de gesti\u00f3n de calidad m\u00e1s estricto. Existen estrictos est\u00e1ndares de inspecci\u00f3n para los materiales entrantes, los procesos, las inspecciones finales y las inspecciones de f\u00e1brica. Se adoptar\u00e1n estrictas medidas de aislamiento para el procesamiento no calificado para evitar que los productos no calificados fluyan hacia el siguiente proceso. Las muestras se proporcionar\u00e1n a los clientes de acuerdo con los requisitos del cliente para la reinspecci\u00f3n.   <\/p>\n<h2><span style=\"font-size: 14pt;\">Embalaje y almacenamiento<\/span><\/h2>\n<p>Envasado al vac\u00edo, la cantidad de empaque se puede proporcionar de acuerdo con los requisitos del cliente y empaquetarse por separado. Funcionamiento cerrado, preste atenci\u00f3n a la ventilaci\u00f3n. Los operadores deben someterse a una capacitaci\u00f3n especial y cumplir estrictamente con los procedimientos operativos. Se recomienda que los operadores usen filtros autocebantes, m\u00e1scaras contra el polvo y gafas de seguridad qu\u00edmica. Evite el polvo. Evite el contacto con \u00e1cidos. Precauciones de almacenamiento: Debe almacenarse separado de los \u00e1cidos.<\/p>\n","protected":false},"excerpt":{"rendered":"<p>El carbonato de calcio es un compuesto inorg\u00e1nico con la f\u00f3rmula qu\u00edmica CaCO3, generalmente en forma de polvo blanco o gr\u00e1nulos. Es s\u00f3lido a temperatura y presi\u00f3n ambiente e insoluble en agua, pero se disolver\u00e1 en soluciones \u00e1cidas y puede generar gas de di\u00f3xido de carbono. VIMATERIAL puede producir polvo de CaCO3 de alta pureza. [&hellip;]<\/p>\n","protected":false},"featured_media":1029975,"comment_status":"open","ping_status":"closed","template":"","meta":{"_acf_changed":false},"product_brand":[],"product_cat":[187],"product_tag":[],"class_list":{"0":"post-1009905","1":"product","2":"type-product","3":"status-publish","4":"has-post-thumbnail","6":"product_cat-otros-materiales","8":"first","9":"instock","10":"shipping-taxable","11":"purchasable","12":"product-type-variable"},"acf":[],"_links":{"self":[{"href":"https:\/\/vimaterial.de\/es\/wp-json\/wp\/v2\/product\/1009905","targetHints":{"allow":["GET"]}}],"collection":[{"href":"https:\/\/vimaterial.de\/es\/wp-json\/wp\/v2\/product"}],"about":[{"href":"https:\/\/vimaterial.de\/es\/wp-json\/wp\/v2\/types\/product"}],"replies":[{"embeddable":true,"href":"https:\/\/vimaterial.de\/es\/wp-json\/wp\/v2\/comments?post=1009905"}],"wp:featuredmedia":[{"embeddable":true,"href":"https:\/\/vimaterial.de\/es\/wp-json\/wp\/v2\/media\/1029975"}],"wp:attachment":[{"href":"https:\/\/vimaterial.de\/es\/wp-json\/wp\/v2\/media?parent=1009905"}],"wp:term":[{"taxonomy":"product_brand","embeddable":true,"href":"https:\/\/vimaterial.de\/es\/wp-json\/wp\/v2\/product_brand?post=1009905"},{"taxonomy":"product_cat","embeddable":true,"href":"https:\/\/vimaterial.de\/es\/wp-json\/wp\/v2\/product_cat?post=1009905"},{"taxonomy":"product_tag","embeddable":true,"href":"https:\/\/vimaterial.de\/es\/wp-json\/wp\/v2\/product_tag?post=1009905"}],"curies":[{"name":"wp","href":"https:\/\/api.w.org\/{rel}","templated":true}]}}