{"id":1009873,"date":"2024-06-17T14:17:13","date_gmt":"2024-06-17T06:17:13","guid":{"rendered":"https:\/\/vimaterial.de\/product\/fluoruro-calcico\/"},"modified":"2024-12-27T11:26:36","modified_gmt":"2024-12-27T03:26:36","slug":"fluoruro-calcico","status":"publish","type":"product","link":"https:\/\/vimaterial.de\/es\/product\/fluoruro-calcico\/","title":{"rendered":"Fluoruro de calcio"},"content":{"rendered":"<p>Los gr\u00e1nulos de fluoruro de calcio son el compuesto inorg\u00e1nico de los elementos calcio y fl\u00faor con la f\u00f3rmula CaF2. Es un s\u00f3lido blanco insoluble, pero soluble en \u00e1cidos fuertes y algunos \u00e1cidos org\u00e1nicos. VIMATERIAL tambi\u00e9n proporciona polvos de fluoruro de calcio y objetivos de fluoruro de calcio. <\/p>\n<h2><span style=\"font-size: 14pt;\">Propiedades<\/span><\/h2>\n<p>F\u00f3rmula qu\u00edmica:CaF2 Masa molar:78.075 g\u00b7mol\u22121 Aspecto:S\u00f3lido cristalino blanco (los monocristales son transparentes) Densidad:3.18 g\/cm3 Punto de fusi\u00f3n:1.418 \u00b0C (2.584 \u00b0F; 1.691 K) Punto de ebullici\u00f3n:2.533 \u00b0C (4.591 \u00b0F; 2.806 K) Solubilidad:Soluble en agua, insoluble en acetona ligeramente soluble en \u00e1cido \u00cdndice de refracci\u00f3n (nD):1.4338<\/p>\n<h2><span style=\"font-size: 14pt;\">Aplicaci\u00f3n<\/span><\/h2>\n<p>1. Campo \u00f3ptico: los cristales de CaF2 tienen un \u00edndice de refracci\u00f3n bajo y caracter\u00edsticas de dispersi\u00f3n bajas, y a menudo se usan para fabricar lentes \u00f3pticas, prismas y materiales para ventanas, y muestran un excelente rendimiento en sistemas \u00f3pticos en las bandas ultravioleta e infrarroja. 2. Industria metal\u00fargica: Los gr\u00e1nulos de fluoruro de calcio se pueden utilizar como fundente en la producci\u00f3n de acero y aluminio para mejorar la eficiencia de purificaci\u00f3n de los metales. 3. Industria del vidrio: Los gr\u00e1nulos de fluoruro de calcio son un componente importante en la fabricaci\u00f3n de vidrio y se pueden utilizar para producir vidrios especiales como vidrio \u00f3ptico y vidrio que contiene fl\u00faor, lo que le da al vidrio propiedades \u00f3pticas y durabilidad \u00fanicas. 4. Industria cer\u00e1mica: Los gr\u00e1nulos de fluoruro de calcio se utilizan como fundente en la industria cer\u00e1mica para reducir la temperatura de sinterizaci\u00f3n y mejorar las propiedades mec\u00e1nicas y la resistencia a la corrosi\u00f3n qu\u00edmica del producto. 5. Industria qu\u00edmica: El fluoruro de calcio es una materia prima para la producci\u00f3n de fluoruro. Puede generar fluoruro de hidr\u00f3geno (HF) a trav\u00e9s de reacciones qu\u00edmicas, que es un precursor importante para la producci\u00f3n de una variedad de fluoruros org\u00e1nicos e inorg\u00e1nicos. Estos fluoruros son ampliamente utilizados en la producci\u00f3n de refrigerantes, pesticidas y medicamentos.<\/p>\n<h2><span style=\"font-size: 14pt;\">Control de calidad<\/span><\/h2>\n<p>Nuestros productos implementan el sistema de gesti\u00f3n de calidad m\u00e1s estricto. Existen estrictos est\u00e1ndares de inspecci\u00f3n para los materiales entrantes, los procesos, las inspecciones finales y las inspecciones de f\u00e1brica. Se adoptar\u00e1n estrictas medidas de aislamiento para el procesamiento no calificado para evitar que los productos no calificados fluyan hacia el siguiente proceso. Las muestras se proporcionar\u00e1n a los clientes de acuerdo con los requisitos del cliente para la reinspecci\u00f3n.   <\/p>\n<h2><span style=\"font-size: 14pt;\">Embalaje y almacenamiento<\/span><\/h2>\n<p>Envasado interior al vac\u00edo, embalaje exterior de cart\u00f3n. Los gr\u00e1nulos de fluoruro de calcio deben almacenarse en un lugar seco, ventilado y fresco, y evitar mezclarse con \u00e1cidos fuertes, \u00e1lcalis fuertes y otras sustancias. Durante el transporte, se debe evitar que el embalaje se da\u00f1e y tenga fugas para evitar la contaminaci\u00f3n ambiental o lesiones personales. Adem\u00e1s, los residuos de fluoruro de calcio deben tratarse de forma inocua de acuerdo con los requisitos de protecci\u00f3n del medio ambiente para evitar la contaminaci\u00f3n del medio ambiente.<\/p>\n","protected":false},"excerpt":{"rendered":"<p>Los gr\u00e1nulos de fluoruro de calcio son el compuesto inorg\u00e1nico de los elementos calcio y fl\u00faor con la f\u00f3rmula CaF2. Es un s\u00f3lido blanco insoluble, pero soluble en \u00e1cidos fuertes y algunos \u00e1cidos org\u00e1nicos. VIMATERIAL tambi\u00e9n proporciona polvos de fluoruro de calcio y objetivos de fluoruro de calcio. Propiedades F\u00f3rmula qu\u00edmica:CaF2 Masa molar:78.075 g\u00b7mol\u22121 Aspecto:S\u00f3lido [&hellip;]<\/p>\n","protected":false},"featured_media":1004173,"comment_status":"open","ping_status":"closed","template":"","meta":{"_acf_changed":false},"product_brand":[],"product_cat":[179],"product_tag":[],"class_list":{"0":"post-1009873","1":"product","2":"type-product","3":"status-publish","4":"has-post-thumbnail","6":"product_cat-materiales-de-evaporacion","8":"first","9":"instock","10":"shipping-taxable","11":"purchasable","12":"product-type-variable"},"acf":[],"_links":{"self":[{"href":"https:\/\/vimaterial.de\/es\/wp-json\/wp\/v2\/product\/1009873","targetHints":{"allow":["GET"]}}],"collection":[{"href":"https:\/\/vimaterial.de\/es\/wp-json\/wp\/v2\/product"}],"about":[{"href":"https:\/\/vimaterial.de\/es\/wp-json\/wp\/v2\/types\/product"}],"replies":[{"embeddable":true,"href":"https:\/\/vimaterial.de\/es\/wp-json\/wp\/v2\/comments?post=1009873"}],"wp:featuredmedia":[{"embeddable":true,"href":"https:\/\/vimaterial.de\/es\/wp-json\/wp\/v2\/media\/1004173"}],"wp:attachment":[{"href":"https:\/\/vimaterial.de\/es\/wp-json\/wp\/v2\/media?parent=1009873"}],"wp:term":[{"taxonomy":"product_brand","embeddable":true,"href":"https:\/\/vimaterial.de\/es\/wp-json\/wp\/v2\/product_brand?post=1009873"},{"taxonomy":"product_cat","embeddable":true,"href":"https:\/\/vimaterial.de\/es\/wp-json\/wp\/v2\/product_cat?post=1009873"},{"taxonomy":"product_tag","embeddable":true,"href":"https:\/\/vimaterial.de\/es\/wp-json\/wp\/v2\/product_tag?post=1009873"}],"curies":[{"name":"wp","href":"https:\/\/api.w.org\/{rel}","templated":true}]}}