{"id":1009858,"date":"2024-06-17T14:17:13","date_gmt":"2024-06-17T06:17:13","guid":{"rendered":"https:\/\/vimaterial.de\/product\/titanato-de-calcio-y-cobre\/"},"modified":"2024-12-27T13:37:34","modified_gmt":"2024-12-27T05:37:34","slug":"titanato-de-calcio-y-cobre","status":"publish","type":"product","link":"https:\/\/vimaterial.de\/es\/product\/titanato-de-calcio-y-cobre\/","title":{"rendered":"Titanato de calcio y cobre"},"content":{"rendered":"<p>El polvo de titanato de cobre y calcio (CaCu3Ti4012), tambi\u00e9n conocido como CCT0, es un material de almacenamiento de energ\u00eda inorg\u00e1nica de alta constante diel\u00e9ctrica con un excelente rendimiento integral. Es ampliamente utilizado en campos de alta tecnolog\u00eda como el almacenamiento de energ\u00eda de alta densidad, dispositivos de pel\u00edcula delgada y condensadores de alto diel\u00e9ctrico. VIMATERIAL puede producir polvo CCTO de alta pureza. Si tiene alguna necesidad, p\u00f3ngase en contacto con nosotros. <\/p>\n<h2><span style=\"font-size: 14pt;\">Propiedades<\/span><\/h2>\n<p>F\u00f3rmula qu\u00edmica:CaCu3Ti4O12 Masa molar:614.1789 g\/mol Aspecto:s\u00f3lido marr\u00f3n Densidad:4.7 g\/cm3, s\u00f3lido Punto de fusi\u00f3n:1000 \u00b0C Constante diel\u00e9ctrica (\u03b5): 129805 P\u00e9rdida diel\u00e9ctrica (tg\u03b4): 0.43<\/p>\n<h2><span style=\"font-size: 14pt;\">Estructura y propiedades del titanato de calcio y cobre.<\/span><\/h2>\n<p>El titanato de calcio y cobre es un material en capas. En su estructura cristalina, los \u00e1tomos de calcio est\u00e1n en la posici\u00f3n de capa intermedia y se forman vacantes tetra\u00e9dricas entre dos capas de titanato de cobre. Esta estructura facilita el flujo de electrones e iones dentro del material, mejorando as\u00ed sus propiedades electroqu\u00edmicas. En comparaci\u00f3n con los materiales tradicionales de electrodos positivos para bater\u00edas, el titanato de calcio y cobre tiene una alta capacidad espec\u00edfica, puede almacenar m\u00e1s energ\u00eda el\u00e9ctrica y tiene un ciclo de vida prolongado. Durante el proceso c\u00edclico de carga y descarga, su estructura es relativamente estable y no es f\u00e1cil de cambiar. Adem\u00e1s, el titanato de cobre y calcio tiene un bajo costo y puede reemplazar directamente los materiales tradicionales de electrodos positivos para reducir el costo de fabricaci\u00f3n de bater\u00edas.  <\/p>\n<h2><span style=\"font-size: 14pt;\">Aplicaci\u00f3n<\/span><\/h2>\n<p>Las caracter\u00edsticas de almacenamiento de energ\u00eda electr\u00f3nica de CCTO son ampliamente utilizadas en materiales de almacenamiento de energ\u00eda de fotorregeneraci\u00f3n solar, condensadores, resistencias, c\u00e9lulas solares, bater\u00edas de nueva energ\u00eda, nuevas bater\u00edas y otras industrias; Se puede utilizar en memoria din\u00e1mica de acceso aleatorio, es decir, DRAM; Tambi\u00e9n se puede utilizar en condensadores aeroespaciales de alta gama, paneles solares, etc.<\/p>\n<h2><span style=\"font-size: 14pt;\">Control de calidad<\/span><\/h2>\n<p>Nuestros productos implementan el sistema de gesti\u00f3n de calidad m\u00e1s estricto. Existen estrictos est\u00e1ndares de inspecci\u00f3n para los materiales entrantes, los procesos, las inspecciones finales y las inspecciones de f\u00e1brica. Se adoptar\u00e1n estrictas medidas de aislamiento para el procesamiento no calificado para evitar que los productos no calificados fluyan hacia el siguiente proceso. Las muestras se proporcionar\u00e1n a los clientes de acuerdo con los requisitos del cliente para la reinspecci\u00f3n.   <\/p>\n<h2><span style=\"font-size: 14pt;\">Embalaje y almacenamiento<\/span><\/h2>\n<p>Envasado al vac\u00edo, la cantidad de empaque se puede proporcionar de acuerdo con los requisitos del cliente y empaquetarse por separado. Este producto se empaqueta en una bolsa de pl\u00e1stico llena de gas inerte y se sella en un ambiente seco y fresco. No debe exponerse al aire para evitar que la humedad se oxide y aglomere, lo que afecta el rendimiento de la dispersi\u00f3n y el efecto de uso;<\/p>\n","protected":false},"excerpt":{"rendered":"<p>El polvo de titanato de cobre y calcio (CaCu3Ti4012), tambi\u00e9n conocido como CCT0, es un material de almacenamiento de energ\u00eda inorg\u00e1nica de alta constante diel\u00e9ctrica con un excelente rendimiento integral. Es ampliamente utilizado en campos de alta tecnolog\u00eda como el almacenamiento de energ\u00eda de alta densidad, dispositivos de pel\u00edcula delgada y condensadores de alto diel\u00e9ctrico. [&hellip;]<\/p>\n","protected":false},"featured_media":1029985,"comment_status":"open","ping_status":"closed","template":"","meta":{"_acf_changed":false},"product_brand":[],"product_cat":[187],"product_tag":[],"class_list":{"0":"post-1009858","1":"product","2":"type-product","3":"status-publish","4":"has-post-thumbnail","6":"product_cat-otros-materiales","8":"first","9":"instock","10":"shipping-taxable","11":"product-type-variable"},"acf":[],"_links":{"self":[{"href":"https:\/\/vimaterial.de\/es\/wp-json\/wp\/v2\/product\/1009858","targetHints":{"allow":["GET"]}}],"collection":[{"href":"https:\/\/vimaterial.de\/es\/wp-json\/wp\/v2\/product"}],"about":[{"href":"https:\/\/vimaterial.de\/es\/wp-json\/wp\/v2\/types\/product"}],"replies":[{"embeddable":true,"href":"https:\/\/vimaterial.de\/es\/wp-json\/wp\/v2\/comments?post=1009858"}],"wp:featuredmedia":[{"embeddable":true,"href":"https:\/\/vimaterial.de\/es\/wp-json\/wp\/v2\/media\/1029985"}],"wp:attachment":[{"href":"https:\/\/vimaterial.de\/es\/wp-json\/wp\/v2\/media?parent=1009858"}],"wp:term":[{"taxonomy":"product_brand","embeddable":true,"href":"https:\/\/vimaterial.de\/es\/wp-json\/wp\/v2\/product_brand?post=1009858"},{"taxonomy":"product_cat","embeddable":true,"href":"https:\/\/vimaterial.de\/es\/wp-json\/wp\/v2\/product_cat?post=1009858"},{"taxonomy":"product_tag","embeddable":true,"href":"https:\/\/vimaterial.de\/es\/wp-json\/wp\/v2\/product_tag?post=1009858"}],"curies":[{"name":"wp","href":"https:\/\/api.w.org\/{rel}","templated":true}]}}