{"id":1009832,"date":"2024-06-17T14:05:26","date_gmt":"2024-06-17T06:05:26","guid":{"rendered":"https:\/\/vimaterial.de\/product\/aluminato-sodico\/"},"modified":"2024-11-13T10:55:44","modified_gmt":"2024-11-13T02:55:44","slug":"aluminato-sodico","status":"publish","type":"product","link":"https:\/\/vimaterial.de\/es\/product\/aluminato-sodico\/","title":{"rendered":"Aluminato de sodio"},"content":{"rendered":"<p>El aluminato de sodio es un producto qu\u00edmico inorg\u00e1nico que se utiliza como fuente eficaz de hidr\u00f3xido de aluminio para muchas aplicaciones industriales y t\u00e9cnicas. El aluminato de sodio puro (anhidro) es un s\u00f3lido cristalino blanco.<\/p>\n<h2><span style=\"font-size: 14pt;\">Propiedades f\u00edsicas:<\/span><\/h2>\n<p>F\u00f3rmula qu\u00edmica:NaAlO<sub>2<\/sub><\/p>\n<p>Masa molar:81,97 g\/mol<\/p>\n<p>Aspecto: polvo blanco (a veces de color amarillento claro)<\/p>\n<p>Higrosc\u00f3pico\/ Cuando se disuelve en agua, se forma una soluci\u00f3n negra coloidal<\/p>\n<p>Olor: inodoro<\/p>\n<p>Densidad:1,5 g\/cm3<\/p>\n<p>Punto de fusi\u00f3n: 1.650 \u00b0C (3.000 \u00b0F; 1.920 K)<\/p>\n<p>Solubilidad en agua: altamente soluble<\/p>\n<p>Solubilidad:Insoluble en alcohol<\/p>\n<p>\u00cdndice de refracci\u00f3n (nD):1.566<\/p>\n<h2><span style=\"font-size: 14pt;\">Aplicaciones:<\/span><\/h2>\n<p>Tratamiento de agua: El aluminato de sodio se usa ampliamente como coagulante y floculante en los procesos de tratamiento de agua. Cuando se agrega al agua, forma hidr\u00f3xido de aluminio, que se une a las impurezas y ayuda a eliminarlas. Fabricaci\u00f3n de papel: En la industria del papel, el NaAlO\u2082 se utiliza para mejorar la resistencia del papel, aumentar la opacidad y controlar el pH. Su uso tambi\u00e9n ayuda a reducir la cantidad de colofonia necesaria. Textiles y telas: El NaAlO<sub>2<\/sub> se utiliza como mordiente en la industria textil, que ayuda a fijar los tintes a las telas, mejorando la solidez del color y el brillo. Construcci\u00f3n y cemento: En la fabricaci\u00f3n de cemento, el aluminato de sodio se utiliza como acelerador, acelerando el proceso de endurecimiento. Es particularmente \u00fatil en condiciones donde se requiere un fraguado r\u00e1pido, como el clima fr\u00edo. Producci\u00f3n de al\u00famina: El NaAlO\u2082 se utiliza a veces como intermediario en la producci\u00f3n de al\u00famina (Al\u2082O\u2083), especialmente en el procesamiento de Bayer. <\/p>\n<h2><span style=\"font-size: 14pt;\">Consideraciones de seguridad:<\/span><\/h2>\n<p>Toxicidad: El aluminato de sodio es c\u00e1ustico y debe manipularse con cuidado. Puede causar irritaci\u00f3n de la piel y los ojos al contacto, y la inhalaci\u00f3n de su polvo puede irritar las v\u00edas respiratorias. Manipulaci\u00f3n y almacenamiento: El NaAlO<sub>2<\/sub> debe almacenarse en un lugar fresco y seco y mantenerse alejado de la humedad y los \u00e1cidos. Se debe utilizar equipo de protecci\u00f3n personal (EPP) como guantes y gafas de seguridad cuando se manipule. <\/p>\n","protected":false},"excerpt":{"rendered":"<p>El aluminato de sodio es un producto qu\u00edmico inorg\u00e1nico que se utiliza como fuente eficaz de hidr\u00f3xido de aluminio para muchas aplicaciones industriales y t\u00e9cnicas. El aluminato de sodio puro (anhidro) es un s\u00f3lido cristalino blanco. Propiedades f\u00edsicas: F\u00f3rmula qu\u00edmica:NaAlO2 Masa molar:81,97 g\/mol Aspecto: polvo blanco (a veces de color amarillento claro) Higrosc\u00f3pico\/ Cuando se [&hellip;]<\/p>\n","protected":false},"featured_media":999285,"comment_status":"open","ping_status":"closed","template":"","meta":{"_acf_changed":false},"product_brand":[],"product_cat":[187],"product_tag":[],"class_list":{"0":"post-1009832","1":"product","2":"type-product","3":"status-publish","4":"has-post-thumbnail","6":"product_cat-otros-materiales","8":"first","9":"instock","10":"shipping-taxable","11":"product-type-variable"},"acf":[],"_links":{"self":[{"href":"https:\/\/vimaterial.de\/es\/wp-json\/wp\/v2\/product\/1009832","targetHints":{"allow":["GET"]}}],"collection":[{"href":"https:\/\/vimaterial.de\/es\/wp-json\/wp\/v2\/product"}],"about":[{"href":"https:\/\/vimaterial.de\/es\/wp-json\/wp\/v2\/types\/product"}],"replies":[{"embeddable":true,"href":"https:\/\/vimaterial.de\/es\/wp-json\/wp\/v2\/comments?post=1009832"}],"wp:featuredmedia":[{"embeddable":true,"href":"https:\/\/vimaterial.de\/es\/wp-json\/wp\/v2\/media\/999285"}],"wp:attachment":[{"href":"https:\/\/vimaterial.de\/es\/wp-json\/wp\/v2\/media?parent=1009832"}],"wp:term":[{"taxonomy":"product_brand","embeddable":true,"href":"https:\/\/vimaterial.de\/es\/wp-json\/wp\/v2\/product_brand?post=1009832"},{"taxonomy":"product_cat","embeddable":true,"href":"https:\/\/vimaterial.de\/es\/wp-json\/wp\/v2\/product_cat?post=1009832"},{"taxonomy":"product_tag","embeddable":true,"href":"https:\/\/vimaterial.de\/es\/wp-json\/wp\/v2\/product_tag?post=1009832"}],"curies":[{"name":"wp","href":"https:\/\/api.w.org\/{rel}","templated":true}]}}