{"id":1009814,"date":"2024-06-17T14:05:26","date_gmt":"2024-06-17T06:05:26","guid":{"rendered":"https:\/\/vimaterial.de\/product\/bromuro-de-sodio\/"},"modified":"2024-11-12T18:02:43","modified_gmt":"2024-11-12T10:02:43","slug":"bromuro-de-sodio","status":"publish","type":"product","link":"https:\/\/vimaterial.de\/es\/product\/bromuro-de-sodio\/","title":{"rendered":"Bromuro de sodio"},"content":{"rendered":"<p>El bromuro de sodio es un compuesto inorg\u00e1nico con la f\u00f3rmula NaBr. Es un s\u00f3lido cristalino blanco de alto punto de fusi\u00f3n que se asemeja al cloruro de sodio.<\/p>\n<h2><span style=\"font-size: 14pt;\">Propiedades f\u00edsicas:<\/span><\/h2>\n<p>F\u00f3rmula qu\u00edmica:NaBr<\/p>\n<p>Masa molar:102.894 g\u00b7mol\u22121<\/p>\n<p>Aspecto:Polvo blanco, higrosc\u00f3pico<\/p>\n<p>Densidad: 3,21 g\/cm3 (anhidro)\/2,18 g\/cm3 (dihidrato) Punto de fusi\u00f3n:747 \u00b0C (1.377 \u00b0F; 1.020 K) (anhidro)\/36 \u00b0C (97 \u00b0F; 309 K) (dihidrato) se descompone<\/p>\n<p>Punto de ebullici\u00f3n:1.390 \u00b0C (2.530 \u00b0F; 1.660 K)<\/p>\n<p>Solubilidad en agua:71,35 g\/100 mL (-20 \u00b0C)\/79,52 g\/100 mL (0 \u00b0C)\/94,32 g\/100 mL (25 \u00b0C)\/104,9 g\/100 mL (40 \u00b0C)\/116,2 g\/100 mL (100 \u00b0C)<\/p>\n<p>Estructura cristalina:C\u00fabica<\/p>\n<h2><span style=\"font-size: 14pt;\">Aplicaciones:<\/span><\/h2>\n<p>Productos farmac\u00e9uticos: El bromuro de sodio se ha utilizado hist\u00f3ricamente como sedante y anticonvulsivo en medicina, aunque en gran medida ha sido reemplazado por otros medicamentos en la actualidad. Alguna vez se us\u00f3 en el tratamiento de la epilepsia y los trastornos de ansiedad. Fotograf\u00eda: El bromuro de sodio se utiliza en procesos fotogr\u00e1ficos, particularmente en la preparaci\u00f3n de emulsiones fotogr\u00e1ficas. Reacciona con el nitrato de plata para formar bromuro de plata, que es sensible a la luz y crucial para el revelado de pel\u00edculas tradicionales. Tratamiento del agua: El bromuro de sodio se utiliza en el tratamiento del agua, particularmente en el agua de las torres de enfriamiento y las piscinas, donde puede actuar como desinfectante o biocida. Puede ayudar a controlar el crecimiento de algas y bacterias. Aplicaciones industriales: El bromuro de sodio se utiliza en la preparaci\u00f3n de otros compuestos de bromo, como el bromuro de hidr\u00f3geno (HBr) y los retardantes de llama bromados. Tambi\u00e9n tiene usos en la industria del petr\u00f3leo y el gas, donde se utiliza en fluidos de perforaci\u00f3n. S\u00edntesis qu\u00edmica: El bromuro de sodio sirve como fuente de bromo en diversas s\u00edntesis qu\u00edmicas, como la producci\u00f3n de compuestos bromados utilizados en las industrias farmac\u00e9utica y agroqu\u00edmica. <\/p>\n<h2><span style=\"font-size: 14pt;\">Consideraciones de seguridad:<\/span><\/h2>\n<p>Toxicidad: El bromuro de sodio tiene una toxicidad relativamente baja, pero como la mayor\u00eda de los compuestos de bromuro, puede ser perjudicial si se ingiere en grandes cantidades. La ingesti\u00f3n o inhalaci\u00f3n de grandes cantidades puede causar problemas respiratorios o malestar gastrointestinal. La inhalaci\u00f3n del polvo puede causar irritaci\u00f3n en las v\u00edas respiratorias y los ojos. Manipulaci\u00f3n y almacenamiento: El bromuro de sodio debe manipularse con cuidado, especialmente en forma de polvo, para evitar la inhalaci\u00f3n de polvo. Debe almacenarse en un lugar fresco y seco, lejos de agentes oxidantes fuertes, \u00e1cidos y humedad para evitar la degradaci\u00f3n o reacciones no deseadas.  <\/p>\n","protected":false},"excerpt":{"rendered":"<p>El bromuro de sodio es un compuesto inorg\u00e1nico con la f\u00f3rmula NaBr. Es un s\u00f3lido cristalino blanco de alto punto de fusi\u00f3n que se asemeja al cloruro de sodio. Propiedades f\u00edsicas: F\u00f3rmula qu\u00edmica:NaBr Masa molar:102.894 g\u00b7mol\u22121 Aspecto:Polvo blanco, higrosc\u00f3pico Densidad: 3,21 g\/cm3 (anhidro)\/2,18 g\/cm3 (dihidrato) Punto de fusi\u00f3n:747 \u00b0C (1.377 \u00b0F; 1.020 K) (anhidro)\/36 \u00b0C [&hellip;]<\/p>\n","protected":false},"featured_media":1039933,"comment_status":"open","ping_status":"closed","template":"","meta":{"_acf_changed":false},"product_brand":[],"product_cat":[182],"product_tag":[],"class_list":{"0":"post-1009814","1":"product","2":"type-product","3":"status-publish","4":"has-post-thumbnail","6":"product_cat-materiales-halogenados","8":"first","9":"instock","10":"shipping-taxable","11":"product-type-variable"},"acf":[],"_links":{"self":[{"href":"https:\/\/vimaterial.de\/es\/wp-json\/wp\/v2\/product\/1009814","targetHints":{"allow":["GET"]}}],"collection":[{"href":"https:\/\/vimaterial.de\/es\/wp-json\/wp\/v2\/product"}],"about":[{"href":"https:\/\/vimaterial.de\/es\/wp-json\/wp\/v2\/types\/product"}],"replies":[{"embeddable":true,"href":"https:\/\/vimaterial.de\/es\/wp-json\/wp\/v2\/comments?post=1009814"}],"wp:featuredmedia":[{"embeddable":true,"href":"https:\/\/vimaterial.de\/es\/wp-json\/wp\/v2\/media\/1039933"}],"wp:attachment":[{"href":"https:\/\/vimaterial.de\/es\/wp-json\/wp\/v2\/media?parent=1009814"}],"wp:term":[{"taxonomy":"product_brand","embeddable":true,"href":"https:\/\/vimaterial.de\/es\/wp-json\/wp\/v2\/product_brand?post=1009814"},{"taxonomy":"product_cat","embeddable":true,"href":"https:\/\/vimaterial.de\/es\/wp-json\/wp\/v2\/product_cat?post=1009814"},{"taxonomy":"product_tag","embeddable":true,"href":"https:\/\/vimaterial.de\/es\/wp-json\/wp\/v2\/product_tag?post=1009814"}],"curies":[{"name":"wp","href":"https:\/\/api.w.org\/{rel}","templated":true}]}}