{"id":1009794,"date":"2024-06-17T14:05:26","date_gmt":"2024-06-17T06:05:26","guid":{"rendered":"https:\/\/vimaterial.de\/product\/cloruro-sodico\/"},"modified":"2024-11-12T17:50:57","modified_gmt":"2024-11-12T09:50:57","slug":"cloruro-sodico","status":"publish","type":"product","link":"https:\/\/vimaterial.de\/es\/product\/cloruro-sodico\/","title":{"rendered":"Cloruro de sodio"},"content":{"rendered":"<p>El cloruro de sodio, com\u00fanmente conocido como sal (aunque la sal marina tambi\u00e9n contiene otras sales qu\u00edmicas), es un compuesto i\u00f3nico con la f\u00f3rmula qu\u00edmica NaCl.<\/p>\n<h2><span style=\"font-size: 14pt;\">Propiedades f\u00edsicas:<\/span><\/h2>\n<p>F\u00f3rmula qu\u00edmica:NaCl<\/p>\n<p>Masa molar:58.443 g\/mol<\/p>\n<p>Aspecto:Cristales c\u00fabicos incoloros<\/p>\n<p>Olor:Inodoro<\/p>\n<p>Densidad:2,17 g\/cm3<\/p>\n<p>Punto de fusi\u00f3n: 800,7 \u00b0C (1.473,3 \u00b0F; 1.073,8 K)<\/p>\n<p>Punto de ebullici\u00f3n: 1.465 \u00b0C (2.669 \u00b0F; 1.738 K)<\/p>\n<p>Solubilidad en agua:360 g\/L<\/p>\n<p>Solubilidad en amon\u00edaco:21,5 g\/L<\/p>\n<p>Solubilidad en metanol:14,9 g\/L<\/p>\n<h2><span style=\"font-size: 14pt;\">Aplicaciones:<\/span><\/h2>\n<p>Industria alimentaria: El cloruro de sodio es ampliamente utilizado como condimento y conservante en los alimentos. Realza el sabor y ayuda a conservar los alimentos al extraer la humedad y prevenir el crecimiento microbiano. Tambi\u00e9n es esencial en la dieta humana para el correcto funcionamiento de los nervios y los m\u00fasculos. Deshielo: El cloruro de sodio se usa com\u00fanmente para derretir hielo en carreteras, autopistas y pasarelas durante los meses de invierno, brindando seguridad al mejorar la tracci\u00f3n y reducir los accidentes. Tratamiento de agua: En el tratamiento de agua, el cloruro de sodio se utiliza en los procesos de ablandamiento del agua. Ayuda a eliminar minerales como el calcio y el magnesio del agua dura al reemplazarlos con iones de sodio, lo que hace que el agua sea m\u00e1s adecuada para su uso en electrodom\u00e9sticos. Industria qu\u00edmica: El NaCl es una materia prima importante en la producci\u00f3n de productos qu\u00edmicos como el cloro, el hidr\u00f3xido de sodio y el cloruro de hidr\u00f3geno. Estos productos qu\u00edmicos se utilizan en la fabricaci\u00f3n de pl\u00e1sticos, desinfectantes y otros productos industriales. Productos farmac\u00e9uticos: El cloruro de sodio se utiliza en soluciones m\u00e9dicas para administraci\u00f3n intravenosa, irrigaci\u00f3n salina y como base en preparaciones m\u00e9dicas. Fabricaci\u00f3n: En el sector manufacturero, el cloruro de sodio se utiliza en procesos como el enchapado de metales, en la producci\u00f3n de vidrio y como fundente en ciertos tipos de soldadura.  <\/p>\n<h2><span style=\"font-size: 14pt;\">Consideraciones de seguridad:<\/span><\/h2>\n<p>Toxicidad: El cloruro de sodio generalmente se considera seguro para el consumo en cantidades moderadas. Sin embargo, la ingesta excesiva de sal puede provocar problemas de salud como presi\u00f3n arterial alta (hipertensi\u00f3n) y un mayor riesgo de enfermedades cardiovasculares. Es importante seguir las pautas diet\u00e9ticas recomendadas con respecto a la ingesta de sal. Manejo: El cloruro de sodio no es t\u00f3xico y no presenta riesgos significativos para la salud en el manejo normal. Debe almacenarse en un lugar seco, ya que la humedad puede hacer que se agrupe o se disuelva.  <\/p>\n","protected":false},"excerpt":{"rendered":"<p>El cloruro de sodio, com\u00fanmente conocido como sal (aunque la sal marina tambi\u00e9n contiene otras sales qu\u00edmicas), es un compuesto i\u00f3nico con la f\u00f3rmula qu\u00edmica NaCl. Propiedades f\u00edsicas: F\u00f3rmula qu\u00edmica:NaCl Masa molar:58.443 g\/mol Aspecto:Cristales c\u00fabicos incoloros Olor:Inodoro Densidad:2,17 g\/cm3 Punto de fusi\u00f3n: 800,7 \u00b0C (1.473,3 \u00b0F; 1.073,8 K) Punto de ebullici\u00f3n: 1.465 \u00b0C (2.669 \u00b0F; [&hellip;]<\/p>\n","protected":false},"featured_media":1039926,"comment_status":"open","ping_status":"closed","template":"","meta":{"_acf_changed":false},"product_brand":[],"product_cat":[182],"product_tag":[],"class_list":{"0":"post-1009794","1":"product","2":"type-product","3":"status-publish","4":"has-post-thumbnail","6":"product_cat-materiales-halogenados","8":"first","9":"instock","10":"shipping-taxable","11":"purchasable","12":"product-type-variable"},"acf":[],"_links":{"self":[{"href":"https:\/\/vimaterial.de\/es\/wp-json\/wp\/v2\/product\/1009794","targetHints":{"allow":["GET"]}}],"collection":[{"href":"https:\/\/vimaterial.de\/es\/wp-json\/wp\/v2\/product"}],"about":[{"href":"https:\/\/vimaterial.de\/es\/wp-json\/wp\/v2\/types\/product"}],"replies":[{"embeddable":true,"href":"https:\/\/vimaterial.de\/es\/wp-json\/wp\/v2\/comments?post=1009794"}],"wp:featuredmedia":[{"embeddable":true,"href":"https:\/\/vimaterial.de\/es\/wp-json\/wp\/v2\/media\/1039926"}],"wp:attachment":[{"href":"https:\/\/vimaterial.de\/es\/wp-json\/wp\/v2\/media?parent=1009794"}],"wp:term":[{"taxonomy":"product_brand","embeddable":true,"href":"https:\/\/vimaterial.de\/es\/wp-json\/wp\/v2\/product_brand?post=1009794"},{"taxonomy":"product_cat","embeddable":true,"href":"https:\/\/vimaterial.de\/es\/wp-json\/wp\/v2\/product_cat?post=1009794"},{"taxonomy":"product_tag","embeddable":true,"href":"https:\/\/vimaterial.de\/es\/wp-json\/wp\/v2\/product_tag?post=1009794"}],"curies":[{"name":"wp","href":"https:\/\/api.w.org\/{rel}","templated":true}]}}