{"id":1009776,"date":"2024-06-17T14:05:27","date_gmt":"2024-06-17T06:05:27","guid":{"rendered":"https:\/\/vimaterial.de\/product\/fluoruro-sodico\/"},"modified":"2024-11-13T11:03:21","modified_gmt":"2024-11-13T03:03:21","slug":"fluoruro-sodico","status":"publish","type":"product","link":"https:\/\/vimaterial.de\/es\/product\/fluoruro-sodico\/","title":{"rendered":"Fluoruro de sodio"},"content":{"rendered":"<p>El fluoruro de sodio (NaF) es un compuesto inorg\u00e1nico con la f\u00f3rmula NaF. Es un s\u00f3lido incoloro o blanco que es f\u00e1cilmente soluble en agua. Es una fuente com\u00fan de fl\u00faor en la producci\u00f3n de productos farmac\u00e9uticos y se utiliza para prevenir las caries dentales.<\/p>\n<h2><span style=\"font-size: 14pt;\">Propiedades f\u00edsicas:<\/span><\/h2>\n<p>F\u00f3rmula qu\u00edmica: NaF<\/p>\n<p>Masa molar:41.988173 g\/mol<\/p>\n<p>Aspecto:S\u00f3lido de color blanco a verdoso<\/p>\n<p>Olor: inodoro<\/p>\n<p>Densidad:2.558 g\/cm3<\/p>\n<p>Punto de fusi\u00f3n: 993 \u00b0C (1.819 \u00b0F; 1.266 K)<\/p>\n<p>Punto de ebullici\u00f3n: 1.704 \u00b0C (3.099 \u00b0F; 1.977 K)<\/p>\n<p>Solubilidad en agua:36,4 g\/L (0 \u00b0C);\/40,4 g\/L (20 \u00b0C);\/50,5 g\/L (100 \u00b0C)<\/p>\n<p>Solubilidad: ligeramente soluble en HF, amon\u00edaco insignificante en alcohol, acetona, SO2, dimetilformamida<\/p>\n<h2><span style=\"font-size: 14pt;\">Aplicaciones:<\/span><\/h2>\n<p>Salud dental: El fluoruro de sodio es bien conocido por su papel en los productos dentales, como la pasta de dientes y los enjuagues bucales, debido a su capacidad para ayudar a reducir la caries dental y fortalecer el esmalte. Tambi\u00e9n se utiliza en programas de fluoraci\u00f3n del agua para prevenir caries a nivel comunitario. Tratamiento del agua: Adem\u00e1s de la fluoraci\u00f3n, el fluoruro de sodio se usa a veces para eliminar ciertos metales del agua, ya que puede unirse a los iones met\u00e1licos. Fabricaci\u00f3n qu\u00edmica: El fluoruro de sodio se utiliza en la s\u00edntesis de otros compuestos de fluoruro y en los procesos de grabado y pulido qu\u00edmico, especialmente para vidrio y cer\u00e1mica. Metalurgia: Sirve como fundente en la producci\u00f3n de aluminio y otros metales, reduciendo los puntos de fusi\u00f3n y mejorando el flujo del metal fundido. Pesticidas e insecticidas: El NaF se utiliza en ciertos productos de control de plagas, ya que los iones de fluoruro son t\u00f3xicos para los insectos y otras plagas. Conservaci\u00f3n de la madera: El fluoruro de sodio se puede utilizar como conservante de la madera, ayudando a proteger contra la descomposici\u00f3n y la infestaci\u00f3n de plagas. <\/p>\n<h2><span style=\"font-size: 14pt;\">Consideraciones de seguridad:<\/span><\/h2>\n<p>Toxicidad: El fluoruro de sodio es t\u00f3xico en grandes cantidades. Si bien es seguro en niveles bajos, como en productos dentales o agua potable, las concentraciones m\u00e1s altas pueden ser da\u00f1inas si se ingieren, causando s\u00edntomas como n\u00e1useas, dolor abdominal y, en casos graves, incluso efectos neurol\u00f3gicos. Manipulaci\u00f3n y almacenamiento: El fluoruro de sodio debe manipularse con cuidado, evitando la inhalaci\u00f3n de polvo o la ingesti\u00f3n. Se recomienda el uso de equipo de protecci\u00f3n personal (EPP), que debe almacenarse en un lugar fresco y seco, lejos de los \u00e1cidos. <\/p>\n","protected":false},"excerpt":{"rendered":"<p>El fluoruro de sodio (NaF) es un compuesto inorg\u00e1nico con la f\u00f3rmula NaF. Es un s\u00f3lido incoloro o blanco que es f\u00e1cilmente soluble en agua. Es una fuente com\u00fan de fl\u00faor en la producci\u00f3n de productos farmac\u00e9uticos y se utiliza para prevenir las caries dentales. Propiedades f\u00edsicas: F\u00f3rmula qu\u00edmica: NaF Masa molar:41.988173 g\/mol Aspecto:S\u00f3lido de [&hellip;]<\/p>\n","protected":false},"featured_media":999299,"comment_status":"open","ping_status":"closed","template":"","meta":{"_acf_changed":false},"product_brand":[],"product_cat":[182],"product_tag":[],"class_list":{"0":"post-1009776","1":"product","2":"type-product","3":"status-publish","4":"has-post-thumbnail","6":"product_cat-materiales-halogenados","8":"first","9":"instock","10":"shipping-taxable","11":"purchasable","12":"product-type-variable"},"acf":[],"_links":{"self":[{"href":"https:\/\/vimaterial.de\/es\/wp-json\/wp\/v2\/product\/1009776","targetHints":{"allow":["GET"]}}],"collection":[{"href":"https:\/\/vimaterial.de\/es\/wp-json\/wp\/v2\/product"}],"about":[{"href":"https:\/\/vimaterial.de\/es\/wp-json\/wp\/v2\/types\/product"}],"replies":[{"embeddable":true,"href":"https:\/\/vimaterial.de\/es\/wp-json\/wp\/v2\/comments?post=1009776"}],"wp:featuredmedia":[{"embeddable":true,"href":"https:\/\/vimaterial.de\/es\/wp-json\/wp\/v2\/media\/999299"}],"wp:attachment":[{"href":"https:\/\/vimaterial.de\/es\/wp-json\/wp\/v2\/media?parent=1009776"}],"wp:term":[{"taxonomy":"product_brand","embeddable":true,"href":"https:\/\/vimaterial.de\/es\/wp-json\/wp\/v2\/product_brand?post=1009776"},{"taxonomy":"product_cat","embeddable":true,"href":"https:\/\/vimaterial.de\/es\/wp-json\/wp\/v2\/product_cat?post=1009776"},{"taxonomy":"product_tag","embeddable":true,"href":"https:\/\/vimaterial.de\/es\/wp-json\/wp\/v2\/product_tag?post=1009776"}],"curies":[{"name":"wp","href":"https:\/\/api.w.org\/{rel}","templated":true}]}}