{"id":1009736,"date":"2024-06-17T14:05:36","date_gmt":"2024-06-17T06:05:36","guid":{"rendered":"https:\/\/vimaterial.de\/product\/magnesio-metalico-5\/"},"modified":"2024-11-13T14:51:10","modified_gmt":"2024-11-13T06:51:10","slug":"magnesio-metalico-5","status":"publish","type":"product","link":"https:\/\/vimaterial.de\/es\/product\/magnesio-metalico-5\/","title":{"rendered":"Magnesio met\u00e1lico"},"content":{"rendered":"<p>Los gr\u00e1nulos de magnesio son part\u00edculas peque\u00f1as de magnesio met\u00e1lico de forma irregular, que se utilizan a menudo por su alta reactividad y propiedades ligeras. Estos gr\u00e1nulos encuentran aplicaciones en reacciones qu\u00edmicas, pirotecnia, metalurgia e investigaci\u00f3n, donde las velocidades de reacci\u00f3n controladas y el \u00e1rea de superficie son esenciales. <\/p>\n<h2><span style=\"font-size: 14pt;\">Propiedades f\u00edsicas:<\/span><\/h2>\n<p>F\u00f3rmula: Mg N\u00famero at\u00f3mico: 12 Apariencia: Los gr\u00e1nulos de magnesio aparecen como part\u00edculas met\u00e1licas brillantes con un color gris plateado. Tama\u00f1o: Por lo general, est\u00e1 disponible en tama\u00f1os que van desde granos finos (micras) hasta gr\u00e1nulos m\u00e1s grandes, seg\u00fan la aplicaci\u00f3n. Densidad: Alrededor de 1,74 g\/cm\u00b3, lo que convierte al magnesio en uno de los materiales met\u00e1licos m\u00e1s ligeros. Punto de fusi\u00f3n: Aproximadamente 650 \u00b0C (1,202 \u00b0F), lo que le permite fundirse con relativa facilidad en comparaci\u00f3n con otros metales.<\/p>\n<h2><span style=\"font-size: 14pt;\">Aplicaciones:<\/span><\/h2>\n<p>Pirotecnia y fuegos artificiales: Los gr\u00e1nulos de magnesio se utilizan para producir chispas blancas brillantes e intensas en fuegos artificiales y bengalas. Reacciones qu\u00edmicas: En los laboratorios, se utilizan com\u00fanmente como agente reductor en las reacciones, donde donan electrones a otros elementos o compuestos. Metalurgia: Los gr\u00e1nulos de magnesio se utilizan para eliminar las impurezas de azufre del hierro fundido y el acero y para mejorar las propiedades de las aleaciones de aluminio. Producci\u00f3n de hidr\u00f3geno: La reacci\u00f3n del magnesio con el agua, particularmente en condiciones \u00e1cidas o calientes, puede producir gas hidr\u00f3geno, \u00fatil en la investigaci\u00f3n y la producci\u00f3n qu\u00edmica.<\/p>\n<h2><span style=\"font-size: 14pt;\">Seguridad y almacenamiento:<\/span><\/h2>\n<p>Inflamable: Los gr\u00e1nulos de magnesio pueden inflamarse f\u00e1cilmente, especialmente en forma de part\u00edculas finas. Deben mantenerse alejados de fuentes de calor, llamas y chispas. Almacenamiento: Almacene en recipientes herm\u00e9ticos en un lugar fresco y seco, lejos de oxidantes y humedad, que pueden inducir corrosi\u00f3n o encender el material. Precauciones de manipulaci\u00f3n: Utilice equipo de protecci\u00f3n para evitar el contacto con la piel y evite inhalar el polvo generado por la manipulaci\u00f3n, ya que las part\u00edculas finas de magnesio pueden ser peligrosas. <\/p>\n","protected":false},"excerpt":{"rendered":"<p>Los gr\u00e1nulos de magnesio son part\u00edculas peque\u00f1as de magnesio met\u00e1lico de forma irregular, que se utilizan a menudo por su alta reactividad y propiedades ligeras. Estos gr\u00e1nulos encuentran aplicaciones en reacciones qu\u00edmicas, pirotecnia, metalurgia e investigaci\u00f3n, donde las velocidades de reacci\u00f3n controladas y el \u00e1rea de superficie son esenciales. Propiedades f\u00edsicas: F\u00f3rmula: Mg N\u00famero at\u00f3mico: [&hellip;]<\/p>\n","protected":false},"featured_media":999331,"comment_status":"open","ping_status":"closed","template":"","meta":{"_acf_changed":false},"product_brand":[],"product_cat":[179],"product_tag":[],"class_list":{"0":"post-1009736","1":"product","2":"type-product","3":"status-publish","4":"has-post-thumbnail","6":"product_cat-materiales-de-evaporacion","8":"first","9":"instock","10":"shipping-taxable","11":"purchasable","12":"product-type-variable"},"acf":[],"_links":{"self":[{"href":"https:\/\/vimaterial.de\/es\/wp-json\/wp\/v2\/product\/1009736","targetHints":{"allow":["GET"]}}],"collection":[{"href":"https:\/\/vimaterial.de\/es\/wp-json\/wp\/v2\/product"}],"about":[{"href":"https:\/\/vimaterial.de\/es\/wp-json\/wp\/v2\/types\/product"}],"replies":[{"embeddable":true,"href":"https:\/\/vimaterial.de\/es\/wp-json\/wp\/v2\/comments?post=1009736"}],"wp:featuredmedia":[{"embeddable":true,"href":"https:\/\/vimaterial.de\/es\/wp-json\/wp\/v2\/media\/999331"}],"wp:attachment":[{"href":"https:\/\/vimaterial.de\/es\/wp-json\/wp\/v2\/media?parent=1009736"}],"wp:term":[{"taxonomy":"product_brand","embeddable":true,"href":"https:\/\/vimaterial.de\/es\/wp-json\/wp\/v2\/product_brand?post=1009736"},{"taxonomy":"product_cat","embeddable":true,"href":"https:\/\/vimaterial.de\/es\/wp-json\/wp\/v2\/product_cat?post=1009736"},{"taxonomy":"product_tag","embeddable":true,"href":"https:\/\/vimaterial.de\/es\/wp-json\/wp\/v2\/product_tag?post=1009736"}],"curies":[{"name":"wp","href":"https:\/\/api.w.org\/{rel}","templated":true}]}}