{"id":1009730,"date":"2024-06-17T14:05:36","date_gmt":"2024-06-17T06:05:36","guid":{"rendered":"https:\/\/vimaterial.de\/product\/magnesio-metalico-4\/"},"modified":"2024-11-13T14:55:55","modified_gmt":"2024-11-13T06:55:55","slug":"magnesio-metalico-4","status":"publish","type":"product","link":"https:\/\/vimaterial.de\/es\/product\/magnesio-metalico-4\/","title":{"rendered":"Magnesio met\u00e1lico"},"content":{"rendered":"<p>Los pellets de magnesio son formas compactas, cil\u00edndricas o redondas de magnesio met\u00e1lico, dise\u00f1adas para proporcionar una cantidad controlada de magnesio en diversas aplicaciones. Estos pellets se usan com\u00fanmente en procesos metal\u00fargicos, qu\u00edmicos e industriales debido a su tama\u00f1o y forma uniformes, que ofrecen un manejo conveniente y velocidades de reacci\u00f3n consistentes. <\/p>\n<h2><span style=\"font-size: 14pt;\">Propiedades f\u00edsicas:<\/span><\/h2>\n<p>F\u00f3rmula: Mg N\u00famero at\u00f3mico: 12 Aspecto: Los gr\u00e1nulos de magnesio son met\u00e1licos, con un color gris plateado brillante. Tama\u00f1o y forma: Por lo general, se forman en cilindros o esferas peque\u00f1as y uniformes, que son m\u00e1s f\u00e1ciles de manejar y medir en comparaci\u00f3n con los gr\u00e1nulos o polvo irregulares. Densidad: Aproximadamente 1,74 g\/cm\u00b3, lo que convierte al magnesio en uno de los metales m\u00e1s ligeros. Punto de fusi\u00f3n: alrededor de 650 \u00b0C (1,202 \u00b0F), lo que permite una fusi\u00f3n controlada en procesos metal\u00fargicos.<\/p>\n<h2><span style=\"font-size: 14pt;\">Aplicaciones:<\/span><\/h2>\n<p>Metalurgia: Los gr\u00e1nulos de magnesio a menudo se agregan al hierro fundido o al acero para eliminar el azufre y otras impurezas, mejorando la calidad de la aleaci\u00f3n final. Agente de aleaci\u00f3n: Se utiliza en la producci\u00f3n de aleaciones ligeras de aluminio y magnesio, que son esenciales en las industrias aeroespacial y automotriz. Reacciones qu\u00edmicas: En entornos industriales y de laboratorio, los gr\u00e1nulos de magnesio sirven como una forma conveniente de magnesio para diversas reacciones, incluidas las que generan hidr\u00f3geno. Protecci\u00f3n cat\u00f3dica: Los gr\u00e1nulos de magnesio pueden actuar como \u00e1nodo de sacrificio en sistemas de protecci\u00f3n contra la corrosi\u00f3n, particularmente en calentadores de agua y tuber\u00edas.<\/p>\n<h2><span style=\"font-size: 14pt;\">Seguridad y almacenamiento:<\/span><\/h2>\n<p>Inflamable: Los pellets de magnesio son inflamables, especialmente a altas temperaturas. Mant\u00e9ngalos alejados de las llamas y fuentes de calor. Almacenamiento: Almacene en un recipiente fresco, seco y herm\u00e9tico para evitar la oxidaci\u00f3n y la exposici\u00f3n a la humedad. Precauciones de manipulaci\u00f3n: Use guantes para evitar el contacto directo con la piel, ya que los aceites y la humedad pueden promover la oxidaci\u00f3n. En entornos industriales, use equipo de seguridad para manejar grandes cantidades de manera segura. <\/p>\n","protected":false},"excerpt":{"rendered":"<p>Los pellets de magnesio son formas compactas, cil\u00edndricas o redondas de magnesio met\u00e1lico, dise\u00f1adas para proporcionar una cantidad controlada de magnesio en diversas aplicaciones. Estos pellets se usan com\u00fanmente en procesos metal\u00fargicos, qu\u00edmicos e industriales debido a su tama\u00f1o y forma uniformes, que ofrecen un manejo conveniente y velocidades de reacci\u00f3n consistentes. Propiedades f\u00edsicas: F\u00f3rmula: [&hellip;]<\/p>\n","protected":false},"featured_media":999331,"comment_status":"open","ping_status":"closed","template":"","meta":{"_acf_changed":false},"product_brand":[],"product_cat":[179],"product_tag":[],"class_list":{"0":"post-1009730","1":"product","2":"type-product","3":"status-publish","4":"has-post-thumbnail","6":"product_cat-materiales-de-evaporacion","8":"first","9":"instock","10":"shipping-taxable","11":"purchasable","12":"product-type-variable"},"acf":[],"_links":{"self":[{"href":"https:\/\/vimaterial.de\/es\/wp-json\/wp\/v2\/product\/1009730","targetHints":{"allow":["GET"]}}],"collection":[{"href":"https:\/\/vimaterial.de\/es\/wp-json\/wp\/v2\/product"}],"about":[{"href":"https:\/\/vimaterial.de\/es\/wp-json\/wp\/v2\/types\/product"}],"replies":[{"embeddable":true,"href":"https:\/\/vimaterial.de\/es\/wp-json\/wp\/v2\/comments?post=1009730"}],"wp:featuredmedia":[{"embeddable":true,"href":"https:\/\/vimaterial.de\/es\/wp-json\/wp\/v2\/media\/999331"}],"wp:attachment":[{"href":"https:\/\/vimaterial.de\/es\/wp-json\/wp\/v2\/media?parent=1009730"}],"wp:term":[{"taxonomy":"product_brand","embeddable":true,"href":"https:\/\/vimaterial.de\/es\/wp-json\/wp\/v2\/product_brand?post=1009730"},{"taxonomy":"product_cat","embeddable":true,"href":"https:\/\/vimaterial.de\/es\/wp-json\/wp\/v2\/product_cat?post=1009730"},{"taxonomy":"product_tag","embeddable":true,"href":"https:\/\/vimaterial.de\/es\/wp-json\/wp\/v2\/product_tag?post=1009730"}],"curies":[{"name":"wp","href":"https:\/\/api.w.org\/{rel}","templated":true}]}}