{"id":1009692,"date":"2024-06-17T14:05:36","date_gmt":"2024-06-17T06:05:36","guid":{"rendered":"https:\/\/vimaterial.de\/product\/magnesio-metalico\/"},"modified":"2024-11-13T14:43:55","modified_gmt":"2024-11-13T06:43:55","slug":"magnesio-metalico","status":"publish","type":"product","link":"https:\/\/vimaterial.de\/es\/product\/magnesio-metalico\/","title":{"rendered":"Magnesio met\u00e1lico"},"content":{"rendered":"<p>La l\u00e1mina met\u00e1lica de magnesio es una capa delgada y flexible de magnesio que se valora por su ligereza, su alta relaci\u00f3n resistencia-peso y su excelente maquinabilidad. La l\u00e1mina de magnesio se utiliza en diversas industrias, como la aeroespacial, la electr\u00f3nica, el procesamiento qu\u00edmico y la investigaci\u00f3n. Por lo general, est\u00e1 disponible en diferentes grosores, seg\u00fan los requisitos de la aplicaci\u00f3n.  <\/p>\n<h2><span style=\"font-size: 14pt;\">Propiedades f\u00edsicas:<\/span><\/h2>\n<p>F\u00f3rmula: Mg N\u00famero at\u00f3mico: 12 Apariencia: La l\u00e1mina de metal de magnesio aparece como un metal brillante de color blanco plateado. Densidad: Aproximadamente 1,74 g\/cm\u00b3, lo que lo convierte en uno de los metales estructurales m\u00e1s ligeros. Punto de fusi\u00f3n: 650 \u00b0C (1,202 \u00b0F), que es relativamente bajo en comparaci\u00f3n con otros metales estructurales. Espesor: La l\u00e1mina de magnesio suele estar disponible en formatos ultrafinos, que van desde unos pocos micr\u00f3metros hasta mil\u00edmetros de grosor.<\/p>\n<h2><span style=\"font-size: 14pt;\">Aplicaciones:<\/span><\/h2>\n<p>Aeroespacial y automotriz: El bajo peso de la l\u00e1mina de metal de magnesio la hace adecuada para componentes aeroespaciales y automotrices donde la reducci\u00f3n de peso es cr\u00edtica. Electr\u00f3nica: Se utiliza en bater\u00edas, particularmente en bater\u00edas de magnesio-aire y otras bater\u00edas de metal-aire, como material de \u00e1nodo liviano. Investigaci\u00f3n y procesamiento qu\u00edmico: La l\u00e1mina met\u00e1lica de magnesio se utiliza en laboratorios de investigaci\u00f3n para experimentos que involucran reacciones de magnesio, ya que proporciona un \u00e1rea de superficie controlada para estudios de reacciones. Biom\u00e9dico: En algunos casos, el magnesio se utiliza para implantes biodegradables; Sin embargo, su uso en forma de l\u00e1mina es m\u00e1s limitado en los campos biom\u00e9dicos. Pirotecnia: La alta reactividad del papel de magnesio con el ox\u00edgeno lo hace \u00fatil en pirotecnia y p\u00f3lvora, ya que se enciende f\u00e1cilmente y arde brillantemente.<\/p>\n<h2><span style=\"font-size: 14pt;\">Seguridad y almacenamiento:<\/span><\/h2>\n<p>Inflamable: Se requiere extrema precauci\u00f3n debido a la inflamabilidad del magnesio. Evite las altas temperaturas, las llamas abiertas y las chispas cuando manipule papel de magnesio. Almacenamiento: Almacene en un \u00e1rea seca, fresca y bien ventilada, lejos de oxidantes y fuentes de humedad. Debe conservarse en recipientes herm\u00e9ticos para minimizar la oxidaci\u00f3n. Precauciones de manipulaci\u00f3n: Man\u00e9jelo con guantes para evitar la contaminaci\u00f3n, ya que los aceites de la piel pueden contribuir a la oxidaci\u00f3n. <\/p>\n","protected":false},"excerpt":{"rendered":"<p>La l\u00e1mina met\u00e1lica de magnesio es una capa delgada y flexible de magnesio que se valora por su ligereza, su alta relaci\u00f3n resistencia-peso y su excelente maquinabilidad. La l\u00e1mina de magnesio se utiliza en diversas industrias, como la aeroespacial, la electr\u00f3nica, el procesamiento qu\u00edmico y la investigaci\u00f3n. Por lo general, est\u00e1 disponible en diferentes grosores, [&hellip;]<\/p>\n","protected":false},"featured_media":999348,"comment_status":"open","ping_status":"closed","template":"","meta":{"_acf_changed":false},"product_brand":[],"product_cat":[188],"product_tag":[],"class_list":{"0":"post-1009692","1":"product","2":"type-product","3":"status-publish","4":"has-post-thumbnail","6":"product_cat-perfil","8":"first","9":"instock","10":"shipping-taxable","11":"purchasable","12":"product-type-variable"},"acf":[],"_links":{"self":[{"href":"https:\/\/vimaterial.de\/es\/wp-json\/wp\/v2\/product\/1009692","targetHints":{"allow":["GET"]}}],"collection":[{"href":"https:\/\/vimaterial.de\/es\/wp-json\/wp\/v2\/product"}],"about":[{"href":"https:\/\/vimaterial.de\/es\/wp-json\/wp\/v2\/types\/product"}],"replies":[{"embeddable":true,"href":"https:\/\/vimaterial.de\/es\/wp-json\/wp\/v2\/comments?post=1009692"}],"wp:featuredmedia":[{"embeddable":true,"href":"https:\/\/vimaterial.de\/es\/wp-json\/wp\/v2\/media\/999348"}],"wp:attachment":[{"href":"https:\/\/vimaterial.de\/es\/wp-json\/wp\/v2\/media?parent=1009692"}],"wp:term":[{"taxonomy":"product_brand","embeddable":true,"href":"https:\/\/vimaterial.de\/es\/wp-json\/wp\/v2\/product_brand?post=1009692"},{"taxonomy":"product_cat","embeddable":true,"href":"https:\/\/vimaterial.de\/es\/wp-json\/wp\/v2\/product_cat?post=1009692"},{"taxonomy":"product_tag","embeddable":true,"href":"https:\/\/vimaterial.de\/es\/wp-json\/wp\/v2\/product_tag?post=1009692"}],"curies":[{"name":"wp","href":"https:\/\/api.w.org\/{rel}","templated":true}]}}