{"id":1009598,"date":"2024-06-17T14:08:11","date_gmt":"2024-06-17T06:08:11","guid":{"rendered":"https:\/\/vimaterial.de\/product\/nitruro-de-magnesio\/"},"modified":"2024-11-13T17:38:10","modified_gmt":"2024-11-13T09:38:10","slug":"nitruro-de-magnesio","status":"publish","type":"product","link":"https:\/\/vimaterial.de\/es\/product\/nitruro-de-magnesio\/","title":{"rendered":"Nitruro de magnesio"},"content":{"rendered":"<p>El nitruro de magnesio, que posee la f\u00f3rmula qu\u00edmica Mg3N2, es un compuesto inorg\u00e1nico de magnesio y nitr\u00f3geno. A temperatura y presi\u00f3n ambiente es un polvo amarillo verdoso.<\/p>\n<h2><span style=\"font-size: 14pt;\">Propiedades f\u00edsicas<\/span><\/h2>\n<p>F\u00f3rmula qu\u00edmica:Mg3N2<\/p>\n<p>Masa molar:100.9494 g\/mol<\/p>\n<p>Aspecto: polvo amarillo verdoso<\/p>\n<p>Densidad:2.712 g\/cm3<\/p>\n<p>Punto de fusi\u00f3n: aprox. 1500\u00b0C<\/p>\n<h2><span style=\"font-size: 14pt;\">Aplicaciones<\/span><\/h2>\n<p>El nitruro de magnesio fue el catalizador de la primera s\u00edntesis pr\u00e1ctica de boro (nitruro de boro c\u00fabico).<\/p>\n<p>Robert H. Wentorf, Jr. estaba tratando de convertir la forma hexagonal del nitruro de boro en la forma c\u00fabica mediante una combinaci\u00f3n de calor, presi\u00f3n y un catalizador. Ya hab\u00eda probado todos los catalizadores l\u00f3gicos (por ejemplo, los que catalizan la s\u00edntesis del diamante), pero sin \u00e9xito.<\/p>\n<p>Por desesperaci\u00f3n y curiosidad (lo llam\u00f3 el enfoque de &#8220;cometer el m\u00e1ximo n\u00famero de errores&#8221;)[6]), agreg\u00f3 un poco de alambre de magnesio al nitruro de boro hexagonal y le dio el mismo tratamiento de presi\u00f3n y calor. Cuando examin\u00f3 el alambre bajo un microscopio, encontr\u00f3 peque\u00f1os bultos oscuros adheridos a \u00e9l. Estos bultos pod\u00edan rayar un bloque pulido de carburo de boro, algo que solo se sab\u00eda que hac\u00eda el diamante.<\/p>\n<p>A partir del olor a amon\u00edaco, causado por la reacci\u00f3n del nitruro de magnesio con la humedad del aire, dedujo que el magnesio met\u00e1lico hab\u00eda reaccionado con el nitruro de boro para formar nitruro de magnesio, que era el verdadero catalizador.<\/p>\n<p>Al aislar el arg\u00f3n, William Ramsay hizo pasar aire seco sobre el cobre para eliminar el ox\u00edgeno y sobre el magnesio para eliminar el nitr\u00f3geno, formando nitruro de magnesio.<\/p>\n","protected":false},"excerpt":{"rendered":"<p>El nitruro de magnesio, que posee la f\u00f3rmula qu\u00edmica Mg3N2, es un compuesto inorg\u00e1nico de magnesio y nitr\u00f3geno. A temperatura y presi\u00f3n ambiente es un polvo amarillo verdoso. Propiedades f\u00edsicas F\u00f3rmula qu\u00edmica:Mg3N2 Masa molar:100.9494 g\/mol Aspecto: polvo amarillo verdoso Densidad:2.712 g\/cm3 Punto de fusi\u00f3n: aprox. 1500\u00b0C Aplicaciones El nitruro de magnesio fue el catalizador de [&hellip;]<\/p>\n","protected":false},"featured_media":999437,"comment_status":"open","ping_status":"closed","template":"","meta":{"_acf_changed":false},"product_brand":[],"product_cat":[183],"product_tag":[],"class_list":{"0":"post-1009598","1":"product","2":"type-product","3":"status-publish","4":"has-post-thumbnail","6":"product_cat-c-n-b-si-materiales","8":"first","9":"instock","10":"shipping-taxable","11":"purchasable","12":"product-type-variable"},"acf":[],"_links":{"self":[{"href":"https:\/\/vimaterial.de\/es\/wp-json\/wp\/v2\/product\/1009598","targetHints":{"allow":["GET"]}}],"collection":[{"href":"https:\/\/vimaterial.de\/es\/wp-json\/wp\/v2\/product"}],"about":[{"href":"https:\/\/vimaterial.de\/es\/wp-json\/wp\/v2\/types\/product"}],"replies":[{"embeddable":true,"href":"https:\/\/vimaterial.de\/es\/wp-json\/wp\/v2\/comments?post=1009598"}],"wp:featuredmedia":[{"embeddable":true,"href":"https:\/\/vimaterial.de\/es\/wp-json\/wp\/v2\/media\/999437"}],"wp:attachment":[{"href":"https:\/\/vimaterial.de\/es\/wp-json\/wp\/v2\/media?parent=1009598"}],"wp:term":[{"taxonomy":"product_brand","embeddable":true,"href":"https:\/\/vimaterial.de\/es\/wp-json\/wp\/v2\/product_brand?post=1009598"},{"taxonomy":"product_cat","embeddable":true,"href":"https:\/\/vimaterial.de\/es\/wp-json\/wp\/v2\/product_cat?post=1009598"},{"taxonomy":"product_tag","embeddable":true,"href":"https:\/\/vimaterial.de\/es\/wp-json\/wp\/v2\/product_tag?post=1009598"}],"curies":[{"name":"wp","href":"https:\/\/api.w.org\/{rel}","templated":true}]}}