{"id":1009596,"date":"2024-06-17T14:08:11","date_gmt":"2024-06-17T06:08:11","guid":{"rendered":"https:\/\/vimaterial.de\/product\/magnesio-bismuto\/"},"modified":"2024-11-13T17:22:43","modified_gmt":"2024-11-13T09:22:43","slug":"magnesio-bismuto","status":"publish","type":"product","link":"https:\/\/vimaterial.de\/es\/product\/magnesio-bismuto\/","title":{"rendered":"Bismuto de magnesio"},"content":{"rendered":"<p>El bismuto de magnesio (Mg3Bi2) es un compuesto intermet\u00e1lico compuesto por magnesio (Mg) y bismuto (Bi). Ha llamado la atenci\u00f3n debido a sus potenciales propiedades termoel\u00e9ctricas y su posible uso en otras aplicaciones especializadas, como en aleaciones o materiales energ\u00e9ticos. <\/p>\n<h2><span style=\"font-size: 14pt;\">Composici\u00f3n y estructura<\/span><\/h2>\n<p>F\u00f3rmula qu\u00edmica: Mg\u2083Bi\u2082 Estructura cristalina: El bismuto de magnesio suele cristalizar en una estructura hexagonal u ortorr\u00f3mbica, dependiendo de las condiciones espec\u00edficas de s\u00edntesis. Esta estructura contribuye a sus propiedades termoel\u00e9ctricas y electr\u00f3nicas.<\/p>\n<h2><span style=\"font-size: 14pt;\">Propiedades<\/span><\/h2>\n<p>Propiedades termoel\u00e9ctricas: El Mg3Bi2 se considera por sus capacidades termoel\u00e9ctricas, que lo hacen \u00fatil para convertir el calor en electricidad. Como material termoel\u00e9ctrico, tiene el potencial de ser utilizado en generadores termoel\u00e9ctricos (TEG), que pueden capturar el calor residual y convertirlo en energ\u00eda el\u00e9ctrica utilizable. Conductividad el\u00e9ctrica: Mg3Bi2 exhibe una conductividad el\u00e9ctrica decente, que, cuando se combina con sus propiedades termoel\u00e9ctricas, puede convertirlo en un material prometedor para aplicaciones termoel\u00e9ctricas. Baja conductividad t\u00e9rmica: Esta propiedad ayuda a mantener un gradiente de temperatura, lo que hace que el Mg\u2083Bi\u2082 sea efectivo en dispositivos termoel\u00e9ctricos, ya que una conductividad t\u00e9rmica m\u00e1s baja es deseable para una conversi\u00f3n eficiente de calor a electricidad. Densidad y ligereza: El Mg3Bi2 es relativamente ligero debido a la presencia de magnesio, lo que lo hace atractivo para aplicaciones en las que el peso es una consideraci\u00f3n, como en la industria aeroespacial o en los dispositivos port\u00e1tiles de recolecci\u00f3n de energ\u00eda. Estabilidad: Si bien es estable en condiciones t\u00edpicas, el bismuto de magnesio puede ser sensible a la oxidaci\u00f3n, por lo que debe manipularse y procesarse en una atm\u00f3sfera inerte para evitar la degradaci\u00f3n. <\/p>\n<h2><span style=\"font-size: 14pt;\">Aplicaciones<\/span><\/h2>\n<p>Dispositivos termoel\u00e9ctricos: Mg3Bi2 se est\u00e1 investigando principalmente para su uso en aplicaciones termoel\u00e9ctricas. Podr\u00eda usarse en sistemas de recuperaci\u00f3n de calor residual, dispositivos port\u00e1tiles de recolecci\u00f3n de energ\u00eda y otras aplicaciones que requieren la conversi\u00f3n de calor en electricidad. Aleaciones: El bismuto de magnesio se puede utilizar como elemento de aleaci\u00f3n para mejorar las propiedades de las aleaciones de magnesio. Puede impartir ciertas caracter\u00edsticas t\u00e9rmicas y el\u00e9ctricas que pueden ser beneficiosas en aplicaciones espec\u00edficas de aleaciones, especialmente aquellas que requieren un rendimiento mejorado en entornos de alta temperatura. Investigaci\u00f3n en bater\u00edas: Algunos estudios sugieren que el bismuto de magnesio podr\u00eda considerarse para su uso en dispositivos de almacenamiento de energ\u00eda, como bater\u00edas de iones de magnesio o de iones de litio, debido a sus propiedades el\u00e9ctricas, aunque su aplicaci\u00f3n en este campo a\u00fan est\u00e1 bajo investigaci\u00f3n. <\/p>\n<p>&nbsp;<\/p>\n","protected":false},"excerpt":{"rendered":"<p>El bismuto de magnesio (Mg3Bi2) es un compuesto intermet\u00e1lico compuesto por magnesio (Mg) y bismuto (Bi). Ha llamado la atenci\u00f3n debido a sus potenciales propiedades termoel\u00e9ctricas y su posible uso en otras aplicaciones especializadas, como en aleaciones o materiales energ\u00e9ticos. Composici\u00f3n y estructura F\u00f3rmula qu\u00edmica: Mg\u2083Bi\u2082 Estructura cristalina: El bismuto de magnesio suele cristalizar en [&hellip;]<\/p>\n","protected":false},"featured_media":999428,"comment_status":"open","ping_status":"closed","template":"","meta":{"_acf_changed":false},"product_brand":[],"product_cat":[178],"product_tag":[],"class_list":{"0":"post-1009596","1":"product","2":"type-product","3":"status-publish","4":"has-post-thumbnail","6":"product_cat-catodos-para-sputtering-planar","8":"first","9":"instock","10":"shipping-taxable","11":"purchasable","12":"product-type-variable"},"acf":[],"_links":{"self":[{"href":"https:\/\/vimaterial.de\/es\/wp-json\/wp\/v2\/product\/1009596","targetHints":{"allow":["GET"]}}],"collection":[{"href":"https:\/\/vimaterial.de\/es\/wp-json\/wp\/v2\/product"}],"about":[{"href":"https:\/\/vimaterial.de\/es\/wp-json\/wp\/v2\/types\/product"}],"replies":[{"embeddable":true,"href":"https:\/\/vimaterial.de\/es\/wp-json\/wp\/v2\/comments?post=1009596"}],"wp:featuredmedia":[{"embeddable":true,"href":"https:\/\/vimaterial.de\/es\/wp-json\/wp\/v2\/media\/999428"}],"wp:attachment":[{"href":"https:\/\/vimaterial.de\/es\/wp-json\/wp\/v2\/media?parent=1009596"}],"wp:term":[{"taxonomy":"product_brand","embeddable":true,"href":"https:\/\/vimaterial.de\/es\/wp-json\/wp\/v2\/product_brand?post=1009596"},{"taxonomy":"product_cat","embeddable":true,"href":"https:\/\/vimaterial.de\/es\/wp-json\/wp\/v2\/product_cat?post=1009596"},{"taxonomy":"product_tag","embeddable":true,"href":"https:\/\/vimaterial.de\/es\/wp-json\/wp\/v2\/product_tag?post=1009596"}],"curies":[{"name":"wp","href":"https:\/\/api.w.org\/{rel}","templated":true}]}}