{"id":1009537,"date":"2024-06-17T14:08:42","date_gmt":"2024-06-17T06:08:42","guid":{"rendered":"https:\/\/vimaterial.de\/product\/boruro-de-magnesio\/"},"modified":"2024-11-13T17:31:45","modified_gmt":"2024-11-13T09:31:45","slug":"boruro-de-magnesio","status":"publish","type":"product","link":"https:\/\/vimaterial.de\/es\/product\/boruro-de-magnesio\/","title":{"rendered":"Boruro de magnesio"},"content":{"rendered":"<p>El diboruro de magnesio es el compuesto inorg\u00e1nico con la f\u00f3rmula MgB2. Es un s\u00f3lido de color gris oscuro, insoluble en agua, La estructura cristalina pertenece al sistema hexagonal. Es un compuesto intercalado con capas alternas de magnesio y boro.<\/p>\n<p>MgB2 es un superconductor multibanda, es decir, cada superficie de Fermi tiene una brecha de energ\u00eda superconductora diferente. Para MgB2, el enlace sigma del boro es fuerte e induce una gran brecha superconductora de onda s, y el enlace pi es d\u00e9bil e induce una peque\u00f1a brecha de onda s. Los estados de cuasipart\u00edculas de los v\u00f3rtices de gran espacio est\u00e1n muy confinados al n\u00facleo del v\u00f3rtice. Por otro lado, los estados de cuasipart\u00edcula de espacio peque\u00f1o est\u00e1n d\u00e9bilmente unidos al n\u00facleo del v\u00f3rtice. Por lo tanto, pueden deslocalizarse y superponerse f\u00e1cilmente entre v\u00f3rtices adyacentes. Dicha deslocalizaci\u00f3n puede contribuir en gran medida a la conductividad t\u00e9rmica, que muestra un aumento abrupto por encima de Hc1.<\/p>\n<p>F\u00f3rmula qu\u00edmica:MgB2<\/p>\n<p>Densidad 2,57 g\/cm3<\/p>\n<p>Masa molar 45,93 g\/mol<\/p>\n<p>Estructura cristalina:Hexagonal, hP3<\/p>\n<p>Punto de fusi\u00f3n 830 \u00b0C (1.530 \u00b0F; 1.100 K) (se descompone)<\/p>\n<p>Grupo espacial:P6\/mmm, N\u00ba 191<\/p>\n<p>Aplicaci\u00f3n<\/p>\n<p>1. Superconductores<\/p>\n<p>Las propiedades superconductoras y el bajo costo hacen que el diboruro de magnesio sea atractivo para una variedad de aplicaciones. Para esas aplicaciones, el polvo de MgB2 se comprime con metal plateado (o acero inoxidable 316) en alambre y, a veces, cinta adhesiva a trav\u00e9s del proceso PIT.<\/p>\n<p>2. Propulsores, explosivos, pirotecnia<\/p>\n<p>A diferencia del boro elemental, cuya combusti\u00f3n es incompleta a trav\u00e9s de la capa de \u00f3xido v\u00edtreo que impide la difusi\u00f3n de ox\u00edgeno, el diboruro de magnesio se quema completamente cuando se enciende en ox\u00edgeno o en mezclas con oxidantes. As\u00ed, el boruro de magnesio se ha propuesto como combustible en los reactores de ariete. Adem\u00e1s, por las mismas razones, se ha propuesto el uso de MgB2 en explosivos y propulsores mejorados con explosiones.<\/p>\n","protected":false},"excerpt":{"rendered":"<p>El diboruro de magnesio es el compuesto inorg\u00e1nico con la f\u00f3rmula MgB2. Es un s\u00f3lido de color gris oscuro, insoluble en agua, La estructura cristalina pertenece al sistema hexagonal. Es un compuesto intercalado con capas alternas de magnesio y boro. MgB2 es un superconductor multibanda, es decir, cada superficie de Fermi tiene una brecha de [&hellip;]<\/p>\n","protected":false},"featured_media":999475,"comment_status":"open","ping_status":"closed","template":"","meta":{"_acf_changed":false},"product_brand":[],"product_cat":[178],"product_tag":[],"class_list":{"0":"post-1009537","1":"product","2":"type-product","3":"status-publish","4":"has-post-thumbnail","6":"product_cat-catodos-para-sputtering-planar","8":"first","9":"instock","10":"shipping-taxable","11":"product-type-variable"},"acf":[],"_links":{"self":[{"href":"https:\/\/vimaterial.de\/es\/wp-json\/wp\/v2\/product\/1009537","targetHints":{"allow":["GET"]}}],"collection":[{"href":"https:\/\/vimaterial.de\/es\/wp-json\/wp\/v2\/product"}],"about":[{"href":"https:\/\/vimaterial.de\/es\/wp-json\/wp\/v2\/types\/product"}],"replies":[{"embeddable":true,"href":"https:\/\/vimaterial.de\/es\/wp-json\/wp\/v2\/comments?post=1009537"}],"wp:featuredmedia":[{"embeddable":true,"href":"https:\/\/vimaterial.de\/es\/wp-json\/wp\/v2\/media\/999475"}],"wp:attachment":[{"href":"https:\/\/vimaterial.de\/es\/wp-json\/wp\/v2\/media?parent=1009537"}],"wp:term":[{"taxonomy":"product_brand","embeddable":true,"href":"https:\/\/vimaterial.de\/es\/wp-json\/wp\/v2\/product_brand?post=1009537"},{"taxonomy":"product_cat","embeddable":true,"href":"https:\/\/vimaterial.de\/es\/wp-json\/wp\/v2\/product_cat?post=1009537"},{"taxonomy":"product_tag","embeddable":true,"href":"https:\/\/vimaterial.de\/es\/wp-json\/wp\/v2\/product_tag?post=1009537"}],"curies":[{"name":"wp","href":"https:\/\/api.w.org\/{rel}","templated":true}]}}