{"id":1009518,"date":"2024-06-17T14:08:42","date_gmt":"2024-06-17T06:08:42","guid":{"rendered":"https:\/\/vimaterial.de\/product\/bromuro-de-magnesio\/"},"modified":"2024-11-13T17:36:17","modified_gmt":"2024-11-13T09:36:17","slug":"bromuro-de-magnesio","status":"publish","type":"product","link":"https:\/\/vimaterial.de\/es\/product\/bromuro-de-magnesio\/","title":{"rendered":"Bromuro de magnesio"},"content":{"rendered":"<p>El bromuro de magnesio (MgBr\u2082) es un compuesto inorg\u00e1nico compuesto de magnesio y bromo. Se usa com\u00fanmente en una variedad de aplicaciones industriales, qu\u00edmicas y farmac\u00e9uticas. El bromuro de magnesio es una sal que normalmente existe como un s\u00f3lido higrosc\u00f3pico blanco que es soluble en agua y otros solventes.  <\/p>\n<h2><span style=\"font-size: 14pt;\">Propiedades f\u00edsicas<\/span><\/h2>\n<p>F\u00f3rmula qu\u00edmica:MgBr2 (anhidro)\/MgBr2\u00b76H2O (hexahidratado) Masa molar:184.113 g\/mol (anhidro)\/292.204 g\/mol (hexahidratado)<\/p>\n<p>Aspecto: cristales hexagonales higrosc\u00f3picos blancos (anhidros), cristales monocl\u00ednicos incoloros (hexahidratados)<\/p>\n<p>Densidad:3,72 g\/cm3 (anhidro)\/2,07 g\/cm3 (hexahidratado)<\/p>\n<p>Punto de fusi\u00f3n: 711 \u00b0C (1.312 \u00b0F; 984 K) 172,4 \u00b0C, se descompone (hexahidrato)<\/p>\n<p>Punto de ebullici\u00f3n: 1.250 \u00b0C (2.280 \u00b0F; 1.520 K)<\/p>\n<p>Solubilidad en agua:102 g\/100 mL (anhidro)\/316 g\/100 mL (0 \u00b0C, hexahidratado)<\/p>\n<p>Solubilidad:etanol: 6,9 g\/100 mL<\/p>\n<p>metanol: 21,8 g\/100 mL<\/p>\n<p>Susceptibilidad magn\u00e9tica (\u03c7):\u221272,0\u00b710\u22126 cm3\/mol<\/p>\n<h2><span style=\"font-size: 14pt;\">Aplicaciones<\/span><\/h2>\n<p>S\u00edntesis qu\u00edmica: El bromuro de magnesio se utiliza en la preparaci\u00f3n de otros productos qu\u00edmicos, incluidos compuestos org\u00e1nicos e inorg\u00e1nicos, a trav\u00e9s de reacciones como el intercambio de hal\u00f3genos o como catalizador en algunos procesos qu\u00edmicos. Industria farmac\u00e9utica: El MgBr\u2082 se utiliza en formulaciones farmac\u00e9uticas, donde puede ser una fuente de magnesio en medicamentos o se utiliza por sus propiedades sedantes y relajantes musculares. A veces se encuentra en medicamentos para la ansiedad, espasmos musculares o como laxante en algunas formulaciones. Fuente de magnesio: El bromuro de magnesio se utiliza como fuente de magnesio en la producci\u00f3n de magnesio met\u00e1lico y otros compuestos a base de magnesio. Se puede emplear en la preparaci\u00f3n de aleaciones de magnesio y como reactivo en la fabricaci\u00f3n de otras sales de magnesio. Industria del petr\u00f3leo y el gas: El MgBr\u2082 se utiliza en la industria petrolera como parte de los fluidos de perforaci\u00f3n, donde ayuda a controlar la viscosidad y la densidad de los fluidos. Ign\u00edfugo: El MgBr\u2082 se puede utilizar en aplicaciones ign\u00edfugas debido a su alto punto de fusi\u00f3n y su naturaleza estable. A veces tambi\u00e9n se utiliza en la preparaci\u00f3n de materiales ign\u00edfugos.<\/p>\n<h2><span style=\"font-size: 14pt;\">Seguridad y manejo<\/span><\/h2>\n<p>Toxicidad: El bromuro de magnesio generalmente se considera de baja toxicidad, aunque a\u00fan as\u00ed debe manipularse con cuidado, especialmente en entornos industriales donde se involucran grandes cantidades. La ingesti\u00f3n o exposici\u00f3n excesiva puede causar irritaci\u00f3n en el sistema digestivo o la piel. Almacenamiento: Debido a su naturaleza higrosc\u00f3pica, el bromuro de magnesio debe almacenarse en recipientes herm\u00e9ticamente cerrados para evitar la absorci\u00f3n de humedad, lo que podr\u00eda hacer que se degrade o forme formas hidratadas de la sal. <\/p>\n","protected":false},"excerpt":{"rendered":"<p>El bromuro de magnesio (MgBr\u2082) es un compuesto inorg\u00e1nico compuesto de magnesio y bromo. Se usa com\u00fanmente en una variedad de aplicaciones industriales, qu\u00edmicas y farmac\u00e9uticas. El bromuro de magnesio es una sal que normalmente existe como un s\u00f3lido higrosc\u00f3pico blanco que es soluble en agua y otros solventes. Propiedades f\u00edsicas F\u00f3rmula qu\u00edmica:MgBr2 (anhidro)\/MgBr2\u00b76H2O (hexahidratado) [&hellip;]<\/p>\n","protected":false},"featured_media":999482,"comment_status":"open","ping_status":"closed","template":"","meta":{"_acf_changed":false},"product_brand":[],"product_cat":[182],"product_tag":[],"class_list":{"0":"post-1009518","1":"product","2":"type-product","3":"status-publish","4":"has-post-thumbnail","6":"product_cat-materiales-halogenados","8":"first","9":"instock","10":"shipping-taxable","11":"product-type-variable"},"acf":[],"_links":{"self":[{"href":"https:\/\/vimaterial.de\/es\/wp-json\/wp\/v2\/product\/1009518","targetHints":{"allow":["GET"]}}],"collection":[{"href":"https:\/\/vimaterial.de\/es\/wp-json\/wp\/v2\/product"}],"about":[{"href":"https:\/\/vimaterial.de\/es\/wp-json\/wp\/v2\/types\/product"}],"replies":[{"embeddable":true,"href":"https:\/\/vimaterial.de\/es\/wp-json\/wp\/v2\/comments?post=1009518"}],"wp:featuredmedia":[{"embeddable":true,"href":"https:\/\/vimaterial.de\/es\/wp-json\/wp\/v2\/media\/999482"}],"wp:attachment":[{"href":"https:\/\/vimaterial.de\/es\/wp-json\/wp\/v2\/media?parent=1009518"}],"wp:term":[{"taxonomy":"product_brand","embeddable":true,"href":"https:\/\/vimaterial.de\/es\/wp-json\/wp\/v2\/product_brand?post=1009518"},{"taxonomy":"product_cat","embeddable":true,"href":"https:\/\/vimaterial.de\/es\/wp-json\/wp\/v2\/product_cat?post=1009518"},{"taxonomy":"product_tag","embeddable":true,"href":"https:\/\/vimaterial.de\/es\/wp-json\/wp\/v2\/product_tag?post=1009518"}],"curies":[{"name":"wp","href":"https:\/\/api.w.org\/{rel}","templated":true}]}}