{"id":1009501,"date":"2024-06-17T14:08:43","date_gmt":"2024-06-17T06:08:43","guid":{"rendered":"https:\/\/vimaterial.de\/product\/fluoruro-de-magnesio-2\/"},"modified":"2024-11-13T16:29:58","modified_gmt":"2024-11-13T08:29:58","slug":"fluoruro-de-magnesio-2","status":"publish","type":"product","link":"https:\/\/vimaterial.de\/es\/product\/fluoruro-de-magnesio-2\/","title":{"rendered":"Fluoruro de magnesio"},"content":{"rendered":"<p>El fluoruro de magnesio (MgF2) es un compuesto inorg\u00e1nico compuesto de magnesio y fl\u00faor, com\u00fanmente conocido por su alta transparencia y durabilidad. Es ampliamente utilizado en \u00f3ptica y otras aplicaciones especializadas debido a sus propiedades favorables. <\/p>\n<h2><span style=\"font-size: 14pt;\">Propiedades f\u00edsicas:<\/span><\/h2>\n<p>F\u00f3rmula qu\u00edmica:MgF2<\/p>\n<p>Masa molar:62.3018 g\/mol<\/p>\n<p>Aspecto:Cristales tetragonales blancos<\/p>\n<p>Densidad:3.148 g\/cm3<\/p>\n<p>Punto de fusi\u00f3n: 1.263 \u00b0C (2.305 \u00b0F; 1.536 K)<\/p>\n<p>Punto de ebullici\u00f3n: 2.260 \u00b0C (4.100 \u00b0F; 2.530 K)<\/p>\n<p>Solubilidad en agua:0,013 g\/100 mL<\/p>\n<p>Solubilidad:Insoluble en etanol<\/p>\n<p>Susceptibilidad magn\u00e9tica (\u03c7):\u221222.7\u22c510\u22126 cm3\/mol<\/p>\n<p>\u00cdndice de refracci\u00f3n (nD):1.37397<\/p>\n<p>Estructura: Tiene una estructura cristalina tetragonal, lo que contribuye a sus propiedades \u00f3pticas \u00fanicas, incluida una amplia gama de transparencias.<\/p>\n<h2><span style=\"font-size: 14pt;\">Aplicaciones:<\/span><\/h2>\n<p>\u00d3ptica y recubrimientos: Debido a su amplio rango de transparencia, el MgF2 se usa con frecuencia para lentes, ventanas y prismas en dispositivos \u00f3pticos, incluidas c\u00e1maras, telescopios y sistemas l\u00e1ser. A menudo se aplica como una capa delgada para reducir los reflejos en lentes y pantallas. \u00d3ptica UV: La transparencia UV del fluoruro de magnesio lo hace ideal para \u00f3ptica UV e instrumentos, como espectr\u00f3metros, donde la transmisi\u00f3n precisa de la luz UV es fundamental. Aplicaciones de alta temperatura: El MgF2 puede soportar altas temperaturas y se utiliza en algunas aplicaciones especializadas en electr\u00f3nica aeroespacial y de alta temperatura. <\/p>\n<h2><span style=\"font-size: 14pt;\">Fabricaci\u00f3n y procesamiento:<\/span><\/h2>\n<p>El MgF2 se puede fabricar en lentes, prismas o recubrimientos mediante procesos como la deposici\u00f3n al vac\u00edo o la sinterizaci\u00f3n. Su alto punto de fusi\u00f3n (1.261 \u00b0C) le permite soportar las demandas de entornos de alta temperatura, pero su fragilidad requiere un manejo cuidadoso durante la conformaci\u00f3n y el pulido. <\/p>\n","protected":false},"excerpt":{"rendered":"<p>El fluoruro de magnesio (MgF2) es un compuesto inorg\u00e1nico compuesto de magnesio y fl\u00faor, com\u00fanmente conocido por su alta transparencia y durabilidad. Es ampliamente utilizado en \u00f3ptica y otras aplicaciones especializadas debido a sus propiedades favorables. Propiedades f\u00edsicas: F\u00f3rmula qu\u00edmica:MgF2 Masa molar:62.3018 g\/mol Aspecto:Cristales tetragonales blancos Densidad:3.148 g\/cm3 Punto de fusi\u00f3n: 1.263 \u00b0C (2.305 \u00b0F; [&hellip;]<\/p>\n","protected":false},"featured_media":999497,"comment_status":"open","ping_status":"closed","template":"","meta":{"_acf_changed":false},"product_brand":[],"product_cat":[179],"product_tag":[],"class_list":{"0":"post-1009501","1":"product","2":"type-product","3":"status-publish","4":"has-post-thumbnail","6":"product_cat-materiales-de-evaporacion","8":"first","9":"instock","10":"shipping-taxable","11":"purchasable","12":"product-type-variable"},"acf":[],"_links":{"self":[{"href":"https:\/\/vimaterial.de\/es\/wp-json\/wp\/v2\/product\/1009501","targetHints":{"allow":["GET"]}}],"collection":[{"href":"https:\/\/vimaterial.de\/es\/wp-json\/wp\/v2\/product"}],"about":[{"href":"https:\/\/vimaterial.de\/es\/wp-json\/wp\/v2\/types\/product"}],"replies":[{"embeddable":true,"href":"https:\/\/vimaterial.de\/es\/wp-json\/wp\/v2\/comments?post=1009501"}],"wp:featuredmedia":[{"embeddable":true,"href":"https:\/\/vimaterial.de\/es\/wp-json\/wp\/v2\/media\/999497"}],"wp:attachment":[{"href":"https:\/\/vimaterial.de\/es\/wp-json\/wp\/v2\/media?parent=1009501"}],"wp:term":[{"taxonomy":"product_brand","embeddable":true,"href":"https:\/\/vimaterial.de\/es\/wp-json\/wp\/v2\/product_brand?post=1009501"},{"taxonomy":"product_cat","embeddable":true,"href":"https:\/\/vimaterial.de\/es\/wp-json\/wp\/v2\/product_cat?post=1009501"},{"taxonomy":"product_tag","embeddable":true,"href":"https:\/\/vimaterial.de\/es\/wp-json\/wp\/v2\/product_tag?post=1009501"}],"curies":[{"name":"wp","href":"https:\/\/api.w.org\/{rel}","templated":true}]}}