{"id":1009488,"date":"2024-06-17T14:08:43","date_gmt":"2024-06-17T06:08:43","guid":{"rendered":"https:\/\/vimaterial.de\/product\/fluoruro-de-magnesio\/"},"modified":"2024-11-13T16:40:34","modified_gmt":"2024-11-13T08:40:34","slug":"fluoruro-de-magnesio","status":"publish","type":"product","link":"https:\/\/vimaterial.de\/es\/product\/fluoruro-de-magnesio\/","title":{"rendered":"Fluoruro de magnesio"},"content":{"rendered":"<p>El objetivo de pulverizaci\u00f3n cat\u00f3dica de fluoruro de magnesio es un disco s\u00f3lido u otra forma de material de fluoruro de magnesio de alta pureza dise\u00f1ado espec\u00edficamente para la deposici\u00f3n de pel\u00edcula delgada a trav\u00e9s de la pulverizaci\u00f3n cat\u00f3dica. Los objetivos de MgF\u2082 se utilizan com\u00fanmente en los procesos de deposici\u00f3n f\u00edsica de vapor (PVD) para crear recubrimientos delgados y transparentes en sustratos, especialmente en aplicaciones \u00f3pticas y de protecci\u00f3n. <\/p>\n<h2><span style=\"font-size: 14pt;\">Composici\u00f3n y estructura<\/span><\/h2>\n<p>Material: MgF\u2082 de alta pureza, a menudo preparado con niveles de pureza del 99,9% o superiores para garantizar una calidad de pel\u00edcula constante y reducir las impurezas en el recubrimiento. Estructura: T\u00edpicamente densa y homog\u00e9nea para soportar el entorno de alta energ\u00eda de la c\u00e1mara de pulverizaci\u00f3n cat\u00f3dica y garantizar una deposici\u00f3n uniforme. El MgF\u2082 tiene una estructura cristalina que contribuye a sus propiedades \u00f3pticas \u00fanicas, especialmente para la transmisi\u00f3n de luz UV y visible.<\/p>\n<h2><span style=\"font-size: 14pt;\">Propiedades<\/span><\/h2>\n<p>Amplio rango de transmisi\u00f3n: Los objetivos de pulverizaci\u00f3n cat\u00f3dica de fluoruro de magnesio creados a partir de la pulverizaci\u00f3n cat\u00f3dica son transparentes en un amplio rango de longitudes de onda, desde las regiones ultravioleta (UV) hasta infrarroja (IR), lo que los hace ideales para componentes \u00f3pticos. Bajo \u00edndice de refracci\u00f3n: El MgF\u2082 tiene un \u00edndice de refracci\u00f3n bajo (alrededor de 1,38), lo que le permite producir recubrimientos antirreflectantes que reducen el reflejo de la luz y mejoran la claridad en lentes y pantallas \u00f3pticas. Durabilidad y estabilidad: El recubrimiento de MgF\u2082 es estable, resistente a los ara\u00f1azos y puede soportar la exposici\u00f3n a la humedad, lo que lo hace adecuado para aplicaciones al aire libre y en entornos hostiles. Estabilidad t\u00e9rmica: Las pel\u00edculas de MgF\u2082 mantienen sus propiedades en un rango de temperaturas, beneficiosas en \u00f3ptica o electr\u00f3nica de alta temperatura.<\/p>\n<h2><span style=\"font-size: 14pt;\">Aplicaciones<\/span><\/h2>\n<p>Recubrimientos \u00f3pticos: El objetivo de pulverizaci\u00f3n cat\u00f3dica de fluoruro de magnesio com\u00fanmente se pulveriza sobre lentes, espejos y otros componentes \u00f3pticos para crear recubrimientos antirreflectantes. Esto es esencial en campos como la fotograf\u00eda, las telecomunicaciones y la instrumentaci\u00f3n cient\u00edfica. Aplicaciones UV e IR: Debido a su alta transparencia en los espectros UV e IR, los recubrimientos de MgF\u2082 son valiosos en \u00f3ptica UV, sensores IR y otros dispositivos que requieren una transmisi\u00f3n clara a trav\u00e9s de estas longitudes de onda. Capas protectoras: Los objetivos de pulverizaci\u00f3n cat\u00f3dica de fluoruro de magnesio tambi\u00e9n se utilizan para crear capas protectoras en dispositivos electr\u00f3nicos y paneles de visualizaci\u00f3n, lo que ofrece transparencia y una superficie resistente a los ara\u00f1azos. <\/p>\n<h2><span style=\"font-size: 14pt;\">Especificaciones de destino<\/span><\/h2>\n<p>Los objetivos de pulverizaci\u00f3n cat\u00f3dica de fluoruro de magnesio a menudo est\u00e1n disponibles en varios tama\u00f1os y espesores (por ejemplo, objetivos redondos, objetivos cuadrados) para adaptarse a diferentes equipos de pulverizaci\u00f3n cat\u00f3dica, y se fabrican para minimizar las impurezas y la porosidad para garantizar pel\u00edculas delgadas de alta calidad.<\/p>\n","protected":false},"excerpt":{"rendered":"<p>El objetivo de pulverizaci\u00f3n cat\u00f3dica de fluoruro de magnesio es un disco s\u00f3lido u otra forma de material de fluoruro de magnesio de alta pureza dise\u00f1ado espec\u00edficamente para la deposici\u00f3n de pel\u00edcula delgada a trav\u00e9s de la pulverizaci\u00f3n cat\u00f3dica. Los objetivos de MgF\u2082 se utilizan com\u00fanmente en los procesos de deposici\u00f3n f\u00edsica de vapor (PVD) [&hellip;]<\/p>\n","protected":false},"featured_media":999512,"comment_status":"open","ping_status":"closed","template":"","meta":{"_acf_changed":false},"product_brand":[],"product_cat":[178],"product_tag":[],"class_list":{"0":"post-1009488","1":"product","2":"type-product","3":"status-publish","4":"has-post-thumbnail","6":"product_cat-catodos-para-sputtering-planar","8":"first","9":"instock","10":"shipping-taxable","11":"purchasable","12":"product-type-variable"},"acf":[],"_links":{"self":[{"href":"https:\/\/vimaterial.de\/es\/wp-json\/wp\/v2\/product\/1009488","targetHints":{"allow":["GET"]}}],"collection":[{"href":"https:\/\/vimaterial.de\/es\/wp-json\/wp\/v2\/product"}],"about":[{"href":"https:\/\/vimaterial.de\/es\/wp-json\/wp\/v2\/types\/product"}],"replies":[{"embeddable":true,"href":"https:\/\/vimaterial.de\/es\/wp-json\/wp\/v2\/comments?post=1009488"}],"wp:featuredmedia":[{"embeddable":true,"href":"https:\/\/vimaterial.de\/es\/wp-json\/wp\/v2\/media\/999512"}],"wp:attachment":[{"href":"https:\/\/vimaterial.de\/es\/wp-json\/wp\/v2\/media?parent=1009488"}],"wp:term":[{"taxonomy":"product_brand","embeddable":true,"href":"https:\/\/vimaterial.de\/es\/wp-json\/wp\/v2\/product_brand?post=1009488"},{"taxonomy":"product_cat","embeddable":true,"href":"https:\/\/vimaterial.de\/es\/wp-json\/wp\/v2\/product_cat?post=1009488"},{"taxonomy":"product_tag","embeddable":true,"href":"https:\/\/vimaterial.de\/es\/wp-json\/wp\/v2\/product_tag?post=1009488"}],"curies":[{"name":"wp","href":"https:\/\/api.w.org\/{rel}","templated":true}]}}