{"id":1009457,"date":"2024-06-17T14:09:49","date_gmt":"2024-06-17T06:09:49","guid":{"rendered":"https:\/\/vimaterial.de\/product\/fluoruro-de-magnesio-y-neodimio-dfm\/"},"modified":"2024-11-13T16:14:07","modified_gmt":"2024-11-13T08:14:07","slug":"fluoruro-de-magnesio-y-neodimio-dfm","status":"publish","type":"product","link":"https:\/\/vimaterial.de\/es\/product\/fluoruro-de-magnesio-y-neodimio-dfm\/","title":{"rendered":"Fluoruro de magnesio-fluoruro de neodimio (DFM)"},"content":{"rendered":"<p>Fluoruro de magnesio-El fluoruro de neodimio es un compuesto hecho de \u00e1tomos de magnesio, neodimio y fl\u00faor. Por lo general, se representa con la f\u00f3rmula MgF2-NdF3. El fluoruro de magnesio-fluoruro de neodimio es un material especial que se produce normalmente para su uso en la ciencia de materiales avanzados, incluidas las aplicaciones en materiales \u00f3pticos, sistemas l\u00e1ser y electr\u00f3nica potencial.  <\/p>\n<h2><span style=\"font-size: 14pt;\">Propiedades f\u00edsicas:<\/span><\/h2>\n<p>Aspecto: A menudo aparece como un polvo o cristal de color rosa p\u00e1lido o violeta, t\u00edpico de muchos compuestos que contienen neodimio. Densidad: La densidad puede variar dependiendo de su estructura cristalina, pero generalmente est\u00e1 en el rango de 4-5 g \/ cm\u00b3 debido al alto contenido de neodimio. Punto de fusi\u00f3n: Alto punto de fusi\u00f3n debido al componente de fluoruro, normalmente por encima de 1000 \u00b0C.<\/p>\n<h2><span style=\"font-size: 14pt;\">Aplicaciones:<\/span><\/h2>\n<p>Materiales \u00f3pticos: El ion de neodimio en la matriz de fluoruro proporciona propiedades \u00f3pticas \u00fanicas, lo que lo hace \u00fatil para la \u00f3ptica l\u00e1ser y los componentes \u00f3pticos de alta precisi\u00f3n. Electr\u00f3nica: Posibles aplicaciones en materiales electr\u00f3nicos, donde los fluoruros dopados con tierras raras ofrecen propiedades conductoras o luminiscentes \u00fanicas. Sistemas l\u00e1ser: Se utiliza en algunas aplicaciones l\u00e1ser debido a las cualidades luminiscentes del neodimio, que puede emitir luz en el rango infrarrojo. Investigaci\u00f3n avanzada: Estudiado en la investigaci\u00f3n de materiales avanzados para el desarrollo de nuevos tipos de dispositivos \u00f3pticos y electr\u00f3nicos.<\/p>\n<h2><span style=\"font-size: 14pt;\">Manejo y seguridad:<\/span><\/h2>\n<p>Almacenamiento: Debe almacenarse en un recipiente seco y bien sellado, ya que los fluoruros pueden absorber la humedad del aire. Peligros para la salud: Al igual que con otros compuestos de fluoruro, la inhalaci\u00f3n o ingesti\u00f3n de fluoruro de magnesio-fluoruro de neodimio puede ser perjudicial. Se aconseja el uso de equipo de protecci\u00f3n cuando se manipule el polvo.<\/p>\n","protected":false},"excerpt":{"rendered":"<p>Fluoruro de magnesio-El fluoruro de neodimio es un compuesto hecho de \u00e1tomos de magnesio, neodimio y fl\u00faor. Por lo general, se representa con la f\u00f3rmula MgF2-NdF3. El fluoruro de magnesio-fluoruro de neodimio es un material especial que se produce normalmente para su uso en la ciencia de materiales avanzados, incluidas las aplicaciones en materiales \u00f3pticos, [&hellip;]<\/p>\n","protected":false},"featured_media":999527,"comment_status":"open","ping_status":"closed","template":"","meta":{"_acf_changed":false},"product_brand":[],"product_cat":[179],"product_tag":[],"class_list":{"0":"post-1009457","1":"product","2":"type-product","3":"status-publish","4":"has-post-thumbnail","6":"product_cat-materiales-de-evaporacion","8":"first","9":"instock","10":"shipping-taxable","11":"product-type-variable"},"acf":[],"_links":{"self":[{"href":"https:\/\/vimaterial.de\/es\/wp-json\/wp\/v2\/product\/1009457","targetHints":{"allow":["GET"]}}],"collection":[{"href":"https:\/\/vimaterial.de\/es\/wp-json\/wp\/v2\/product"}],"about":[{"href":"https:\/\/vimaterial.de\/es\/wp-json\/wp\/v2\/types\/product"}],"replies":[{"embeddable":true,"href":"https:\/\/vimaterial.de\/es\/wp-json\/wp\/v2\/comments?post=1009457"}],"wp:featuredmedia":[{"embeddable":true,"href":"https:\/\/vimaterial.de\/es\/wp-json\/wp\/v2\/media\/999527"}],"wp:attachment":[{"href":"https:\/\/vimaterial.de\/es\/wp-json\/wp\/v2\/media?parent=1009457"}],"wp:term":[{"taxonomy":"product_brand","embeddable":true,"href":"https:\/\/vimaterial.de\/es\/wp-json\/wp\/v2\/product_brand?post=1009457"},{"taxonomy":"product_cat","embeddable":true,"href":"https:\/\/vimaterial.de\/es\/wp-json\/wp\/v2\/product_cat?post=1009457"},{"taxonomy":"product_tag","embeddable":true,"href":"https:\/\/vimaterial.de\/es\/wp-json\/wp\/v2\/product_tag?post=1009457"}],"curies":[{"name":"wp","href":"https:\/\/api.w.org\/{rel}","templated":true}]}}