{"id":1009403,"date":"2024-06-17T14:10:25","date_gmt":"2024-06-17T06:10:25","guid":{"rendered":"https:\/\/vimaterial.de\/product\/oxido-de-magnesio-4\/"},"modified":"2024-11-14T10:33:46","modified_gmt":"2024-11-14T02:33:46","slug":"oxido-de-magnesio-4","status":"publish","type":"product","link":"https:\/\/vimaterial.de\/es\/product\/oxido-de-magnesio-4\/","title":{"rendered":"\u00d3xido de magnesio"},"content":{"rendered":"<p>El \u00f3xido de magnesio (MgO) es un compuesto inorg\u00e1nico conocido por su amplia gama de aplicaciones en cer\u00e1mica, refractarios, medicina y como materia prima industrial. Es un s\u00f3lido blanco, higrosc\u00f3pico y cristalino que se presenta naturalmente como el mineral periclasa. El \u00f3xido de magnesio (MgO) es valorado por su estabilidad t\u00e9rmica, aislamiento el\u00e9ctrico y basicidad, lo que lo convierte en un material vers\u00e1til en diversos campos.  <\/p>\n<h2><span style=\"font-size: 14pt;\">Propiedades<\/span><\/h2>\n<p>F\u00f3rmula qu\u00edmica:MgO<\/p>\n<p>Masa molar:40.304 g\/mol<\/p>\n<p>Aspecto:Polvo blanco<\/p>\n<p>Olor:Inodoro<\/p>\n<p>Densidad:3,6 g\/cm3<\/p>\n<p>Punto de fusi\u00f3n: 2.852 \u00b0C (5.166 \u00b0F; 3.125 K)<\/p>\n<p>Punto de ebullici\u00f3n: 3.600 \u00b0C (6.510 \u00b0F; 3.870 K)<\/p>\n<p>Solubilidad:Soluble en \u00e1cido, amon\u00edaco insoluble en alcohol<\/p>\n<h2><span style=\"font-size: 14pt;\">Aplicaciones<\/span><\/h2>\n<p>Combusti\u00f3n ligera industrial: se utiliza principalmente en la producci\u00f3n de productos de magnesita.<\/p>\n<p>Grado de aceite lubricante avanzado: se utiliza principalmente para detergente, inhibidor de vanadio y desulfurador en el procesamiento avanzado de aceite lubricante, que puede mejorar en gran medida la densidad y la reolog\u00eda de la pel\u00edcula lubricante y reducir el contenido de cenizas.<\/p>\n<p>Grado alimenticio: suplemento de magnesio utilizado como aditivo alimentario, estabilizador de color, regulador del valor del pH como productos para la salud y alimentos.<\/p>\n<p>Grado m\u00e9dico: el \u00f3xido de magnesio de grado m\u00e9dico se puede utilizar como anti\u00e1cido, adsorbente, desulfurante, agente de eliminaci\u00f3n de plomo, coadyuvante de filtro complejo y regulador de PH en el campo biofarmac\u00e9utico.<\/p>\n<p>Nivel electromagn\u00e9tico avanzado: para materiales paramagn\u00e9ticos inal\u00e1mbricos de alta frecuencia, antena de varilla magn\u00e9tica, componentes de modulaci\u00f3n de frecuencia del n\u00facleo magn\u00e9tico. En lugar de ferrita. Se puede utilizar en materiales magn\u00e9ticos superconductores compuestos y tambi\u00e9n en la industria magn\u00e9tica electr\u00f3nica. Como &#8220;material magn\u00e9tico blando&#8221;. Tambi\u00e9n es la materia prima ideal para esmaltes industriales y cer\u00e1mica.<\/p>\n<p>MgO de alta pureza: ampliamente utilizado como material resistente al calor a altas temperaturas. Se utiliza como materia prima de crisol cer\u00e1mico permeable a la luz y sustrato en el campo de la cer\u00e1mica.<\/p>\n","protected":false},"excerpt":{"rendered":"<p>El \u00f3xido de magnesio (MgO) es un compuesto inorg\u00e1nico conocido por su amplia gama de aplicaciones en cer\u00e1mica, refractarios, medicina y como materia prima industrial. Es un s\u00f3lido blanco, higrosc\u00f3pico y cristalino que se presenta naturalmente como el mineral periclasa. El \u00f3xido de magnesio (MgO) es valorado por su estabilidad t\u00e9rmica, aislamiento el\u00e9ctrico y basicidad, [&hellip;]<\/p>\n","protected":false},"featured_media":999576,"comment_status":"open","ping_status":"closed","template":"","meta":{"_acf_changed":false},"product_brand":[],"product_cat":[179],"product_tag":[],"class_list":{"0":"post-1009403","1":"product","2":"type-product","3":"status-publish","4":"has-post-thumbnail","6":"product_cat-materiales-de-evaporacion","8":"first","9":"instock","10":"shipping-taxable","11":"purchasable","12":"product-type-variable"},"acf":[],"_links":{"self":[{"href":"https:\/\/vimaterial.de\/es\/wp-json\/wp\/v2\/product\/1009403","targetHints":{"allow":["GET"]}}],"collection":[{"href":"https:\/\/vimaterial.de\/es\/wp-json\/wp\/v2\/product"}],"about":[{"href":"https:\/\/vimaterial.de\/es\/wp-json\/wp\/v2\/types\/product"}],"replies":[{"embeddable":true,"href":"https:\/\/vimaterial.de\/es\/wp-json\/wp\/v2\/comments?post=1009403"}],"wp:featuredmedia":[{"embeddable":true,"href":"https:\/\/vimaterial.de\/es\/wp-json\/wp\/v2\/media\/999576"}],"wp:attachment":[{"href":"https:\/\/vimaterial.de\/es\/wp-json\/wp\/v2\/media?parent=1009403"}],"wp:term":[{"taxonomy":"product_brand","embeddable":true,"href":"https:\/\/vimaterial.de\/es\/wp-json\/wp\/v2\/product_brand?post=1009403"},{"taxonomy":"product_cat","embeddable":true,"href":"https:\/\/vimaterial.de\/es\/wp-json\/wp\/v2\/product_cat?post=1009403"},{"taxonomy":"product_tag","embeddable":true,"href":"https:\/\/vimaterial.de\/es\/wp-json\/wp\/v2\/product_tag?post=1009403"}],"curies":[{"name":"wp","href":"https:\/\/api.w.org\/{rel}","templated":true}]}}