{"id":1009370,"date":"2024-06-17T13:53:42","date_gmt":"2024-06-17T05:53:42","guid":{"rendered":"https:\/\/vimaterial.de\/product\/carbonato-de-litio-2\/"},"modified":"2024-11-07T17:19:27","modified_gmt":"2024-11-07T09:19:27","slug":"carbonato-de-litio-2","status":"publish","type":"product","link":"https:\/\/vimaterial.de\/es\/product\/carbonato-de-litio-2\/","title":{"rendered":"Carbonato de litio"},"content":{"rendered":"<p>El polvo de carbonato de litio es una forma finamente molida de carbonato de litio (Li\u2082CO\u2083), com\u00fanmente utilizada en industrias que requieren fuentes de litio de alta pureza y f\u00e1cilmente dispersables, como la fabricaci\u00f3n de bater\u00edas, cer\u00e1mica, productos farmac\u00e9uticos y producci\u00f3n de vidrio. La forma en polvo de carbonato de litio es particularmente ventajosa para aplicaciones donde se desea una disoluci\u00f3n r\u00e1pida o una f\u00e1cil mezcla con otros materiales. <\/p>\n<p>&nbsp;<\/p>\n<h2><span style=\"font-size: 14pt;\">Propiedades f\u00edsicas:<\/span><\/h2>\n<p>F\u00f3rmula qu\u00edmica:Li2CO3<\/p>\n<p>Masa molar: 73,89 g \/ mol<\/p>\n<p>Aspecto:Polvo blanco inodoro<\/p>\n<p>Densidad:2,11 g\/cm3<\/p>\n<p>Punto de fusi\u00f3n: 723 \u00b0C (1,333 \u00b0F; 996 K)<\/p>\n<p>Punto de ebullici\u00f3n: 1.310 \u00b0C (2.390 \u00b0F; 1.580 K)<\/p>\n<p>Se descompone desde:~1300 \u00b0C<\/p>\n<p>Solubilidad en agua:1,54 g\/100 mL (0 \u00b0C)\/1,43 g\/100 mL (10 \u00b0C)\/1,29 g\/100 mL (25 \u00b0C)\/1,08 g\/100 mL (40 \u00b0C)\/0,69 g\/100 mL (100 \u00b0C)<\/p>\n<p>Solubilidad:Insoluble en acetona, amon\u00edaco, alcohol<\/p>\n<p>Susceptibilidad magn\u00e9tica (\u03c7):\u221227.0\u00b710\u22126 cm3\/mol<\/p>\n<p>\u00cdndice de refracci\u00f3n (nD):1.428<\/p>\n<p>Viscosidad :4.64 cP (777 \u00b0C)\/3.36 cP (817 \u00b0C)<\/p>\n<p>&nbsp;<\/p>\n<h2><span style=\"font-size: 14pt;\">Aplicaciones:<\/span><\/h2>\n<p>Fabricaci\u00f3n de bater\u00edas: El polvo de carbonato de litio es un precursor crucial en la producci\u00f3n de materiales cat\u00f3dicos para bater\u00edas de iones de litio, como el \u00f3xido de litio y cobalto (LiCoO\u2082), el \u00f3xido de litio-n\u00edquel-manganeso-cobalto (NMC) y el fosfato de hierro y litio (LiFePO\u2084). Su fino tama\u00f1o de part\u00edcula facilita la mezcla homog\u00e9nea en las formulaciones de electrodos. Cer\u00e1mica y vidrio: En cer\u00e1mica, el polvo de carbonato de litio se utiliza como fundente, lo que reduce el punto de fusi\u00f3n de los materiales y mejora la resistencia y el acabado de los esmaltes. En la fabricaci\u00f3n de vidrio, se agrega para mejorar la resistencia y reducir las temperaturas de fusi\u00f3n. Productos farmac\u00e9uticos: Utilizado en forma controlada, el carbonato de litio se emplea en el tratamiento del trastorno bipolar como estabilizador del estado de \u00e1nimo. El polvo fino es \u00fatil para la dosificaci\u00f3n de precisi\u00f3n y la creaci\u00f3n de mezclas uniformes de tabletas. Fundici\u00f3n de aluminio: El polvo de carbonato de litio tambi\u00e9n se utiliza en la producci\u00f3n de aluminio, donde ayuda a reducir el punto de fusi\u00f3n de los \u00f3xidos de aluminio y mejora la eficiencia electrol\u00edtica. <\/p>\n<p>&nbsp;<\/p>\n<h2><span style=\"font-size: 14pt;\">Manipulaci\u00f3n y almacenamiento:<\/span><\/h2>\n<p>Almacenamiento: Almacene en un ambiente seco y fresco para evitar la formaci\u00f3n de grumos y garantizar la calidad. Evite la exposici\u00f3n a vapores \u00e1cidos, que pueden provocar una descomposici\u00f3n leve. Precauciones de seguridad: Evite inhalar el polvo y use equipo de protecci\u00f3n personal (EPP), incluidos guantes, gafas de seguridad y m\u00e1scaras contra el polvo cuando manipule grandes cantidades. <\/p>\n","protected":false},"excerpt":{"rendered":"<p>El polvo de carbonato de litio es una forma finamente molida de carbonato de litio (Li\u2082CO\u2083), com\u00fanmente utilizada en industrias que requieren fuentes de litio de alta pureza y f\u00e1cilmente dispersables, como la fabricaci\u00f3n de bater\u00edas, cer\u00e1mica, productos farmac\u00e9uticos y producci\u00f3n de vidrio. La forma en polvo de carbonato de litio es particularmente ventajosa para [&hellip;]<\/p>\n","protected":false},"featured_media":998619,"comment_status":"open","ping_status":"closed","template":"","meta":{"_acf_changed":false},"product_brand":[],"product_cat":[180],"product_tag":[],"class_list":{"0":"post-1009370","1":"product","2":"type-product","3":"status-publish","4":"has-post-thumbnail","6":"product_cat-materiales-de-la-bateria","8":"first","9":"instock","10":"shipping-taxable","11":"purchasable","12":"product-type-variable"},"acf":[],"_links":{"self":[{"href":"https:\/\/vimaterial.de\/es\/wp-json\/wp\/v2\/product\/1009370","targetHints":{"allow":["GET"]}}],"collection":[{"href":"https:\/\/vimaterial.de\/es\/wp-json\/wp\/v2\/product"}],"about":[{"href":"https:\/\/vimaterial.de\/es\/wp-json\/wp\/v2\/types\/product"}],"replies":[{"embeddable":true,"href":"https:\/\/vimaterial.de\/es\/wp-json\/wp\/v2\/comments?post=1009370"}],"wp:featuredmedia":[{"embeddable":true,"href":"https:\/\/vimaterial.de\/es\/wp-json\/wp\/v2\/media\/998619"}],"wp:attachment":[{"href":"https:\/\/vimaterial.de\/es\/wp-json\/wp\/v2\/media?parent=1009370"}],"wp:term":[{"taxonomy":"product_brand","embeddable":true,"href":"https:\/\/vimaterial.de\/es\/wp-json\/wp\/v2\/product_brand?post=1009370"},{"taxonomy":"product_cat","embeddable":true,"href":"https:\/\/vimaterial.de\/es\/wp-json\/wp\/v2\/product_cat?post=1009370"},{"taxonomy":"product_tag","embeddable":true,"href":"https:\/\/vimaterial.de\/es\/wp-json\/wp\/v2\/product_tag?post=1009370"}],"curies":[{"name":"wp","href":"https:\/\/api.w.org\/{rel}","templated":true}]}}