{"id":1009322,"date":"2024-06-17T13:54:34","date_gmt":"2024-06-17T05:54:34","guid":{"rendered":"https:\/\/vimaterial.de\/product\/seleniuro-de-litio-2\/"},"modified":"2024-11-08T17:11:24","modified_gmt":"2024-11-08T09:11:24","slug":"seleniuro-de-litio-2","status":"publish","type":"product","link":"https:\/\/vimaterial.de\/es\/product\/seleniuro-de-litio-2\/","title":{"rendered":"Seleniuro de litio"},"content":{"rendered":"<p>El selenuro de litio (Li\u2082Se) es un compuesto a base de litio que contiene selenio en el estado de oxidaci\u00f3n -2. Es un miembro de la familia de los seleniuros de metales alcalinos y se estudia por sus propiedades qu\u00edmicas y posibles aplicaciones en diversos campos, como el almacenamiento de energ\u00eda y la optoelectr\u00f3nica. <\/p>\n<h2><span style=\"font-size: 14pt;\">Composici\u00f3n qu\u00edmica:<\/span><\/h2>\n<p>F\u00f3rmula: Li\u2082Se. Estructura: El seleniuro de litio suele adoptar una estructura cristalina de sal de roca (NaCl), similar a otros seleniuros de metales alcalinos. Los \u00e1tomos de selenio est\u00e1n coordinados por los iones de litio de una manera altamente sim\u00e9trica.<\/p>\n<h2><span style=\"font-size: 14pt;\">Propiedades f\u00edsicas:<\/span><\/h2>\n<p>Aspecto: El Li\u2082Se suele ser un polvo o s\u00f3lido blanco o de color claro. Densidad: Tiene una densidad relativamente baja en comparaci\u00f3n con muchos otros compuestos met\u00e1licos. Punto de fusi\u00f3n: El punto de fusi\u00f3n del seleniuro de litio es relativamente alto (alrededor de 800 \u00b0C), lo que indica una buena estabilidad t\u00e9rmica. Solubilidad: Es soluble en agua y forma una soluci\u00f3n alcalina fuerte cuando se disuelve, similar a otros seleniuros de metales alcalinos.<\/p>\n<h2><span style=\"font-size: 14pt;\">Aplicaciones:<\/span><\/h2>\n<p>Dispositivos optoelectr\u00f3nicos: Li\u2082Se se considera para su uso en aplicaciones optoelectr\u00f3nicas porque los compuestos a base de selenio son conocidos por sus propiedades semiconductoras. Se explora su uso en diodos emisores de luz (LED), l\u00e1seres y c\u00e9lulas solares, aunque el seleniuro de litio se usa con menos frecuencia que otros compuestos de selenio. Bater\u00edas de litio-selenio: Se est\u00e1n llevando a cabo investigaciones sobre bater\u00edas de litio-selenio, que te\u00f3ricamente podr\u00edan proporcionar densidades de energ\u00eda m\u00e1s altas que las bater\u00edas convencionales de iones de litio, lo que hace que el seleniuro de litio sea un candidato atractivo para los sistemas de almacenamiento de energ\u00eda de pr\u00f3xima generaci\u00f3n. Semiconductores: Los compuestos de selenio, incluido el Li\u2082Se, se estudian en el contexto de las aplicaciones de semiconductores, debido a su capacidad para conducir la electricidad en condiciones espec\u00edficas. El seleniuro de litio puede desempe\u00f1ar un papel en ciertas tecnolog\u00edas de transistores de pel\u00edcula delgada y dispositivos fotovoltaicos. <\/p>\n<p>&nbsp;<\/p>\n","protected":false},"excerpt":{"rendered":"<p>El selenuro de litio (Li\u2082Se) es un compuesto a base de litio que contiene selenio en el estado de oxidaci\u00f3n -2. Es un miembro de la familia de los seleniuros de metales alcalinos y se estudia por sus propiedades qu\u00edmicas y posibles aplicaciones en diversos campos, como el almacenamiento de energ\u00eda y la optoelectr\u00f3nica. Composici\u00f3n [&hellip;]<\/p>\n","protected":false},"featured_media":998645,"comment_status":"open","ping_status":"closed","template":"","meta":{"_acf_changed":false},"product_brand":[],"product_cat":[179],"product_tag":[],"class_list":{"0":"post-1009322","1":"product","2":"type-product","3":"status-publish","4":"has-post-thumbnail","6":"product_cat-materiales-de-evaporacion","8":"first","9":"instock","10":"shipping-taxable","11":"product-type-variable"},"acf":[],"_links":{"self":[{"href":"https:\/\/vimaterial.de\/es\/wp-json\/wp\/v2\/product\/1009322","targetHints":{"allow":["GET"]}}],"collection":[{"href":"https:\/\/vimaterial.de\/es\/wp-json\/wp\/v2\/product"}],"about":[{"href":"https:\/\/vimaterial.de\/es\/wp-json\/wp\/v2\/types\/product"}],"replies":[{"embeddable":true,"href":"https:\/\/vimaterial.de\/es\/wp-json\/wp\/v2\/comments?post=1009322"}],"wp:featuredmedia":[{"embeddable":true,"href":"https:\/\/vimaterial.de\/es\/wp-json\/wp\/v2\/media\/998645"}],"wp:attachment":[{"href":"https:\/\/vimaterial.de\/es\/wp-json\/wp\/v2\/media?parent=1009322"}],"wp:term":[{"taxonomy":"product_brand","embeddable":true,"href":"https:\/\/vimaterial.de\/es\/wp-json\/wp\/v2\/product_brand?post=1009322"},{"taxonomy":"product_cat","embeddable":true,"href":"https:\/\/vimaterial.de\/es\/wp-json\/wp\/v2\/product_cat?post=1009322"},{"taxonomy":"product_tag","embeddable":true,"href":"https:\/\/vimaterial.de\/es\/wp-json\/wp\/v2\/product_tag?post=1009322"}],"curies":[{"name":"wp","href":"https:\/\/api.w.org\/{rel}","templated":true}]}}