{"id":1009290,"date":"2024-06-17T13:54:38","date_gmt":"2024-06-17T05:54:38","guid":{"rendered":"https:\/\/vimaterial.de\/product\/telurita-de-litio\/"},"modified":"2024-11-08T17:05:11","modified_gmt":"2024-11-08T09:05:11","slug":"telurita-de-litio","status":"publish","type":"product","link":"https:\/\/vimaterial.de\/es\/product\/telurita-de-litio\/","title":{"rendered":"Telurito de litio"},"content":{"rendered":"<p>El telurito de litio (Li\u2082TeO\u2083) es un compuesto a base de litio que contiene telurio en su estado de oxidaci\u00f3n +4 y se estudia principalmente por sus propiedades como material diel\u00e9ctrico, en aplicaciones \u00f3pticas y como posible componente para tecnolog\u00edas de bater\u00edas. Si bien no se ha investigado tanto como otros compuestos de litio, la telurita de litio tiene varias caracter\u00edsticas prometedoras que la convierten en un material interesante para aplicaciones cient\u00edficas e industriales espec\u00edficas. <\/p>\n<h2><span style=\"font-size: 14pt;\">Propiedades f\u00edsicas:<\/span><\/h2>\n<p>F\u00f3rmula: Li\u2082TeO\u2083. Apariencia: El telurito de litio suele ser un s\u00f3lido cristalino blanco o blanquecino. Densidad: El material tiene una densidad moderada en comparaci\u00f3n con otros compuestos de litio. Punto de fusi\u00f3n: La telurita de litio tiene un punto de fusi\u00f3n relativamente alto, generalmente alrededor de 630 \u00b0 C (1166 \u00b0 F), lo que indica una buena estabilidad t\u00e9rmica. Solubilidad: Es moderadamente soluble en agua y \u00e1cidos, pero puede requerir condiciones espec\u00edficas para su disoluci\u00f3n en disolventes org\u00e1nicos.<\/p>\n<h2><span style=\"font-size: 14pt;\">Aplicaciones:<\/span><\/h2>\n<p>Materiales \u00f3pticos: Una de las \u00e1reas clave de inter\u00e9s para Li\u2082TeO\u2083 son las aplicaciones \u00f3pticas no lineales. El compuesto est\u00e1 estudiado para su uso en fibras \u00f3pticas, l\u00e1seres y otras tecnolog\u00edas fot\u00f3nicas, donde sus propiedades \u00fanicas permiten una manipulaci\u00f3n avanzada de la luz, como en la conmutaci\u00f3n \u00f3ptica y los moduladores de luz. Electr\u00f3nica: La telurita de litio tambi\u00e9n se puede utilizar en componentes electr\u00f3nicos, como condensadores, donde sus propiedades diel\u00e9ctricas pueden mejorar el rendimiento, especialmente en aplicaciones de alta frecuencia. Diel\u00e9ctricos y aislantes: Debido a sus buenas propiedades de aislamiento el\u00e9ctrico, el Li\u2082TeO\u2083 se explora como un material potencial para aplicaciones de alto voltaje y alta temperatura en dispositivos electr\u00f3nicos y sistemas de energ\u00eda. Bater\u00edas de estado s\u00f3lido: La investigaci\u00f3n sobre el potencial del telurito de litio como electrolito o componente en las bater\u00edas de estado s\u00f3lido est\u00e1 en curso. Sus propiedades podr\u00edan hacerlo \u00fatil como parte del electrolito en las bater\u00edas de iones de litio, aunque su conductividad i\u00f3nica relativamente baja limita esta aplicaci\u00f3n en la actualidad. <\/p>\n","protected":false},"excerpt":{"rendered":"<p>El telurito de litio (Li\u2082TeO\u2083) es un compuesto a base de litio que contiene telurio en su estado de oxidaci\u00f3n +4 y se estudia principalmente por sus propiedades como material diel\u00e9ctrico, en aplicaciones \u00f3pticas y como posible componente para tecnolog\u00edas de bater\u00edas. Si bien no se ha investigado tanto como otros compuestos de litio, la [&hellip;]<\/p>\n","protected":false},"featured_media":998669,"comment_status":"open","ping_status":"closed","template":"","meta":{"_acf_changed":false},"product_brand":[],"product_cat":[181],"product_tag":[],"class_list":{"0":"post-1009290","1":"product","2":"type-product","3":"status-publish","4":"has-post-thumbnail","6":"product_cat-materiales-calcogenuros","8":"first","9":"instock","10":"shipping-taxable","11":"product-type-variable"},"acf":[],"_links":{"self":[{"href":"https:\/\/vimaterial.de\/es\/wp-json\/wp\/v2\/product\/1009290","targetHints":{"allow":["GET"]}}],"collection":[{"href":"https:\/\/vimaterial.de\/es\/wp-json\/wp\/v2\/product"}],"about":[{"href":"https:\/\/vimaterial.de\/es\/wp-json\/wp\/v2\/types\/product"}],"replies":[{"embeddable":true,"href":"https:\/\/vimaterial.de\/es\/wp-json\/wp\/v2\/comments?post=1009290"}],"wp:featuredmedia":[{"embeddable":true,"href":"https:\/\/vimaterial.de\/es\/wp-json\/wp\/v2\/media\/998669"}],"wp:attachment":[{"href":"https:\/\/vimaterial.de\/es\/wp-json\/wp\/v2\/media?parent=1009290"}],"wp:term":[{"taxonomy":"product_brand","embeddable":true,"href":"https:\/\/vimaterial.de\/es\/wp-json\/wp\/v2\/product_brand?post=1009290"},{"taxonomy":"product_cat","embeddable":true,"href":"https:\/\/vimaterial.de\/es\/wp-json\/wp\/v2\/product_cat?post=1009290"},{"taxonomy":"product_tag","embeddable":true,"href":"https:\/\/vimaterial.de\/es\/wp-json\/wp\/v2\/product_tag?post=1009290"}],"curies":[{"name":"wp","href":"https:\/\/api.w.org\/{rel}","templated":true}]}}