{"id":1009273,"date":"2024-06-17T13:54:41","date_gmt":"2024-06-17T05:54:41","guid":{"rendered":"https:\/\/vimaterial.de\/product\/titanato-de-litio\/"},"modified":"2024-11-08T16:56:24","modified_gmt":"2024-11-08T08:56:24","slug":"titanato-de-litio","status":"publish","type":"product","link":"https:\/\/vimaterial.de\/es\/product\/titanato-de-litio\/","title":{"rendered":"Titanato de litio"},"content":{"rendered":"<p>El titanato de litio (Li\u2082TiO\u2083) es un compuesto a base de litio con propiedades interesantes para diversas aplicaciones, particularmente en los campos del almacenamiento de energ\u00eda y la ciencia de los materiales. Se estudia com\u00fanmente para su uso en bater\u00edas de estado s\u00f3lido y en la investigaci\u00f3n de fusi\u00f3n nuclear debido a su estabilidad y estructura qu\u00edmica \u00fanica. <\/p>\n<p>&nbsp;<\/p>\n<h2><span style=\"font-size: 14pt;\">Propiedades f\u00edsicas:<\/span><\/h2>\n<p>F\u00f3rmula qu\u00edmica:Li2TiO3<\/p>\n<p>Masa molar: 109,76 g \/ mol<\/p>\n<p>Aspecto:Polvo blanco<\/p>\n<p>Densidad:3,43 g\/cm3<\/p>\n<p>Punto de fusi\u00f3n: 1.325 \u00b0C (2.417 \u00b0F; 1.598 K)<\/p>\n<p>Estructura cristalina:Monocl\u00ednico<\/p>\n<p>&nbsp;<\/p>\n<h2><span style=\"font-size: 14pt;\">Aplicaciones:<\/span><\/h2>\n<p>Almacenamiento de energ\u00eda: La investigaci\u00f3n sobre el titanato de litio como material de \u00e1nodo para bater\u00edas de iones de litio est\u00e1 en curso. Su conductividad y estabilidad moderadas se consideran beneficios potenciales, especialmente en aplicaciones de almacenamiento de energ\u00eda de nicho donde la seguridad, la estabilidad y la larga vida \u00fatil del ciclo se priorizan sobre la densidad de energ\u00eda. Fusi\u00f3n nuclear: El Li\u2082TiO\u2083 ha sido investigado como parte de la manta cer\u00e1mica de litio utilizada en los reactores de fusi\u00f3n nuclear. El litio se utiliza en los reactores de fusi\u00f3n para producir tritio y absorber neutrones, y la forma de \u00f3xido del litio es qu\u00edmicamente estable y eficaz en estos entornos. Cat\u00e1lisis: El Li\u2082TiO\u2083 tambi\u00e9n ha mostrado algunas propiedades catal\u00edticas, lo que lo convierte en un candidato para su uso en procesos catal\u00edticos, aunque esto no est\u00e1 tan desarrollado como sus aplicaciones en el almacenamiento de energ\u00eda y la fusi\u00f3n nuclear. <\/p>\n<p>&nbsp;<\/p>\n<p>El titanato de litio (Li\u2082TiO\u2083) es un compuesto de litio con propiedades \u00fanicas, que incluyen estabilidad t\u00e9rmica, baja toxicidad y resistencia a altas temperaturas. Si bien su conductividad i\u00f3nica es m\u00e1s baja que la de otros materiales a base de litio, es prometedor en ciertas aplicaciones de nicho, como las bater\u00edas de estado s\u00f3lido y la fusi\u00f3n nuclear. Su uso principal hasta la fecha ha sido en el desarrollo de reactores de fusi\u00f3n, pero la investigaci\u00f3n en curso sobre sus propiedades podr\u00eda ampliar sus aplicaciones en el almacenamiento de energ\u00eda y la cat\u00e1lisis en el futuro.  <\/p>\n","protected":false},"excerpt":{"rendered":"<p>El titanato de litio (Li\u2082TiO\u2083) es un compuesto a base de litio con propiedades interesantes para diversas aplicaciones, particularmente en los campos del almacenamiento de energ\u00eda y la ciencia de los materiales. Se estudia com\u00fanmente para su uso en bater\u00edas de estado s\u00f3lido y en la investigaci\u00f3n de fusi\u00f3n nuclear debido a su estabilidad y [&hellip;]<\/p>\n","protected":false},"featured_media":998676,"comment_status":"open","ping_status":"closed","template":"","meta":{"_acf_changed":false},"product_brand":[],"product_cat":[180],"product_tag":[],"class_list":{"0":"post-1009273","1":"product","2":"type-product","3":"status-publish","4":"has-post-thumbnail","6":"product_cat-materiales-de-la-bateria","8":"first","9":"instock","10":"shipping-taxable","11":"product-type-variable"},"acf":[],"_links":{"self":[{"href":"https:\/\/vimaterial.de\/es\/wp-json\/wp\/v2\/product\/1009273","targetHints":{"allow":["GET"]}}],"collection":[{"href":"https:\/\/vimaterial.de\/es\/wp-json\/wp\/v2\/product"}],"about":[{"href":"https:\/\/vimaterial.de\/es\/wp-json\/wp\/v2\/types\/product"}],"replies":[{"embeddable":true,"href":"https:\/\/vimaterial.de\/es\/wp-json\/wp\/v2\/comments?post=1009273"}],"wp:featuredmedia":[{"embeddable":true,"href":"https:\/\/vimaterial.de\/es\/wp-json\/wp\/v2\/media\/998676"}],"wp:attachment":[{"href":"https:\/\/vimaterial.de\/es\/wp-json\/wp\/v2\/media?parent=1009273"}],"wp:term":[{"taxonomy":"product_brand","embeddable":true,"href":"https:\/\/vimaterial.de\/es\/wp-json\/wp\/v2\/product_brand?post=1009273"},{"taxonomy":"product_cat","embeddable":true,"href":"https:\/\/vimaterial.de\/es\/wp-json\/wp\/v2\/product_cat?post=1009273"},{"taxonomy":"product_tag","embeddable":true,"href":"https:\/\/vimaterial.de\/es\/wp-json\/wp\/v2\/product_tag?post=1009273"}],"curies":[{"name":"wp","href":"https:\/\/api.w.org\/{rel}","templated":true}]}}