{"id":1009263,"date":"2024-06-17T13:55:18","date_gmt":"2024-06-17T05:55:18","guid":{"rendered":"https:\/\/vimaterial.de\/product\/fosfato-de-litio-2\/"},"modified":"2024-11-08T16:43:17","modified_gmt":"2024-11-08T08:43:17","slug":"fosfato-de-litio-2","status":"publish","type":"product","link":"https:\/\/vimaterial.de\/es\/product\/fosfato-de-litio-2\/","title":{"rendered":"Fosfato de litio"},"content":{"rendered":"<p>El objetivo de pulverizaci\u00f3n cat\u00f3dica de fosfato de litio es un material utilizado en los procesos de deposici\u00f3n de pel\u00edculas delgadas, espec\u00edficamente para la pulverizaci\u00f3n cat\u00f3dica. La pulverizaci\u00f3n cat\u00f3dica es una t\u00e9cnica com\u00fanmente empleada en la producci\u00f3n de pel\u00edculas delgadas para diversas aplicaciones, incluidas la electr\u00f3nica, la \u00f3ptica y los dispositivos de almacenamiento de energ\u00eda. <\/p>\n<p>&nbsp;<\/p>\n<h2><span style=\"font-size: 14pt;\">Composici\u00f3n qu\u00edmica:<\/span><\/h2>\n<p>F\u00f3rmula: Li\u2083PO\u2084. Estructura: El fosfato de litio tiene una estructura cristalina que generalmente adopta una red monocl\u00ednica u ortorr\u00f3mbica seg\u00fan el m\u00e9todo de s\u00edntesis. El material contiene iones de litio (Li), f\u00f3sforo (P) y ox\u00edgeno (O). Pureza: Por lo general, se requiere una alta pureza (99,9% o m\u00e1s) para los objetivos de pulverizaci\u00f3n cat\u00f3dica para garantizar una deposici\u00f3n uniforme y pel\u00edculas delgadas de alta calidad.<\/p>\n<p>&nbsp;<\/p>\n<h2><span style=\"font-size: 14pt;\">Propiedades f\u00edsicas:<\/span><\/h2>\n<p>Apariencia: Los objetivos de pulverizaci\u00f3n cat\u00f3dica de fosfato de litio suelen ser discos s\u00f3lidos o placas circulares de material de alta pureza que tienen un aspecto gris a blanco, seg\u00fan las condiciones de procesamiento. Densidad: Alrededor de 2,6 g\/cm\u00b3, similar a otros materiales de fosfato. Punto de fusi\u00f3n: El fosfato de litio tiene un punto de fusi\u00f3n relativamente alto de alrededor de 1.300 \u00b0C, que es importante para la estabilidad del objetivo durante el proceso de pulverizaci\u00f3n cat\u00f3dica.<\/p>\n<p>&nbsp;<\/p>\n<h2><span style=\"font-size: 14pt;\">Aplicaciones:<\/span><\/h2>\n<p>Deposici\u00f3n de pel\u00edcula delgada: Las pel\u00edculas de fosfato de litio se utilizan en diversas aplicaciones, incluidos dispositivos de almacenamiento de energ\u00eda (como bater\u00edas de iones de litio), recubrimientos de semiconductores y recubrimientos \u00f3pticos. Tecnolog\u00eda de bater\u00edas: El uso del objetivo de pulverizaci\u00f3n cat\u00f3dica de fosfato de litio es de inter\u00e9s en la investigaci\u00f3n de bater\u00edas de iones de litio, particularmente para electrolitos o c\u00e1todos de estado s\u00f3lido donde el fosfato de litio es parte de los materiales del electrodo. Fotovoltaica: En la fabricaci\u00f3n de c\u00e9lulas solares, los recubrimientos de fosfato de litio se pueden utilizar para mejorar la conductividad el\u00e9ctrica o mejorar la eficiencia de ciertas tecnolog\u00edas fotovoltaicas. Recubrimientos \u00f3pticos: Las pel\u00edculas delgadas de fosfato de litio se pueden utilizar en aplicaciones \u00f3pticas, como recubrimientos antirreflectantes o filtros de pel\u00edcula delgada.<\/p>\n","protected":false},"excerpt":{"rendered":"<p>El objetivo de pulverizaci\u00f3n cat\u00f3dica de fosfato de litio es un material utilizado en los procesos de deposici\u00f3n de pel\u00edculas delgadas, espec\u00edficamente para la pulverizaci\u00f3n cat\u00f3dica. La pulverizaci\u00f3n cat\u00f3dica es una t\u00e9cnica com\u00fanmente empleada en la producci\u00f3n de pel\u00edculas delgadas para diversas aplicaciones, incluidas la electr\u00f3nica, la \u00f3ptica y los dispositivos de almacenamiento de energ\u00eda. [&hellip;]<\/p>\n","protected":false},"featured_media":998700,"comment_status":"open","ping_status":"closed","template":"","meta":{"_acf_changed":false},"product_brand":[],"product_cat":[178],"product_tag":[],"class_list":{"0":"post-1009263","1":"product","2":"type-product","3":"status-publish","4":"has-post-thumbnail","6":"product_cat-catodos-para-sputtering-planar","8":"first","9":"instock","10":"shipping-taxable","11":"product-type-variable"},"acf":[],"_links":{"self":[{"href":"https:\/\/vimaterial.de\/es\/wp-json\/wp\/v2\/product\/1009263","targetHints":{"allow":["GET"]}}],"collection":[{"href":"https:\/\/vimaterial.de\/es\/wp-json\/wp\/v2\/product"}],"about":[{"href":"https:\/\/vimaterial.de\/es\/wp-json\/wp\/v2\/types\/product"}],"replies":[{"embeddable":true,"href":"https:\/\/vimaterial.de\/es\/wp-json\/wp\/v2\/comments?post=1009263"}],"wp:featuredmedia":[{"embeddable":true,"href":"https:\/\/vimaterial.de\/es\/wp-json\/wp\/v2\/media\/998700"}],"wp:attachment":[{"href":"https:\/\/vimaterial.de\/es\/wp-json\/wp\/v2\/media?parent=1009263"}],"wp:term":[{"taxonomy":"product_brand","embeddable":true,"href":"https:\/\/vimaterial.de\/es\/wp-json\/wp\/v2\/product_brand?post=1009263"},{"taxonomy":"product_cat","embeddable":true,"href":"https:\/\/vimaterial.de\/es\/wp-json\/wp\/v2\/product_cat?post=1009263"},{"taxonomy":"product_tag","embeddable":true,"href":"https:\/\/vimaterial.de\/es\/wp-json\/wp\/v2\/product_tag?post=1009263"}],"curies":[{"name":"wp","href":"https:\/\/api.w.org\/{rel}","templated":true}]}}