{"id":1009260,"date":"2024-06-17T13:54:42","date_gmt":"2024-06-17T05:54:42","guid":{"rendered":"https:\/\/vimaterial.de\/product\/fosfato-de-litio\/"},"modified":"2024-11-08T16:47:30","modified_gmt":"2024-11-08T08:47:30","slug":"fosfato-de-litio","status":"publish","type":"product","link":"https:\/\/vimaterial.de\/es\/product\/fosfato-de-litio\/","title":{"rendered":"Fosfato de litio"},"content":{"rendered":"<p>El fosfato de litio (Li\u2083PO\u2084) es un compuesto inorg\u00e1nico compuesto de litio, f\u00f3sforo y ox\u00edgeno. Tiene una variedad de usos importantes en qu\u00edmica y ciencia de materiales, particularmente en sistemas de almacenamiento de energ\u00eda, incluidas las bater\u00edas de iones de litio y las bater\u00edas de estado s\u00f3lido. <\/p>\n<p>&nbsp;<\/p>\n<h2><span style=\"font-size: 14pt;\">Propiedades:<\/span><\/h2>\n<p>F\u00f3rmula molecular: Li3PO4 Peso molecular: 115,79 g \/ mol Forma: Polvo Color: blanco Densidad: 2,54 g \/ cm3 Punto de fusi\u00f3n: 837 \u00b0C Solubilidad: Insoluble en agua fr\u00eda<\/p>\n<p>&nbsp;<\/p>\n<h2><span style=\"font-size: 14pt;\">Aplicaciones:<\/span><\/h2>\n<p>Almacenamiento de energ\u00eda: El fosfato de litio es de inter\u00e9s en las bater\u00edas de iones de litio y de estado s\u00f3lido debido a su estabilidad. Se ha explorado como material cat\u00f3dico en bater\u00edas, particularmente en combinaci\u00f3n con otros compuestos de litio o en sistemas h\u00edbridos. Bater\u00edas de iones de litio: Si bien son menos comunes que otros materiales cat\u00f3dicos como el fosfato de hierro y litio (LiFePO \u2084), el fosfato de litio se puede usar en aplicaciones espec\u00edficas de bajo voltaje y alta estabilidad, incluida la energ\u00eda de respaldo y los sistemas de almacenamiento de energ\u00eda. Cer\u00e1mica: El fosfato de litio se utiliza en cer\u00e1mica, ya que puede ayudar a mejorar las propiedades el\u00e9ctricas y la estabilidad mec\u00e1nica de los materiales cer\u00e1micos. Deposici\u00f3n de pel\u00edcula delgada: Se utiliza en procesos de pulverizaci\u00f3n cat\u00f3dica para depositar pel\u00edculas delgadas de fosfato de litio, que se pueden aplicar en c\u00e9lulas solares, dispositivos semiconductores y varios recubrimientos para dispositivos electr\u00f3nicos. Vidrio y \u00f3ptica: A veces se utiliza como componente en la fabricaci\u00f3n de vidrios especiales o recubrimientos \u00f3pticos debido a su estabilidad t\u00e9rmica y capacidad para alterar el \u00edndice de refracci\u00f3n de los materiales. <\/p>\n<p>&nbsp;<\/p>\n","protected":false},"excerpt":{"rendered":"<p>El fosfato de litio (Li\u2083PO\u2084) es un compuesto inorg\u00e1nico compuesto de litio, f\u00f3sforo y ox\u00edgeno. Tiene una variedad de usos importantes en qu\u00edmica y ciencia de materiales, particularmente en sistemas de almacenamiento de energ\u00eda, incluidas las bater\u00edas de iones de litio y las bater\u00edas de estado s\u00f3lido. &nbsp; Propiedades: F\u00f3rmula molecular: Li3PO4 Peso molecular: 115,79 [&hellip;]<\/p>\n","protected":false},"featured_media":998700,"comment_status":"open","ping_status":"closed","template":"","meta":{"_acf_changed":false},"product_brand":[],"product_cat":[180],"product_tag":[],"class_list":{"0":"post-1009260","1":"product","2":"type-product","3":"status-publish","4":"has-post-thumbnail","6":"product_cat-materiales-de-la-bateria","8":"first","9":"instock","10":"shipping-taxable","11":"purchasable","12":"product-type-variable"},"acf":[],"_links":{"self":[{"href":"https:\/\/vimaterial.de\/es\/wp-json\/wp\/v2\/product\/1009260","targetHints":{"allow":["GET"]}}],"collection":[{"href":"https:\/\/vimaterial.de\/es\/wp-json\/wp\/v2\/product"}],"about":[{"href":"https:\/\/vimaterial.de\/es\/wp-json\/wp\/v2\/types\/product"}],"replies":[{"embeddable":true,"href":"https:\/\/vimaterial.de\/es\/wp-json\/wp\/v2\/comments?post=1009260"}],"wp:featuredmedia":[{"embeddable":true,"href":"https:\/\/vimaterial.de\/es\/wp-json\/wp\/v2\/media\/998700"}],"wp:attachment":[{"href":"https:\/\/vimaterial.de\/es\/wp-json\/wp\/v2\/media?parent=1009260"}],"wp:term":[{"taxonomy":"product_brand","embeddable":true,"href":"https:\/\/vimaterial.de\/es\/wp-json\/wp\/v2\/product_brand?post=1009260"},{"taxonomy":"product_cat","embeddable":true,"href":"https:\/\/vimaterial.de\/es\/wp-json\/wp\/v2\/product_cat?post=1009260"},{"taxonomy":"product_tag","embeddable":true,"href":"https:\/\/vimaterial.de\/es\/wp-json\/wp\/v2\/product_tag?post=1009260"}],"curies":[{"name":"wp","href":"https:\/\/api.w.org\/{rel}","templated":true}]}}