{"id":1009232,"date":"2024-06-17T13:55:22","date_gmt":"2024-06-17T05:55:22","guid":{"rendered":"https:\/\/vimaterial.de\/product\/fosfato-de-litio-y-vanadio\/"},"modified":"2024-11-08T16:37:45","modified_gmt":"2024-11-08T08:37:45","slug":"fosfato-de-litio-y-vanadio","status":"publish","type":"product","link":"https:\/\/vimaterial.de\/es\/product\/fosfato-de-litio-y-vanadio\/","title":{"rendered":"Fosfato de litio y vanadio"},"content":{"rendered":"<p>&nbsp;<\/p>\n<p>El fosfato de litio y vanadio (Li\u2083V\u2082(PO\u2084)\u2083) es un compuesto emergente utilizado en el campo de las bater\u00edas de iones de litio, particularmente como material cat\u00f3dico. Combina la estabilidad y la alta densidad de energ\u00eda de los compuestos de fosfato con los beneficios de rendimiento electroqu\u00edmico del vanadio. <\/p>\n<p>&nbsp;<\/p>\n<h2><span style=\"font-size: 14pt;\">Composici\u00f3n qu\u00edmica:<\/span><\/h2>\n<p>F\u00f3rmula: Li\u2083V\u2082(PO\u2084)\u2083. Estructura: El fosfato de litio y vanadio tiene una estructura cristalina monocl\u00ednica, que proporciona un buen marco para la difusi\u00f3n de iones de litio. Su estructura est\u00e1 estrechamente relacionada con otros c\u00e1todos a base de fosfato, que son conocidos por su estabilidad y seguridad. Iones involucrados: El compuesto contiene litio (Li), vanadio (V), f\u00f3sforo (P) y ox\u00edgeno (O), y el vanadio desempe\u00f1a un papel clave en la mejora de las propiedades electroqu\u00edmicas.<\/p>\n<p>&nbsp;<\/p>\n<h2><span style=\"font-size: 14pt;\">Propiedades f\u00edsicas:<\/span><\/h2>\n<p>Aspecto: Por lo general, aparece como un polvo gris o negro o un s\u00f3lido cristalino. Densidad: Aproximadamente 3,0 g\/cm\u00b3, similar a otros materiales a base de fosfato. Tama\u00f1o de part\u00edcula: Para un rendimiento \u00f3ptimo de la bater\u00eda, a menudo se procesa en polvos finos o formas nanoestructuradas para mejorar la conductividad y el \u00e1rea de superficie.<\/p>\n<p>&nbsp;<\/p>\n<h2><span style=\"font-size: 14pt;\">Aplicaciones:<\/span><\/h2>\n<p>Sistemas de almacenamiento de energ\u00eda: El fosfato de litio y vanadio (Li\u2083V\u2082(PO\u2084)\u2083) se utiliza en sistemas de almacenamiento de energ\u00eda a gran escala (como el almacenamiento en la red) debido a su larga vida \u00fatil y estabilidad. Veh\u00edculos el\u00e9ctricos (EV): Se puede utilizar en bater\u00edas para veh\u00edculos el\u00e9ctricos donde la seguridad, la larga vida \u00fatil y la estabilidad t\u00e9rmica son importantes, aunque su densidad de energ\u00eda es menor que la de otros materiales cat\u00f3dicos como el \u00f3xido de aluminio (NCA) de litio, n\u00edquel, cobalto y aluminio (LFP). Electr\u00f3nica port\u00e1til: El fosfato de litio y vanadio (Li\u2083V\u2082(PO\u2084)\u2083) es adecuado para dispositivos electr\u00f3nicos port\u00e1tiles, especialmente cuando se requiere un ciclo de vida m\u00e1s prolongado y un funcionamiento seguro y estable. Militar y aeroespacial: Debido a su seguridad y estabilidad, podr\u00eda considerarse para aplicaciones militares y aeroespaciales, donde la fiabilidad y el rendimiento a lo largo del tiempo son cr\u00edticos.<\/p>\n<p>&nbsp;<\/p>\n","protected":false},"excerpt":{"rendered":"<p>&nbsp; El fosfato de litio y vanadio (Li\u2083V\u2082(PO\u2084)\u2083) es un compuesto emergente utilizado en el campo de las bater\u00edas de iones de litio, particularmente como material cat\u00f3dico. Combina la estabilidad y la alta densidad de energ\u00eda de los compuestos de fosfato con los beneficios de rendimiento electroqu\u00edmico del vanadio. &nbsp; Composici\u00f3n qu\u00edmica: F\u00f3rmula: Li\u2083V\u2082(PO\u2084)\u2083. Estructura: [&hellip;]<\/p>\n","protected":false},"featured_media":998716,"comment_status":"open","ping_status":"closed","template":"","meta":{"_acf_changed":false},"product_brand":[],"product_cat":[180],"product_tag":[],"class_list":{"0":"post-1009232","1":"product","2":"type-product","3":"status-publish","4":"has-post-thumbnail","6":"product_cat-materiales-de-la-bateria","8":"first","9":"instock","10":"shipping-taxable","11":"purchasable","12":"product-type-variable"},"acf":[],"_links":{"self":[{"href":"https:\/\/vimaterial.de\/es\/wp-json\/wp\/v2\/product\/1009232","targetHints":{"allow":["GET"]}}],"collection":[{"href":"https:\/\/vimaterial.de\/es\/wp-json\/wp\/v2\/product"}],"about":[{"href":"https:\/\/vimaterial.de\/es\/wp-json\/wp\/v2\/types\/product"}],"replies":[{"embeddable":true,"href":"https:\/\/vimaterial.de\/es\/wp-json\/wp\/v2\/comments?post=1009232"}],"wp:featuredmedia":[{"embeddable":true,"href":"https:\/\/vimaterial.de\/es\/wp-json\/wp\/v2\/media\/998716"}],"wp:attachment":[{"href":"https:\/\/vimaterial.de\/es\/wp-json\/wp\/v2\/media?parent=1009232"}],"wp:term":[{"taxonomy":"product_brand","embeddable":true,"href":"https:\/\/vimaterial.de\/es\/wp-json\/wp\/v2\/product_brand?post=1009232"},{"taxonomy":"product_cat","embeddable":true,"href":"https:\/\/vimaterial.de\/es\/wp-json\/wp\/v2\/product_cat?post=1009232"},{"taxonomy":"product_tag","embeddable":true,"href":"https:\/\/vimaterial.de\/es\/wp-json\/wp\/v2\/product_tag?post=1009232"}],"curies":[{"name":"wp","href":"https:\/\/api.w.org\/{rel}","templated":true}]}}