{"id":1009224,"date":"2024-06-17T14:10:26","date_gmt":"2024-06-17T06:10:26","guid":{"rendered":"https:\/\/vimaterial.de\/product\/oxido-de-magnesio-2\/"},"modified":"2024-11-14T11:01:10","modified_gmt":"2024-11-14T03:01:10","slug":"oxido-de-magnesio-2","status":"publish","type":"product","link":"https:\/\/vimaterial.de\/es\/product\/oxido-de-magnesio-2\/","title":{"rendered":"\u00d3xido de magnesio"},"content":{"rendered":"<p>Los gr\u00e1nulos de \u00f3xido de magnesio son una forma de MgO producida en forma de gr\u00e1nulos o gr\u00e1nulos peque\u00f1os y s\u00f3lidos. Esta forma granulada es muy vers\u00e1til y se utiliza ampliamente en aplicaciones industriales, agr\u00edcolas y medioambientales debido a su excelente estabilidad t\u00e9rmica, basicidad y capacidad para neutralizar la acidez. A menudo se prefieren los gr\u00e1nulos a los polvos en aplicaciones que requieren propiedades controladas de liberaci\u00f3n lenta o donde es necesario minimizar la generaci\u00f3n de polvo.  <\/p>\n<h2><span style=\"font-size: 14pt;\">Propiedades<\/span><\/h2>\n<p>F\u00f3rmula qu\u00edmica:MgO<\/p>\n<p>Masa molar:40.304 g\/mol<\/p>\n<p>Aspecto:Polvo blanco<\/p>\n<p>Olor:Inodoro<\/p>\n<p>Densidad:3,6 g\/cm3<\/p>\n<p>Punto de fusi\u00f3n: 2.852 \u00b0C (5.166 \u00b0F; 3.125 K)<\/p>\n<p>Punto de ebullici\u00f3n: 3.600 \u00b0C (6.510 \u00b0F; 3.870 K)<\/p>\n<p>Solubilidad:Soluble en \u00e1cido, amon\u00edaco insoluble en alcohol<\/p>\n<h2><span style=\"font-size: 14pt;\">Aplicaciones<\/span><\/h2>\n<p>Agricultura y alimentaci\u00f3n animal: Los gr\u00e1nulos de \u00f3xido de magnesio son una fuente importante de magnesio para los cultivos y el ganado. Se utilizan para corregir deficiencias de magnesio en los suelos (como fertilizante de liberaci\u00f3n lenta) y como suplemento mineral en la alimentaci\u00f3n animal, mejorando la salud \u00f3sea y la productividad en el ganado. Tratamiento ambiental: Los gr\u00e1nulos de \u00f3xido de magnesio neutralizan las aguas y los suelos \u00e1cidos, lo que los hace adecuados para el tratamiento del agua, el ajuste del pH del suelo y la neutralizaci\u00f3n de aguas residuales. Su forma granulada permite una disoluci\u00f3n lenta y controlada, lo que es ventajoso en estas aplicaciones. Materiales refractarios: Debido a su estabilidad t\u00e9rmica, los gr\u00e1nulos de \u00f3xido de magnesio se utilizan en revestimientos refractarios para hornos, hornos y equipos de procesamiento a alta temperatura en industrias como la sider\u00fargica y la producci\u00f3n de vidrio. Aditivos y catalizadores de combustibles: Los gr\u00e1nulos de \u00f3xido de magnesio tambi\u00e9n se utilizan en procesos catal\u00edticos y como aditivo estabilizador en el combustible, lo que ayuda a absorber impurezas y reducir el contenido de azufre. Construcci\u00f3n: El MgO se utiliza en ciertos materiales de construcci\u00f3n, como productos ign\u00edfugos y tableros. A menudo se incluyen gr\u00e1nulos en estas mezclas para proporcionar resistencia al fuego y reducir la densidad del material. <\/p>\n","protected":false},"excerpt":{"rendered":"<p>Los gr\u00e1nulos de \u00f3xido de magnesio son una forma de MgO producida en forma de gr\u00e1nulos o gr\u00e1nulos peque\u00f1os y s\u00f3lidos. Esta forma granulada es muy vers\u00e1til y se utiliza ampliamente en aplicaciones industriales, agr\u00edcolas y medioambientales debido a su excelente estabilidad t\u00e9rmica, basicidad y capacidad para neutralizar la acidez. A menudo se prefieren los [&hellip;]<\/p>\n","protected":false},"featured_media":999584,"comment_status":"open","ping_status":"closed","template":"","meta":{"_acf_changed":false},"product_brand":[],"product_cat":[179],"product_tag":[],"class_list":{"0":"post-1009224","1":"product","2":"type-product","3":"status-publish","4":"has-post-thumbnail","6":"product_cat-materiales-de-evaporacion","8":"first","9":"instock","10":"shipping-taxable","11":"product-type-variable"},"acf":[],"_links":{"self":[{"href":"https:\/\/vimaterial.de\/es\/wp-json\/wp\/v2\/product\/1009224","targetHints":{"allow":["GET"]}}],"collection":[{"href":"https:\/\/vimaterial.de\/es\/wp-json\/wp\/v2\/product"}],"about":[{"href":"https:\/\/vimaterial.de\/es\/wp-json\/wp\/v2\/types\/product"}],"replies":[{"embeddable":true,"href":"https:\/\/vimaterial.de\/es\/wp-json\/wp\/v2\/comments?post=1009224"}],"wp:featuredmedia":[{"embeddable":true,"href":"https:\/\/vimaterial.de\/es\/wp-json\/wp\/v2\/media\/999584"}],"wp:attachment":[{"href":"https:\/\/vimaterial.de\/es\/wp-json\/wp\/v2\/media?parent=1009224"}],"wp:term":[{"taxonomy":"product_brand","embeddable":true,"href":"https:\/\/vimaterial.de\/es\/wp-json\/wp\/v2\/product_brand?post=1009224"},{"taxonomy":"product_cat","embeddable":true,"href":"https:\/\/vimaterial.de\/es\/wp-json\/wp\/v2\/product_cat?post=1009224"},{"taxonomy":"product_tag","embeddable":true,"href":"https:\/\/vimaterial.de\/es\/wp-json\/wp\/v2\/product_tag?post=1009224"}],"curies":[{"name":"wp","href":"https:\/\/api.w.org\/{rel}","templated":true}]}}