{"id":1009190,"date":"2024-06-17T14:07:30","date_gmt":"2024-06-17T06:07:30","guid":{"rendered":"https:\/\/vimaterial.de\/product\/silicato-de-magnesio-2\/"},"modified":"2024-11-13T16:04:15","modified_gmt":"2024-11-13T08:04:15","slug":"silicato-de-magnesio-2","status":"publish","type":"product","link":"https:\/\/vimaterial.de\/es\/product\/silicato-de-magnesio-2\/","title":{"rendered":"Silicato de magnesio"},"content":{"rendered":"<p>El objetivo de pulverizaci\u00f3n cat\u00f3dica de silicato de magnesio es una forma especializada de silicato de magnesio dise\u00f1ada para su uso en procesos de deposici\u00f3n de pel\u00edcula delgada, como la pulverizaci\u00f3n cat\u00f3dica. Estos objetivos a menudo se fabrican como discos s\u00f3lidos u otras formas, optimizados para la transferencia uniforme de material en sistemas de deposici\u00f3n f\u00edsica de vapor (PVD), particularmente en aplicaciones de investigaci\u00f3n, electr\u00f3nica y \u00f3pticas. <\/p>\n<h2><span style=\"font-size: 14pt;\">Propiedades f\u00edsicas:<\/span><\/h2>\n<p>Aspecto: Generalmente de color gris a blanco, con una estructura densa y uniforme para garantizar la consistencia en la pulverizaci\u00f3n cat\u00f3dica. Pureza: La alta pureza, a menudo \u2265 99,9%, es est\u00e1ndar para la mayor\u00eda de las aplicaciones de pel\u00edcula delgada para evitar la introducci\u00f3n de impurezas en la pel\u00edcula. Densidad: Var\u00eda seg\u00fan la formulaci\u00f3n espec\u00edfica, pero normalmente oscila entre 2,5 y 3,0 g\/cm\u00b3, lo que garantiza la durabilidad bajo altas energ\u00edas de pulverizaci\u00f3n cat\u00f3dica. Punto de fusi\u00f3n: Alrededor de 1557 \u00b0C (2835 \u00b0F), aunque el rendimiento real se rige por la conductividad t\u00e9rmica y la resistencia del objetivo bajo el bombardeo de plasma.<\/p>\n<h2><span style=\"font-size: 14pt;\">Aplicaciones:<\/span><\/h2>\n<p>Recubrimientos \u00f3pticos: El objetivo de pulverizaci\u00f3n cat\u00f3dica de silicato de magnesio se utiliza para crear pel\u00edculas delgadas con propiedades \u00f3pticas adecuadas para recubrimientos antirreflectantes o reflectantes en vidrio y otros sustratos. Fabricaci\u00f3n de semiconductores: El objetivo de pulverizaci\u00f3n cat\u00f3dica de silicato de magnesio se utiliza en la deposici\u00f3n de capas aislantes o diel\u00e9ctricas, lo que contribuye a la estabilidad y confiabilidad del circuito. Transistores de pel\u00edcula delgada (TFT): Esenciales en electr\u00f3nica para crear capas aislantes o de pasivaci\u00f3n espec\u00edficas en TFT y otros dispositivos microelectr\u00f3nicos. Recubrimientos protectores: Proporciona recubrimientos resistentes a la corrosi\u00f3n o al desgaste para varios componentes mec\u00e1nicos y \u00f3pticos.<\/p>\n<h2><span style=\"font-size: 14pt;\">Manejo y seguridad:<\/span><\/h2>\n<p>Almacenamiento: Los objetivos deben almacenarse en un ambiente limpio y seco para evitar la contaminaci\u00f3n antes de su uso. Precauciones: El polvo de silicato de magnesio puede ser da\u00f1ino si se inhala; Por lo tanto, se recomiendan precauciones de manipulaci\u00f3n, incluido el uso de equipo de protecci\u00f3n, durante la preparaci\u00f3n y la instalaci\u00f3n.<\/p>\n","protected":false},"excerpt":{"rendered":"<p>El objetivo de pulverizaci\u00f3n cat\u00f3dica de silicato de magnesio es una forma especializada de silicato de magnesio dise\u00f1ada para su uso en procesos de deposici\u00f3n de pel\u00edcula delgada, como la pulverizaci\u00f3n cat\u00f3dica. Estos objetivos a menudo se fabrican como discos s\u00f3lidos u otras formas, optimizados para la transferencia uniforme de material en sistemas de deposici\u00f3n [&hellip;]<\/p>\n","protected":false},"featured_media":999611,"comment_status":"open","ping_status":"closed","template":"","meta":{"_acf_changed":false},"product_brand":[],"product_cat":[178],"product_tag":[],"class_list":{"0":"post-1009190","1":"product","2":"type-product","3":"status-publish","4":"has-post-thumbnail","6":"product_cat-catodos-para-sputtering-planar","8":"first","9":"instock","10":"shipping-taxable","11":"purchasable","12":"product-type-variable"},"acf":[],"_links":{"self":[{"href":"https:\/\/vimaterial.de\/es\/wp-json\/wp\/v2\/product\/1009190","targetHints":{"allow":["GET"]}}],"collection":[{"href":"https:\/\/vimaterial.de\/es\/wp-json\/wp\/v2\/product"}],"about":[{"href":"https:\/\/vimaterial.de\/es\/wp-json\/wp\/v2\/types\/product"}],"replies":[{"embeddable":true,"href":"https:\/\/vimaterial.de\/es\/wp-json\/wp\/v2\/comments?post=1009190"}],"wp:featuredmedia":[{"embeddable":true,"href":"https:\/\/vimaterial.de\/es\/wp-json\/wp\/v2\/media\/999611"}],"wp:attachment":[{"href":"https:\/\/vimaterial.de\/es\/wp-json\/wp\/v2\/media?parent=1009190"}],"wp:term":[{"taxonomy":"product_brand","embeddable":true,"href":"https:\/\/vimaterial.de\/es\/wp-json\/wp\/v2\/product_brand?post=1009190"},{"taxonomy":"product_cat","embeddable":true,"href":"https:\/\/vimaterial.de\/es\/wp-json\/wp\/v2\/product_cat?post=1009190"},{"taxonomy":"product_tag","embeddable":true,"href":"https:\/\/vimaterial.de\/es\/wp-json\/wp\/v2\/product_tag?post=1009190"}],"curies":[{"name":"wp","href":"https:\/\/api.w.org\/{rel}","templated":true}]}}