{"id":1009188,"date":"2024-06-17T14:06:49","date_gmt":"2024-06-17T06:06:49","guid":{"rendered":"https:\/\/vimaterial.de\/product\/silicato-de-magnesio\/"},"modified":"2024-11-13T15:53:08","modified_gmt":"2024-11-13T07:53:08","slug":"silicato-de-magnesio","status":"publish","type":"product","link":"https:\/\/vimaterial.de\/es\/product\/silicato-de-magnesio\/","title":{"rendered":"Silicato de magnesio"},"content":{"rendered":"<p>El silicato de magnesio es un compuesto inorg\u00e1nico con la f\u00f3rmula general MgSiO3, que representa varios minerales de silicato de magnesio, como la enstatita y la forsterita. El silicato de magnesio se encuentra com\u00fanmente tanto en formas minerales naturales como en formas sint\u00e9ticas para usos industriales. <\/p>\n<h2><span style=\"font-size: 14pt;\">Propiedades f\u00edsicas:<\/span><\/h2>\n<p>Aspecto: Blanco, polvo inodoro o s\u00f3lido cristalino, dependiendo del tipo espec\u00edfico. Densidad: Var\u00eda seg\u00fan el tipo; El silicato de magnesio amorfo tiene una densidad de alrededor de 2,5 g\/cm\u00b3, mientras que las formas cristalinas como la forsterita pueden ser m\u00e1s densas. Punto de fusi\u00f3n: Alto punto de fusi\u00f3n alrededor de 1557 \u00b0C (2835 \u00b0F) para minerales de silicato de magnesio. Solubilidad: Insoluble en agua, aunque puede absorber una cantidad significativa de humedad debido a su estructura porosa.<\/p>\n<h2><span style=\"font-size: 14pt;\">Aplicaciones:<\/span><\/h2>\n<p>Anti\u00e1cido: En medicina, el silicato de magnesio se utiliza como anti\u00e1cido debido a su capacidad para neutralizar el \u00e1cido estomacal. Alimentos y bebidas: Se emplea como agente antiaglomerante y filtrante en diversas aplicaciones de alimentos y bebidas. Productos farmac\u00e9uticos: A menudo se utilizan como relleno y agente de flujo en formulaciones de tabletas y como absorbente de l\u00edquidos. Usos Industriales:<\/p>\n<ul>\n<li>Caucho y pl\u00e1sticos: Se utiliza como relleno para mejorar la durabilidad y mejorar la procesabilidad.<\/li>\n<li>Cosm\u00e9ticos: Debido a su textura lisa y suave, se usa com\u00fanmente en polvos, lociones y cremas como ingrediente base.<\/li>\n<li>Tratamiento de agua: Act\u00faa como coadyuvante de filtraci\u00f3n para eliminar part\u00edculas en suspensi\u00f3n y otras impurezas.<\/li>\n<\/ul>\n","protected":false},"excerpt":{"rendered":"<p>El silicato de magnesio es un compuesto inorg\u00e1nico con la f\u00f3rmula general MgSiO3, que representa varios minerales de silicato de magnesio, como la enstatita y la forsterita. El silicato de magnesio se encuentra com\u00fanmente tanto en formas minerales naturales como en formas sint\u00e9ticas para usos industriales. Propiedades f\u00edsicas: Aspecto: Blanco, polvo inodoro o s\u00f3lido cristalino, [&hellip;]<\/p>\n","protected":false},"featured_media":999605,"comment_status":"open","ping_status":"closed","template":"","meta":{"_acf_changed":false},"product_brand":[],"product_cat":[187],"product_tag":[],"class_list":{"0":"post-1009188","1":"product","2":"type-product","3":"status-publish","4":"has-post-thumbnail","6":"product_cat-otros-materiales","8":"first","9":"instock","10":"shipping-taxable","11":"purchasable","12":"product-type-variable"},"acf":[],"_links":{"self":[{"href":"https:\/\/vimaterial.de\/es\/wp-json\/wp\/v2\/product\/1009188","targetHints":{"allow":["GET"]}}],"collection":[{"href":"https:\/\/vimaterial.de\/es\/wp-json\/wp\/v2\/product"}],"about":[{"href":"https:\/\/vimaterial.de\/es\/wp-json\/wp\/v2\/types\/product"}],"replies":[{"embeddable":true,"href":"https:\/\/vimaterial.de\/es\/wp-json\/wp\/v2\/comments?post=1009188"}],"wp:featuredmedia":[{"embeddable":true,"href":"https:\/\/vimaterial.de\/es\/wp-json\/wp\/v2\/media\/999605"}],"wp:attachment":[{"href":"https:\/\/vimaterial.de\/es\/wp-json\/wp\/v2\/media?parent=1009188"}],"wp:term":[{"taxonomy":"product_brand","embeddable":true,"href":"https:\/\/vimaterial.de\/es\/wp-json\/wp\/v2\/product_brand?post=1009188"},{"taxonomy":"product_cat","embeddable":true,"href":"https:\/\/vimaterial.de\/es\/wp-json\/wp\/v2\/product_cat?post=1009188"},{"taxonomy":"product_tag","embeddable":true,"href":"https:\/\/vimaterial.de\/es\/wp-json\/wp\/v2\/product_tag?post=1009188"}],"curies":[{"name":"wp","href":"https:\/\/api.w.org\/{rel}","templated":true}]}}