{"id":1009146,"date":"2024-06-17T14:11:25","date_gmt":"2024-06-17T06:11:25","guid":{"rendered":"https:\/\/vimaterial.de\/product\/titanato-de-magnesio\/"},"modified":"2024-11-14T11:25:51","modified_gmt":"2024-11-14T03:25:51","slug":"titanato-de-magnesio","status":"publish","type":"product","link":"https:\/\/vimaterial.de\/es\/product\/titanato-de-magnesio\/","title":{"rendered":"Titanato de magnesio"},"content":{"rendered":"<p>El titanato de magnesio (MgTiO\u2083) es un compuesto inorg\u00e1nico compuesto por \u00f3xido de magnesio (MgO) y di\u00f3xido de titanio (TiO\u2082). Es un miembro de la familia de materiales de perovskita y es conocido por sus propiedades el\u00e9ctricas, t\u00e9rmicas y mec\u00e1nicas \u00fanicas, que lo hacen \u00fatil en una variedad de aplicaciones, incluidas cer\u00e1micas, electr\u00f3nica y catalizadores. <\/p>\n<h2><span style=\"font-size: 14pt;\">Propiedades del titanato de magnesio<\/span><\/h2>\n<p>F\u00f3rmula qu\u00edmica: MgTiO\u2083 Estructura cristalina: El titanato de magnesio cristaliza en una estructura de perovskita, que es una caracter\u00edstica com\u00fan de muchos materiales cer\u00e1micos funcionales. Esta estructura consiste en una red c\u00fabica con un ion de titanio central rodeado de iones de ox\u00edgeno e iones de magnesio que ocupan los sitios intersticiales de la red. Propiedades diel\u00e9ctricas: El MgTiO\u2083 tiene una constante diel\u00e9ctrica relativamente alta y una p\u00e9rdida baja, lo que lo hace valioso en aplicaciones electr\u00f3nicas, particularmente en condensadores y otros componentes diel\u00e9ctricos. Estabilidad t\u00e9rmica: El titanato de magnesio tiene una excelente estabilidad t\u00e9rmica, lo que lo hace adecuado para su uso en entornos de alta temperatura. Puede soportar el calor sin una degradaci\u00f3n significativa. Conductividad el\u00e9ctrica: El MgTiO\u2083 es un aislante en condiciones normales, pero sus propiedades pueden modificarse mediante dopaje con otros elementos o alterando su estructura. Propiedades mec\u00e1nicas: El material es mec\u00e1nicamente fuerte, con alta resistencia al desgaste y a la deformaci\u00f3n. Tambi\u00e9n es t\u00e9rmica y qu\u00edmicamente estable en la mayor\u00eda de las condiciones industriales.<\/p>\n<h2><span style=\"font-size: 14pt;\">Aplicaciones<\/span><\/h2>\n<p>Condensadores y materiales diel\u00e9ctricos: El MgTiO\u2083 se utiliza en la fabricaci\u00f3n de condensadores y otros componentes diel\u00e9ctricos, gracias a su alta constante diel\u00e9ctrica y bajas p\u00e9rdidas el\u00e9ctricas. Aislamiento t\u00e9rmico: La alta estabilidad t\u00e9rmica del material lo hace adecuado para su uso en aplicaciones de aislamiento de alta temperatura, como en revestimientos de hornos y como barrera t\u00e9rmica en otros entornos industriales. Dispositivos piezoel\u00e9ctricos: El titanato de magnesio se puede usar en aplicaciones piezoel\u00e9ctricas cuando est\u00e1 dopado o modificado, incluso en sensores y actuadores, aunque esto es menos com\u00fan que otros materiales como el titanato de circonato de plomo (PZT). Catalizadores y soportes catalizantes: El MgTiO\u2083 se utiliza como soporte catalizador en ciertas reacciones qu\u00edmicas, particularmente en la producci\u00f3n de hidr\u00f3geno o en la reducci\u00f3n de ciertos contaminantes. Su estabilidad y propiedades superficiales lo hacen eficaz para estos usos. Cer\u00e1mica: El titanato de magnesio se usa ampliamente en aplicaciones cer\u00e1micas avanzadas, incluso como componente en ferritas, dispositivos de microondas y en la producci\u00f3n de cer\u00e1mica aislante para componentes electr\u00f3nicos. C\u00e9lulas solares: Debido a sus propiedades estables, el MgTiO\u2083 tambi\u00e9n se est\u00e1 explorando para su uso en aplicaciones de energ\u00eda solar, como en c\u00e9lulas solares de pel\u00edcula delgada o como parte de la tecnolog\u00eda de c\u00e9lulas solares de perovskita.<\/p>\n","protected":false},"excerpt":{"rendered":"<p>El titanato de magnesio (MgTiO\u2083) es un compuesto inorg\u00e1nico compuesto por \u00f3xido de magnesio (MgO) y di\u00f3xido de titanio (TiO\u2082). Es un miembro de la familia de materiales de perovskita y es conocido por sus propiedades el\u00e9ctricas, t\u00e9rmicas y mec\u00e1nicas \u00fanicas, que lo hacen \u00fatil en una variedad de aplicaciones, incluidas cer\u00e1micas, electr\u00f3nica y catalizadores. [&hellip;]<\/p>\n","protected":false},"featured_media":999626,"comment_status":"open","ping_status":"closed","template":"","meta":{"_acf_changed":false},"product_brand":[],"product_cat":[187],"product_tag":[],"class_list":{"0":"post-1009146","1":"product","2":"type-product","3":"status-publish","4":"has-post-thumbnail","6":"product_cat-otros-materiales","8":"first","9":"instock","10":"shipping-taxable","11":"purchasable","12":"product-type-variable"},"acf":[],"_links":{"self":[{"href":"https:\/\/vimaterial.de\/es\/wp-json\/wp\/v2\/product\/1009146","targetHints":{"allow":["GET"]}}],"collection":[{"href":"https:\/\/vimaterial.de\/es\/wp-json\/wp\/v2\/product"}],"about":[{"href":"https:\/\/vimaterial.de\/es\/wp-json\/wp\/v2\/types\/product"}],"replies":[{"embeddable":true,"href":"https:\/\/vimaterial.de\/es\/wp-json\/wp\/v2\/comments?post=1009146"}],"wp:featuredmedia":[{"embeddable":true,"href":"https:\/\/vimaterial.de\/es\/wp-json\/wp\/v2\/media\/999626"}],"wp:attachment":[{"href":"https:\/\/vimaterial.de\/es\/wp-json\/wp\/v2\/media?parent=1009146"}],"wp:term":[{"taxonomy":"product_brand","embeddable":true,"href":"https:\/\/vimaterial.de\/es\/wp-json\/wp\/v2\/product_brand?post=1009146"},{"taxonomy":"product_cat","embeddable":true,"href":"https:\/\/vimaterial.de\/es\/wp-json\/wp\/v2\/product_cat?post=1009146"},{"taxonomy":"product_tag","embeddable":true,"href":"https:\/\/vimaterial.de\/es\/wp-json\/wp\/v2\/product_tag?post=1009146"}],"curies":[{"name":"wp","href":"https:\/\/api.w.org\/{rel}","templated":true}]}}