{"id":1009015,"date":"2024-06-17T13:57:03","date_gmt":"2024-06-17T05:57:03","guid":{"rendered":"https:\/\/vimaterial.de\/product\/bromuro-de-litio\/"},"modified":"2024-11-11T11:12:05","modified_gmt":"2024-11-11T03:12:05","slug":"bromuro-de-litio","status":"publish","type":"product","link":"https:\/\/vimaterial.de\/es\/product\/bromuro-de-litio\/","title":{"rendered":"Bromuro de litio"},"content":{"rendered":"<p>El bromuro de litio (LiBr) es un compuesto qu\u00edmico de litio y bromo. Su car\u00e1cter higrosc\u00f3pico extremo hace que el LiBr sea \u00fatil como desecante en ciertos sistemas de aire acondicionado.<\/p>\n<h2><span style=\"font-size: 14pt;\">Propiedades f\u00edsicas:<\/span><\/h2>\n<p>F\u00f3rmula qu\u00edmica:LiBr<\/p>\n<p>Masa molar: 86.845 (3) g \/ mol<\/p>\n<p>Aspecto:Higrosc\u00f3pico s\u00f3lido blanco<\/p>\n<p>Densidad:3.464 g\/cm3<\/p>\n<p>Punto de fusi\u00f3n: 552 \u00b0C (1.026 \u00b0F; 825 K)<\/p>\n<p>Punto de ebullici\u00f3n: 1.265 \u00b0C (2.309 \u00b0F; 1.538 K)<\/p>\n<p>Solubilidad en agua:143 g\/100 mL (0 \u00b0C)\/166,7 g\/100 mL (20 \u00b0C)\/266 g\/100 mL (100 \u00b0C)<\/p>\n<p>Solubilidad: soluble en metanol, etanol, \u00e9ter, acetona<\/p>\n<p>Ligeramente:soluble en piridina<\/p>\n<p>Susceptibilidad magn\u00e9tica (\u03c7):\u221234,7\u00b710\u22126 cm3\/mol<\/p>\n<p>\u00cdndice de refracci\u00f3n (nD):1.784<\/p>\n<h2><span style=\"font-size: 14pt;\">Aplicaciones:<\/span><\/h2>\n<p>Aire acondicionado y refrigeraci\u00f3n por absorci\u00f3n: El bromuro de litio se usa com\u00fanmente en enfriadores de absorci\u00f3n, donde act\u00faa como desecante para absorber el vapor de agua y facilitar el enfriamiento. En estos sistemas, se emplea una soluci\u00f3n de agua-LiBr, ya que absorbe el calor de manera eficiente y permite un sistema de enfriamiento compacto y eficiente sin usar refrigerantes tradicionales. Sistemas de deshumidificaci\u00f3n: Debido a su alta capacidad de absorci\u00f3n de humedad, LiBr tambi\u00e9n se utiliza en deshumidificadores industriales y comerciales. Sistemas de transferencia de calor: Las soluciones LiBr se utilizan en algunas aplicaciones de transferencia de calor debido a sus propiedades t\u00e9rmicas. Aplicaciones m\u00e9dicas: En concentraciones m\u00e1s bajas, el bromuro de litio se ha utilizado hist\u00f3ricamente como sedante, aunque hoy en d\u00eda es menos com\u00fan con el desarrollo de otros medicamentos. S\u00edntesis qu\u00edmica: El LiBr sirve como reactivo en la s\u00edntesis org\u00e1nica, a menudo utilizado como fuente de bromo o como catalizador en ciertas reacciones. <\/p>\n","protected":false},"excerpt":{"rendered":"<p>El bromuro de litio (LiBr) es un compuesto qu\u00edmico de litio y bromo. Su car\u00e1cter higrosc\u00f3pico extremo hace que el LiBr sea \u00fatil como desecante en ciertos sistemas de aire acondicionado. Propiedades f\u00edsicas: F\u00f3rmula qu\u00edmica:LiBr Masa molar: 86.845 (3) g \/ mol Aspecto:Higrosc\u00f3pico s\u00f3lido blanco Densidad:3.464 g\/cm3 Punto de fusi\u00f3n: 552 \u00b0C (1.026 \u00b0F; 825 [&hellip;]<\/p>\n","protected":false},"featured_media":998812,"comment_status":"open","ping_status":"closed","template":"","meta":{"_acf_changed":false},"product_brand":[],"product_cat":[180,182],"product_tag":[],"class_list":{"0":"post-1009015","1":"product","2":"type-product","3":"status-publish","4":"has-post-thumbnail","6":"product_cat-materiales-de-la-bateria","7":"product_cat-materiales-halogenados","9":"first","10":"instock","11":"shipping-taxable","12":"purchasable","13":"product-type-variable"},"acf":[],"_links":{"self":[{"href":"https:\/\/vimaterial.de\/es\/wp-json\/wp\/v2\/product\/1009015","targetHints":{"allow":["GET"]}}],"collection":[{"href":"https:\/\/vimaterial.de\/es\/wp-json\/wp\/v2\/product"}],"about":[{"href":"https:\/\/vimaterial.de\/es\/wp-json\/wp\/v2\/types\/product"}],"replies":[{"embeddable":true,"href":"https:\/\/vimaterial.de\/es\/wp-json\/wp\/v2\/comments?post=1009015"}],"wp:featuredmedia":[{"embeddable":true,"href":"https:\/\/vimaterial.de\/es\/wp-json\/wp\/v2\/media\/998812"}],"wp:attachment":[{"href":"https:\/\/vimaterial.de\/es\/wp-json\/wp\/v2\/media?parent=1009015"}],"wp:term":[{"taxonomy":"product_brand","embeddable":true,"href":"https:\/\/vimaterial.de\/es\/wp-json\/wp\/v2\/product_brand?post=1009015"},{"taxonomy":"product_cat","embeddable":true,"href":"https:\/\/vimaterial.de\/es\/wp-json\/wp\/v2\/product_cat?post=1009015"},{"taxonomy":"product_tag","embeddable":true,"href":"https:\/\/vimaterial.de\/es\/wp-json\/wp\/v2\/product_tag?post=1009015"}],"curies":[{"name":"wp","href":"https:\/\/api.w.org\/{rel}","templated":true}]}}