{"id":1008987,"date":"2024-06-17T13:57:04","date_gmt":"2024-06-17T05:57:04","guid":{"rendered":"https:\/\/vimaterial.de\/product\/oxido-de-litio-y-cobalto-2\/"},"modified":"2024-11-11T11:07:04","modified_gmt":"2024-11-11T03:07:04","slug":"oxido-de-litio-y-cobalto-2","status":"publish","type":"product","link":"https:\/\/vimaterial.de\/es\/product\/oxido-de-litio-y-cobalto-2\/","title":{"rendered":"\u00d3xido de litio y cobalto"},"content":{"rendered":"<p>El \u00f3xido de litio y cobalto (LiCoO2) es un material cat\u00f3dico clave en las bater\u00edas de iones de litio, ampliamente conocido por su alta densidad de energ\u00eda, rendimiento electroqu\u00edmico estable y larga vida \u00fatil. Su estructura cristalina en capas permite que los iones de litio entren y salgan del material, lo que facilita ciclos de carga y descarga eficientes. <\/p>\n<h2><span style=\"font-size: 14pt;\">Propiedades f\u00edsicas:<\/span><\/h2>\n<p>F\u00f3rmula qu\u00edmica:LiCoO2<\/p>\n<p>Masa molar: 97,87 g mol\u22121<\/p>\n<p>Pureza: A menudo se fabrica con purezas del 99,9% o m\u00e1s para un rendimiento electroqu\u00edmico \u00f3ptimo en aplicaciones de bater\u00edas de gama alta. Aspecto: Por lo general, un polvo de color gris oscuro a negro. Densidad: Aproximadamente 4,8 g\/cm\u00b3. Estructura cristalina: El \u00f3xido de litio y cobalto (LiCoO2) tiene una estructura hexagonal en capas que promueve la intercalaci\u00f3n y desintercalaci\u00f3n eficiente de iones de litio, clave para su funci\u00f3n como c\u00e1todo de bater\u00eda.<\/p>\n<h2><span style=\"font-size: 14pt;\">Aplicaciones:<\/span><\/h2>\n<p>Electr\u00f3nica de consumo: El \u00f3xido de litio y cobalto (LiCoO2) se usa com\u00fanmente en bater\u00edas para tel\u00e9fonos inteligentes, computadoras port\u00e1tiles y c\u00e1maras, donde su alta densidad de energ\u00eda y confiabilidad lo hacen ideal para dispositivos port\u00e1tiles. Veh\u00edculos el\u00e9ctricos (VE): Aunque los materiales m\u00e1s nuevos como el fosfato de hierro y litio (LFP) y el n\u00edquel-cobalto-aluminio (NCA) suelen ser los preferidos en los veh\u00edculos el\u00e9ctricos, el LiCoO\u2082 se ha utilizado en los primeros dise\u00f1os de veh\u00edculos el\u00e9ctricos y todav\u00eda est\u00e1 presente en algunas aplicaciones h\u00edbridas enchufables. Dispositivos m\u00e9dicos: Su estabilidad y rendimiento predecible hacen que LiCoO\u2082 sea una opci\u00f3n adecuada para las bater\u00edas de ciertos dispositivos m\u00e9dicos y sensores. Investigaci\u00f3n y desarrollo: El \u00f3xido de litio y cobalto (LiCoO\u2082) se estudia com\u00fanmente en la investigaci\u00f3n de bater\u00edas, ya que sirve como compuesto modelo para comprender el comportamiento de los iones de litio, la degradaci\u00f3n y las posibles mejoras en el dise\u00f1o de las bater\u00edas.<\/p>\n","protected":false},"excerpt":{"rendered":"<p>El \u00f3xido de litio y cobalto (LiCoO2) es un material cat\u00f3dico clave en las bater\u00edas de iones de litio, ampliamente conocido por su alta densidad de energ\u00eda, rendimiento electroqu\u00edmico estable y larga vida \u00fatil. Su estructura cristalina en capas permite que los iones de litio entren y salgan del material, lo que facilita ciclos de [&hellip;]<\/p>\n","protected":false},"featured_media":998837,"comment_status":"open","ping_status":"closed","template":"","meta":{"_acf_changed":false},"product_brand":[],"product_cat":[179],"product_tag":[],"class_list":{"0":"post-1008987","1":"product","2":"type-product","3":"status-publish","4":"has-post-thumbnail","6":"product_cat-materiales-de-evaporacion","8":"first","9":"instock","10":"shipping-taxable","11":"product-type-variable"},"acf":[],"_links":{"self":[{"href":"https:\/\/vimaterial.de\/es\/wp-json\/wp\/v2\/product\/1008987","targetHints":{"allow":["GET"]}}],"collection":[{"href":"https:\/\/vimaterial.de\/es\/wp-json\/wp\/v2\/product"}],"about":[{"href":"https:\/\/vimaterial.de\/es\/wp-json\/wp\/v2\/types\/product"}],"replies":[{"embeddable":true,"href":"https:\/\/vimaterial.de\/es\/wp-json\/wp\/v2\/comments?post=1008987"}],"wp:featuredmedia":[{"embeddable":true,"href":"https:\/\/vimaterial.de\/es\/wp-json\/wp\/v2\/media\/998837"}],"wp:attachment":[{"href":"https:\/\/vimaterial.de\/es\/wp-json\/wp\/v2\/media?parent=1008987"}],"wp:term":[{"taxonomy":"product_brand","embeddable":true,"href":"https:\/\/vimaterial.de\/es\/wp-json\/wp\/v2\/product_brand?post=1008987"},{"taxonomy":"product_cat","embeddable":true,"href":"https:\/\/vimaterial.de\/es\/wp-json\/wp\/v2\/product_cat?post=1008987"},{"taxonomy":"product_tag","embeddable":true,"href":"https:\/\/vimaterial.de\/es\/wp-json\/wp\/v2\/product_tag?post=1008987"}],"curies":[{"name":"wp","href":"https:\/\/api.w.org\/{rel}","templated":true}]}}