{"id":1008966,"date":"2024-06-17T13:57:54","date_gmt":"2024-06-17T05:57:54","guid":{"rendered":"https:\/\/vimaterial.de\/product\/oxido-de-litio-y-cobalto\/"},"modified":"2024-11-11T10:35:45","modified_gmt":"2024-11-11T02:35:45","slug":"oxido-de-litio-y-cobalto","status":"publish","type":"product","link":"https:\/\/vimaterial.de\/es\/product\/oxido-de-litio-y-cobalto\/","title":{"rendered":"\u00d3xido de litio y cobalto"},"content":{"rendered":"<p>Caracter\u00edstica<\/p>\n<p>El objetivo de pulverizaci\u00f3n cat\u00f3dica de \u00f3xido de litio y cobalto es un material ampliamente utilizado en los procesos de deposici\u00f3n de pel\u00edcula delgada, principalmente para aplicaciones de bater\u00edas. El \u00f3xido de litio y cobalto es un material cat\u00f3dico bien conocido en las bater\u00edas de iones de litio debido a su alta densidad de energ\u00eda, estructura estable en capas y larga vida \u00fatil. Como objetivo de pulverizaci\u00f3n cat\u00f3dica, el LiCoO\u2082 permite la deposici\u00f3n de pel\u00edculas delgadas en tecnolog\u00edas de microbater\u00edas y otras aplicaciones electr\u00f3nicas que se benefician de sus propiedades electroqu\u00edmicas.  <\/p>\n<p>Propiedades f\u00edsicas:<\/p>\n<p>F\u00f3rmula qu\u00edmica:LiCoO2<\/p>\n<p>Masa molar: 97,87 g mol\u22121<\/p>\n<p>Aspecto: Generalmente de color gris oscuro a negro, s\u00f3lido denso. Densidad: Alrededor de 4,8 g\/cm\u00b3. Dimensiones objetivo: Com\u00fanmente fabricado en di\u00e1metros de 2 a 4 pulgadas y tama\u00f1os personalizados seg\u00fan sea necesario. Los espesores var\u00edan en funci\u00f3n de los requisitos espec\u00edficos del sistema de pulverizaci\u00f3n cat\u00f3dica. Propiedades de pulverizaci\u00f3n cat\u00f3dica: Tasa de deposici\u00f3n: La tasa de deposici\u00f3n de LiCoO\u2082 est\u00e1 determinada por factores como la potencia de pulverizaci\u00f3n cat\u00f3dica, la presi\u00f3n del gas y la composici\u00f3n objetivo, y generalmente se optimiza para lograr pel\u00edculas delgadas uniformes y de alta calidad. Estequiometr\u00eda de pel\u00edcula: Los objetivos de pulverizaci\u00f3n cat\u00f3dica de \u00f3xido de litio y cobalto permiten un control preciso sobre la estequiometr\u00eda de la pel\u00edcula, que es crucial en las aplicaciones de bater\u00edas para mantener el rendimiento electroqu\u00edmico. Conductividad el\u00e9ctrica: Si bien el LiCoO\u2082 en s\u00ed mismo tiene una mejor conductividad que otros materiales de c\u00e1todo de litio, a\u00fan puede beneficiarse de recubrimientos o aditivos cuando se usa en aplicaciones electr\u00f3nicas exigentes.<\/p>\n<p>Aplicaciones:<\/p>\n<p>Bater\u00edas de iones de litio de pel\u00edcula delgada: Las pel\u00edculas delgadas de LiCoO\u2082 se usan ampliamente como material cat\u00f3dico en bater\u00edas de iones de litio de pel\u00edcula delgada para microelectr\u00f3nica, dispositivos port\u00e1tiles y dispositivos port\u00e1tiles. Su alta densidad de energ\u00eda y su largo ciclo de vida lo hacen adecuado para aplicaciones que requieren fuentes de energ\u00eda fiables y compactas. Microelectr\u00f3nica y sensores: Como material cat\u00f3dico de pel\u00edcula delgada, el LiCoO\u2082 se utiliza en dispositivos microelectr\u00f3nicos, sensores peque\u00f1os y dispositivos m\u00e9dicos, benefici\u00e1ndose de su alta estabilidad y capacidad energ\u00e9tica. Investigaci\u00f3n y desarrollo: Los objetivos de pulverizaci\u00f3n cat\u00f3dica de \u00f3xido de litio y cobalto se utilizan com\u00fanmente en la investigaci\u00f3n de la tecnolog\u00eda de bater\u00edas de pr\u00f3xima generaci\u00f3n, explorando propiedades como la estabilidad t\u00e9rmica, la conductividad i\u00f3nica y las caracter\u00edsticas interfaciales con electrolitos. <\/p>\n<p>&nbsp;<\/p>\n","protected":false},"excerpt":{"rendered":"<p>Caracter\u00edstica El objetivo de pulverizaci\u00f3n cat\u00f3dica de \u00f3xido de litio y cobalto es un material ampliamente utilizado en los procesos de deposici\u00f3n de pel\u00edcula delgada, principalmente para aplicaciones de bater\u00edas. El \u00f3xido de litio y cobalto es un material cat\u00f3dico bien conocido en las bater\u00edas de iones de litio debido a su alta densidad de [&hellip;]<\/p>\n","protected":false},"featured_media":998844,"comment_status":"open","ping_status":"closed","template":"","meta":{"_acf_changed":false},"product_brand":[],"product_cat":[178],"product_tag":[],"class_list":{"0":"post-1008966","1":"product","2":"type-product","3":"status-publish","4":"has-post-thumbnail","6":"product_cat-catodos-para-sputtering-planar","8":"first","9":"instock","10":"shipping-taxable","11":"product-type-variable"},"acf":[],"_links":{"self":[{"href":"https:\/\/vimaterial.de\/es\/wp-json\/wp\/v2\/product\/1008966","targetHints":{"allow":["GET"]}}],"collection":[{"href":"https:\/\/vimaterial.de\/es\/wp-json\/wp\/v2\/product"}],"about":[{"href":"https:\/\/vimaterial.de\/es\/wp-json\/wp\/v2\/types\/product"}],"replies":[{"embeddable":true,"href":"https:\/\/vimaterial.de\/es\/wp-json\/wp\/v2\/comments?post=1008966"}],"wp:featuredmedia":[{"embeddable":true,"href":"https:\/\/vimaterial.de\/es\/wp-json\/wp\/v2\/media\/998844"}],"wp:attachment":[{"href":"https:\/\/vimaterial.de\/es\/wp-json\/wp\/v2\/media?parent=1008966"}],"wp:term":[{"taxonomy":"product_brand","embeddable":true,"href":"https:\/\/vimaterial.de\/es\/wp-json\/wp\/v2\/product_brand?post=1008966"},{"taxonomy":"product_cat","embeddable":true,"href":"https:\/\/vimaterial.de\/es\/wp-json\/wp\/v2\/product_cat?post=1008966"},{"taxonomy":"product_tag","embeddable":true,"href":"https:\/\/vimaterial.de\/es\/wp-json\/wp\/v2\/product_tag?post=1008966"}],"curies":[{"name":"wp","href":"https:\/\/api.w.org\/{rel}","templated":true}]}}