{"id":1008930,"date":"2024-06-17T13:57:59","date_gmt":"2024-06-17T05:57:59","guid":{"rendered":"https:\/\/vimaterial.de\/product\/fluoruro-de-litio\/"},"modified":"2024-11-08T17:44:52","modified_gmt":"2024-11-08T09:44:52","slug":"fluoruro-de-litio","status":"publish","type":"product","link":"https:\/\/vimaterial.de\/es\/product\/fluoruro-de-litio\/","title":{"rendered":"Fluoruro de litio"},"content":{"rendered":"<p>El objetivo de pulverizaci\u00f3n cat\u00f3dica de fluoruro de litio es un material objetivo utilizado en el proceso de pulverizaci\u00f3n cat\u00f3dica para depositar pel\u00edculas delgadas de fluoruro de litio en varios sustratos. El fluoruro de litio es un compuesto inorg\u00e1nico altamente i\u00f3nico y tiene propiedades distintivas que lo hacen adecuado para aplicaciones en electr\u00f3nica, \u00f3ptica y otros campos de materiales avanzados. <\/p>\n<h2><span style=\"font-size: 14pt;\">Propiedades f\u00edsicas:<\/span><\/h2>\n<p>F\u00f3rmula qu\u00edmica:LiF<\/p>\n<p>Masa molar: 25.939 (2) g \/ mol<\/p>\n<p>Aspecto: polvo blanco o cristales transparentes, higrosc\u00f3pico<\/p>\n<p>Densidad:2.635 g\/cm3<\/p>\n<p>Punto de fusi\u00f3n: 845 \u00b0C (1.553 \u00b0F; 1.118 K)<\/p>\n<p>Punto de ebullici\u00f3n: 1.676 \u00b0C (3.049 \u00b0F; 1.949 K)<\/p>\n<p>Solubilidad en agua&#8221;0,127 g\/100 mL (18 \u00b0C)\/0,134 g\/100 mL (25 \u00b0C) Solubilidad:soluble en HF; insoluble en alcohol<\/p>\n<p>Susceptibilidad magn\u00e9tica (\u03c7):\u221210.1\u00b710\u22126 cm3\/mol<\/p>\n<p>\u00cdndice de refracci\u00f3n (nD):1.3915<\/p>\n<p>Estructura cristalina:C\u00fabica centrada en la cara<\/p>\n<h2><span style=\"font-size: 14pt;\">Aplicaciones:<\/span><\/h2>\n<p>Deposici\u00f3n de pel\u00edcula delgada: El uso principal de los objetivos de pulverizaci\u00f3n cat\u00f3dica de fluoruro de litio es la deposici\u00f3n de pel\u00edculas delgadas en el proceso de pulverizaci\u00f3n cat\u00f3dica. Las pel\u00edculas delgadas LiF se utilizan en aplicaciones tales como: <\/p>\n<ul style=\"list-style-type: disc;\">\n<li>Recubrimientos \u00f3pticos: Las pel\u00edculas de fluoruro de litio se utilizan en \u00f3ptica para recubrimientos UV, recubrimientos antirreflectantes y lentes. Debido a su transparencia en el espectro ultravioleta, se emplea com\u00fanmente en dispositivos como ventanas UV y filtros \u00f3pticos. <\/li>\n<li>Materiales diel\u00e9ctricos: Las pel\u00edculas delgadas de LiF a veces se usan en condensadores, semiconductores y otros componentes electr\u00f3nicos donde se requiere alta resistencia diel\u00e9ctrica y aislamiento el\u00e9ctrico.<\/li>\n<li>Capas de barrera: LiF se utiliza en capas de barrera para ciertos tipos de electr\u00f3nica flexible y para proteger materiales subyacentes en varios dispositivos semiconductores.<\/li>\n<li>Aplicaciones de intercambio i\u00f3nico y bater\u00edas: Los recubrimientos LiF tambi\u00e9n se utilizan en algunas tecnolog\u00edas de intercambio i\u00f3nico y bater\u00edas para mejorar el rendimiento de ciertos electrodos o membranas.<\/li>\n<\/ul>\n<p>Dispositivos semiconductores: El objetivo de pulverizaci\u00f3n cat\u00f3dica de fluoruro de litio se emplea ocasionalmente en la fabricaci\u00f3n de semiconductores, incluso como parte de las capas diel\u00e9ctricas de transistores y otros dispositivos semiconductores. C\u00e9lulas solares: El objetivo de pulverizaci\u00f3n cat\u00f3dica de fluoruro de litio tambi\u00e9n se utiliza en algunas tecnolog\u00edas de c\u00e9lulas solares de pel\u00edcula delgada, donde sus propiedades \u00fanicas pueden ayudar a mejorar la eficiencia energ\u00e9tica o la estabilidad.<\/p>\n","protected":false},"excerpt":{"rendered":"<p>El objetivo de pulverizaci\u00f3n cat\u00f3dica de fluoruro de litio es un material objetivo utilizado en el proceso de pulverizaci\u00f3n cat\u00f3dica para depositar pel\u00edculas delgadas de fluoruro de litio en varios sustratos. El fluoruro de litio es un compuesto inorg\u00e1nico altamente i\u00f3nico y tiene propiedades distintivas que lo hacen adecuado para aplicaciones en electr\u00f3nica, \u00f3ptica y [&hellip;]<\/p>\n","protected":false},"featured_media":998871,"comment_status":"open","ping_status":"closed","template":"","meta":{"_acf_changed":false},"product_brand":[],"product_cat":[178],"product_tag":[],"class_list":{"0":"post-1008930","1":"product","2":"type-product","3":"status-publish","4":"has-post-thumbnail","6":"product_cat-catodos-para-sputtering-planar","8":"first","9":"instock","10":"shipping-taxable","11":"product-type-variable"},"acf":[],"_links":{"self":[{"href":"https:\/\/vimaterial.de\/es\/wp-json\/wp\/v2\/product\/1008930","targetHints":{"allow":["GET"]}}],"collection":[{"href":"https:\/\/vimaterial.de\/es\/wp-json\/wp\/v2\/product"}],"about":[{"href":"https:\/\/vimaterial.de\/es\/wp-json\/wp\/v2\/types\/product"}],"replies":[{"embeddable":true,"href":"https:\/\/vimaterial.de\/es\/wp-json\/wp\/v2\/comments?post=1008930"}],"wp:featuredmedia":[{"embeddable":true,"href":"https:\/\/vimaterial.de\/es\/wp-json\/wp\/v2\/media\/998871"}],"wp:attachment":[{"href":"https:\/\/vimaterial.de\/es\/wp-json\/wp\/v2\/media?parent=1008930"}],"wp:term":[{"taxonomy":"product_brand","embeddable":true,"href":"https:\/\/vimaterial.de\/es\/wp-json\/wp\/v2\/product_brand?post=1008930"},{"taxonomy":"product_cat","embeddable":true,"href":"https:\/\/vimaterial.de\/es\/wp-json\/wp\/v2\/product_cat?post=1008930"},{"taxonomy":"product_tag","embeddable":true,"href":"https:\/\/vimaterial.de\/es\/wp-json\/wp\/v2\/product_tag?post=1008930"}],"curies":[{"name":"wp","href":"https:\/\/api.w.org\/{rel}","templated":true}]}}