{"id":1008886,"date":"2024-06-17T13:58:04","date_gmt":"2024-06-17T05:58:04","guid":{"rendered":"https:\/\/vimaterial.de\/product\/yoduro-de-litio\/"},"modified":"2024-11-08T17:16:56","modified_gmt":"2024-11-08T09:16:56","slug":"yoduro-de-litio","status":"publish","type":"product","link":"https:\/\/vimaterial.de\/es\/product\/yoduro-de-litio\/","title":{"rendered":"Yoduro de litio"},"content":{"rendered":"<p>El yoduro de litio, o LiI, es un compuesto de litio y yodo. Cuando se expone al aire, se vuelve de color amarillo, debido a la oxidaci\u00f3n del yoduro a yodo. Se cristaliza en el motivo NaCl. Puede participar en varios hidratos.<\/p>\n<h2><span style=\"font-size: 14pt;\">Propiedades f\u00edsicas:<\/span><\/h2>\n<p>F\u00f3rmula qu\u00edmica:LiI<\/p>\n<p>Masa molar:133,85 g\/mol<\/p>\n<p>Aspecto:S\u00f3lido cristalino blanco<\/p>\n<p>Densidad:4.076 g\/cm3 (anhidro)\/3.494 g\/cm3 (trihidrato)<\/p>\n<p>Punto de fusi\u00f3n: 469 \u00b0C (876 \u00b0F; 742 K)<\/p>\n<p>Punto de ebullici\u00f3n: 1.171 \u00b0C (2.140 \u00b0F; 1.444 K)<\/p>\n<p>Solubilidad en agua:1510 g\/L (0 \u00b0C)\/1670 g\/L (25 \u00b0C)\/4330 g\/L (100 \u00b0C)<\/p>\n<p>Solubilidad: soluble en etanol, propanol, etanodiol, amon\u00edaco<\/p>\n<p>Solubilidad en metanol:3430 g\/L (20 \u00b0C)<\/p>\n<p>Solubilidad en acetona:426 g\/L (18 \u00b0C)<\/p>\n<p>Susceptibilidad magn\u00e9tica (\u03c7):\u221250.0\u00b710\u22126 cm3\/mol<\/p>\n<p>\u00cdndice de refracci\u00f3n (nD):1.955<\/p>\n<h2><span style=\"font-size: 14pt;\">Aplicaciones:<\/span><\/h2>\n<p>El yoduro de litio se utiliza como electrolito para bater\u00edas de alta temperatura. Tambi\u00e9n se utiliza para bater\u00edas de larga duraci\u00f3n seg\u00fan lo requieran, por ejemplo, los marcapasos artificiales. El s\u00f3lido se utiliza como f\u00f3sforo para la detecci\u00f3n de neutrones. Tambi\u00e9n se utiliza, en un complejo con yodo, en el electrolito de las c\u00e9lulas solares sensibilizadas con colorante.<\/p>\n<p>En s\u00edntesis org\u00e1nica, el LiI es \u00fatil para escindir enlaces C-O. Por ejemplo, se puede utilizar para convertir \u00e9steres met\u00edlicos en \u00e1cidos carbox\u00edlicos:<\/p>\n<p>RCO2CH3 + LiI \u2192 RCO2Li + CH3I<\/p>\n<p>Reacciones similares se aplican a los ep\u00f3xidos y aziridinas.<\/p>\n<p>El yoduro de litio se utiliz\u00f3 como agente de radiocontraste para las tomograf\u00edas computarizadas. Se suspendi\u00f3 su uso debido a la toxicidad renal. Las soluciones inorg\u00e1nicas de yodo sufr\u00edan de hiperosmolaridad y altas viscosidades. Los agentes de contraste yodados actuales son compuestos organoyodados.<\/p>\n","protected":false},"excerpt":{"rendered":"<p>El yoduro de litio, o LiI, es un compuesto de litio y yodo. Cuando se expone al aire, se vuelve de color amarillo, debido a la oxidaci\u00f3n del yoduro a yodo. Se cristaliza en el motivo NaCl. Puede participar en varios hidratos. Propiedades f\u00edsicas: F\u00f3rmula qu\u00edmica:LiI Masa molar:133,85 g\/mol Aspecto:S\u00f3lido cristalino blanco Densidad:4.076 g\/cm3 (anhidro)\/3.494 [&hellip;]<\/p>\n","protected":false},"featured_media":1039787,"comment_status":"open","ping_status":"closed","template":"","meta":{"_acf_changed":false},"product_brand":[],"product_cat":[182],"product_tag":[],"class_list":{"0":"post-1008886","1":"product","2":"type-product","3":"status-publish","4":"has-post-thumbnail","6":"product_cat-materiales-halogenados","8":"first","9":"instock","10":"shipping-taxable","11":"product-type-variable"},"acf":[],"_links":{"self":[{"href":"https:\/\/vimaterial.de\/es\/wp-json\/wp\/v2\/product\/1008886","targetHints":{"allow":["GET"]}}],"collection":[{"href":"https:\/\/vimaterial.de\/es\/wp-json\/wp\/v2\/product"}],"about":[{"href":"https:\/\/vimaterial.de\/es\/wp-json\/wp\/v2\/types\/product"}],"replies":[{"embeddable":true,"href":"https:\/\/vimaterial.de\/es\/wp-json\/wp\/v2\/comments?post=1008886"}],"wp:featuredmedia":[{"embeddable":true,"href":"https:\/\/vimaterial.de\/es\/wp-json\/wp\/v2\/media\/1039787"}],"wp:attachment":[{"href":"https:\/\/vimaterial.de\/es\/wp-json\/wp\/v2\/media?parent=1008886"}],"wp:term":[{"taxonomy":"product_brand","embeddable":true,"href":"https:\/\/vimaterial.de\/es\/wp-json\/wp\/v2\/product_brand?post=1008886"},{"taxonomy":"product_cat","embeddable":true,"href":"https:\/\/vimaterial.de\/es\/wp-json\/wp\/v2\/product_cat?post=1008886"},{"taxonomy":"product_tag","embeddable":true,"href":"https:\/\/vimaterial.de\/es\/wp-json\/wp\/v2\/product_tag?post=1008886"}],"curies":[{"name":"wp","href":"https:\/\/api.w.org\/{rel}","templated":true}]}}