{"id":1008870,"date":"2024-06-17T13:58:04","date_gmt":"2024-06-17T05:58:04","guid":{"rendered":"https:\/\/vimaterial.de\/product\/hidrato-de-yoduro-de-litio\/"},"modified":"2024-11-08T17:21:26","modified_gmt":"2024-11-08T09:21:26","slug":"hidrato-de-yoduro-de-litio","status":"publish","type":"product","link":"https:\/\/vimaterial.de\/es\/product\/hidrato-de-yoduro-de-litio\/","title":{"rendered":"Hidrato de yoduro de litio"},"content":{"rendered":"<p>El hidrato de yoduro de litio (LiI\u00b7xH\u2082O) es una forma cristalina de yoduro de litio que ha absorbido mol\u00e9culas de agua, formando un hidrato. El n\u00famero exacto de mol\u00e9culas de agua (x) en el hidrato puede variar dependiendo de las condiciones en las que se forma, pero por lo general, el yoduro de litio forma un monohidrato (LiI\u00b7H\u2082O) o puede tomar otras formas con diferente contenido de agua. <\/p>\n<h2><span style=\"font-size: 14pt;\">Propiedades f\u00edsicas:<\/span><\/h2>\n<p>F\u00f3rmula: LiI\u00b7xH\u2082O (donde x representa el n\u00famero de mol\u00e9culas de agua en el hidrato). Apariencia: El hidrato de yoduro de litio es t\u00edpicamente un s\u00f3lido cristalino blanco. El hidrato puede parecer ligeramente diferente en textura o forma dependiendo del nivel de hidrataci\u00f3n. Solubilidad: Al igual que el yoduro de litio anhidro, el hidrato de yoduro de litio es altamente soluble en agua y puede disociarse para formar iones de litio (Li\u207a) e iones de yoduro (I\u207b). Higrosc\u00f3pico: El compuesto es higrosc\u00f3pico, lo que significa que absorbe f\u00e1cilmente la humedad del aire, lo que podr\u00eda conducir a un mayor nivel de hidrataci\u00f3n si no se almacena en un ambiente seco. Punto de fusi\u00f3n: El hidrato generalmente tiene un punto de fusi\u00f3n m\u00e1s bajo en comparaci\u00f3n con el yoduro de litio anhidro, y puede deshidratarse al calentarse, liberando mol\u00e9culas de agua.<\/p>\n<h2><span style=\"font-size: 14pt;\">Aplicaciones:<\/span><\/h2>\n<p>Electrolitos en bater\u00edas: El hidrato de yoduro de litio se puede utilizar en algunos sistemas experimentales de bater\u00edas de iones de litio o pol\u00edmeros de litio, donde sus propiedades electrol\u00edticas pueden mejorarse debido a la presencia de agua. Sin embargo, es menos com\u00fan que otras sales de litio como el hexafluorofosfato de litio (LiPF\u2086). Reactivos en s\u00edntesis org\u00e1nica: El hidrato de yoduro de litio, al igual que el LiI anhidro, se utiliza como reactivo en qu\u00edmica org\u00e1nica, especialmente en reacciones que requieren iones de yoduro para la sustituci\u00f3n nucleof\u00edlica o en la s\u00edntesis de compuestos de organolitio. Almacenamiento de hidr\u00f3geno: En algunos sistemas experimentales de almacenamiento de hidr\u00f3geno, el hidrato de yoduro de litio se ha investigado como un material potencial debido a su capacidad para absorber y liberar agua, lo que puede ser \u00fatil en ciertos procesos qu\u00edmicos de almacenamiento de hidr\u00f3geno. Detecci\u00f3n de radiaci\u00f3n: El hidrato de yoduro de litio, cuando se dopa con elementos espec\u00edficos (como el talio), se puede utilizar en la detecci\u00f3n de radiaci\u00f3n para aplicaciones de centelleo, similar al LiI anhidro. <\/p>\n<p>&nbsp;<\/p>\n","protected":false},"excerpt":{"rendered":"<p>El hidrato de yoduro de litio (LiI\u00b7xH\u2082O) es una forma cristalina de yoduro de litio que ha absorbido mol\u00e9culas de agua, formando un hidrato. El n\u00famero exacto de mol\u00e9culas de agua (x) en el hidrato puede variar dependiendo de las condiciones en las que se forma, pero por lo general, el yoduro de litio forma [&hellip;]<\/p>\n","protected":false},"featured_media":1039793,"comment_status":"open","ping_status":"closed","template":"","meta":{"_acf_changed":false},"product_brand":[],"product_cat":[182],"product_tag":[],"class_list":{"0":"post-1008870","1":"product","2":"type-product","3":"status-publish","4":"has-post-thumbnail","6":"product_cat-materiales-halogenados","8":"first","9":"instock","10":"shipping-taxable","11":"product-type-variable"},"acf":[],"_links":{"self":[{"href":"https:\/\/vimaterial.de\/es\/wp-json\/wp\/v2\/product\/1008870","targetHints":{"allow":["GET"]}}],"collection":[{"href":"https:\/\/vimaterial.de\/es\/wp-json\/wp\/v2\/product"}],"about":[{"href":"https:\/\/vimaterial.de\/es\/wp-json\/wp\/v2\/types\/product"}],"replies":[{"embeddable":true,"href":"https:\/\/vimaterial.de\/es\/wp-json\/wp\/v2\/comments?post=1008870"}],"wp:featuredmedia":[{"embeddable":true,"href":"https:\/\/vimaterial.de\/es\/wp-json\/wp\/v2\/media\/1039793"}],"wp:attachment":[{"href":"https:\/\/vimaterial.de\/es\/wp-json\/wp\/v2\/media?parent=1008870"}],"wp:term":[{"taxonomy":"product_brand","embeddable":true,"href":"https:\/\/vimaterial.de\/es\/wp-json\/wp\/v2\/product_brand?post=1008870"},{"taxonomy":"product_cat","embeddable":true,"href":"https:\/\/vimaterial.de\/es\/wp-json\/wp\/v2\/product_cat?post=1008870"},{"taxonomy":"product_tag","embeddable":true,"href":"https:\/\/vimaterial.de\/es\/wp-json\/wp\/v2\/product_tag?post=1008870"}],"curies":[{"name":"wp","href":"https:\/\/api.w.org\/{rel}","templated":true}]}}