{"id":1008863,"date":"2024-06-17T13:59:06","date_gmt":"2024-06-17T05:59:06","guid":{"rendered":"https:\/\/vimaterial.de\/product\/oxido-de-litio-lantano-y-circonio\/"},"modified":"2024-11-11T15:56:03","modified_gmt":"2024-11-11T07:56:03","slug":"oxido-de-litio-lantano-y-circonio","status":"publish","type":"product","link":"https:\/\/vimaterial.de\/es\/product\/oxido-de-litio-lantano-y-circonio\/","title":{"rendered":"\u00d3xido de litio y lantano y circonio"},"content":{"rendered":"<p>El \u00f3xido de litio y lantano, circonio (LLZO), con la f\u00f3rmula qu\u00edmica Li\u2087La\u2083Zr\u2082O\u2081\u2082, es un material cer\u00e1mico muy apreciado en la investigaci\u00f3n de bater\u00edas debido a su excepcional estabilidad y alta conductividad de iones de litio.<\/p>\n<h2><span style=\"font-size: 14pt;\">Propiedades f\u00edsicas:<\/span><\/h2>\n<p>F\u00f3rmula: Li\u2087La\u2083Zr\u2082O\u2081\u2082. Aspecto: Por lo general, un polvo blanco o blanquecino. Estabilidad t\u00e9rmica: El \u00f3xido de litio y lantano, circonio (LLZO) tiene una excelente estabilidad t\u00e9rmica, lo que lo hace adecuado para procesos y aplicaciones a alta temperatura. Estabilidad estructural: La estructura de granate ayuda a mantener la estabilidad contra la descomposici\u00f3n, lo que mejora la seguridad en entornos de bater\u00edas. Estructura: El \u00f3xido de litio y lantano, circonio (LLZO) cristaliza en una estructura similar al granate, lo que contribuye a su estabilidad y alta conductividad i\u00f3nica. Existen dos fases primarias: la fase c\u00fabica (alta conductividad) y la fase tetragonal (menor conductividad).<\/p>\n<h2><span style=\"font-size: 14pt;\">Aplicaciones:<\/span><\/h2>\n<p>Electrolitos s\u00f3lidos en bater\u00edas: El \u00f3xido de litio, lantano y circonio (LLZO) se utiliza principalmente como electrolito s\u00f3lido en bater\u00edas de iones de litio y litio met\u00e1lico de estado s\u00f3lido debido a su excelente conductividad i\u00f3nica y estabilidad qu\u00edmica. Separador en bater\u00edas: Puede funcionar como un separador s\u00f3lido entre el \u00e1nodo y el c\u00e1todo en las bater\u00edas de iones de litio, lo que reduce los riesgos de formaci\u00f3n de dendritas (un problema com\u00fan con los \u00e1nodos de metal de litio) y mejora la seguridad. Dispositivos de almacenamiento de alta energ\u00eda: La alta estabilidad y conductividad hacen que LLZO sea adecuado para dispositivos de almacenamiento de alta energ\u00eda, incluidos veh\u00edculos el\u00e9ctricos, dispositivos electr\u00f3nicos port\u00e1tiles y almacenamiento en la red. El \u00f3xido de litio, lantano y circonio (LLZO) es un prometedor electrolito s\u00f3lido cer\u00e1mico para bater\u00edas avanzadas de iones de litio y litio met\u00e1lico. Su alta conductividad i\u00f3nica, estabilidad y compatibilidad con el litio met\u00e1lico lo convierten en un excelente candidato para bater\u00edas de estado s\u00f3lido.<\/p>\n<p>&nbsp;<\/p>\n","protected":false},"excerpt":{"rendered":"<p>El \u00f3xido de litio y lantano, circonio (LLZO), con la f\u00f3rmula qu\u00edmica Li\u2087La\u2083Zr\u2082O\u2081\u2082, es un material cer\u00e1mico muy apreciado en la investigaci\u00f3n de bater\u00edas debido a su excepcional estabilidad y alta conductividad de iones de litio. Propiedades f\u00edsicas: F\u00f3rmula: Li\u2087La\u2083Zr\u2082O\u2081\u2082. Aspecto: Por lo general, un polvo blanco o blanquecino. Estabilidad t\u00e9rmica: El \u00f3xido de litio [&hellip;]<\/p>\n","protected":false},"featured_media":998920,"comment_status":"open","ping_status":"closed","template":"","meta":{"_acf_changed":false},"product_brand":[],"product_cat":[178],"product_tag":[],"class_list":{"0":"post-1008863","1":"product","2":"type-product","3":"status-publish","4":"has-post-thumbnail","6":"product_cat-catodos-para-sputtering-planar","8":"first","9":"instock","10":"shipping-taxable","11":"product-type-variable"},"acf":[],"_links":{"self":[{"href":"https:\/\/vimaterial.de\/es\/wp-json\/wp\/v2\/product\/1008863","targetHints":{"allow":["GET"]}}],"collection":[{"href":"https:\/\/vimaterial.de\/es\/wp-json\/wp\/v2\/product"}],"about":[{"href":"https:\/\/vimaterial.de\/es\/wp-json\/wp\/v2\/types\/product"}],"replies":[{"embeddable":true,"href":"https:\/\/vimaterial.de\/es\/wp-json\/wp\/v2\/comments?post=1008863"}],"wp:featuredmedia":[{"embeddable":true,"href":"https:\/\/vimaterial.de\/es\/wp-json\/wp\/v2\/media\/998920"}],"wp:attachment":[{"href":"https:\/\/vimaterial.de\/es\/wp-json\/wp\/v2\/media?parent=1008863"}],"wp:term":[{"taxonomy":"product_brand","embeddable":true,"href":"https:\/\/vimaterial.de\/es\/wp-json\/wp\/v2\/product_brand?post=1008863"},{"taxonomy":"product_cat","embeddable":true,"href":"https:\/\/vimaterial.de\/es\/wp-json\/wp\/v2\/product_cat?post=1008863"},{"taxonomy":"product_tag","embeddable":true,"href":"https:\/\/vimaterial.de\/es\/wp-json\/wp\/v2\/product_tag?post=1008863"}],"curies":[{"name":"wp","href":"https:\/\/api.w.org\/{rel}","templated":true}]}}