{"id":1008859,"date":"2024-06-17T13:59:06","date_gmt":"2024-06-17T05:59:06","guid":{"rendered":"https:\/\/vimaterial.de\/product\/oxido-de-litio-lantano-y-titanio-llto\/"},"modified":"2024-11-11T15:50:55","modified_gmt":"2024-11-11T07:50:55","slug":"oxido-de-litio-lantano-y-titanio-llto","status":"publish","type":"product","link":"https:\/\/vimaterial.de\/es\/product\/oxido-de-litio-lantano-y-titanio-llto\/","title":{"rendered":"Litio, lantano, \u00f3xido de titanio (LLTO)"},"content":{"rendered":"<p>Litio-lantano-\u00f3xido de titanio (LLTO), con la f\u00f3rmula general Li\u2083xLa\u2082\/3-xTiO\u2083, es un material cer\u00e1mico utilizado principalmente en la investigaci\u00f3n avanzada de bater\u00edas de iones de litio debido a su excelente conductividad i\u00f3nica.<\/p>\n<h2><span style=\"font-size: 14pt;\">Propiedades f\u00edsicas:<\/span><\/h2>\n<p>Aspecto: Por lo general, un polvo blanco o gris p\u00e1lido. Fase: Por lo general, se sintetiza como un material cer\u00e1mico, lo que permite que se forme en estructuras densas ideales para aplicaciones de bater\u00edas. Estabilidad t\u00e9rmica: LLTO tiene una buena estabilidad t\u00e9rmica, una caracter\u00edstica necesaria para aplicaciones de bater\u00edas de estado s\u00f3lido que se someten a condiciones t\u00e9rmicas variables.<\/p>\n<h2><span style=\"font-size: 14pt;\">Aplicaciones:<\/span><\/h2>\n<p>Electrolitos s\u00f3lidos en bater\u00edas: El \u00f3xido de titanio y lantano de litio se utiliza principalmente como electrolito s\u00f3lido en bater\u00edas de iones de litio y metal de litio, especialmente en bater\u00edas de estado s\u00f3lido (ASSB) de pr\u00f3xima generaci\u00f3n, debido a su conductividad i\u00f3nica y estabilidad qu\u00edmica. Bater\u00edas de pel\u00edcula delgada: En aplicaciones de bater\u00edas de pel\u00edcula delgada, LLTO se puede usar para crear capas densas de electrolito que separan el c\u00e1todo y el \u00e1nodo, lo que proporciona una bater\u00eda m\u00e1s segura y duradera. Pilas de combustible y supercondensadores: Aunque su uso principal es en bater\u00edas, el \u00f3xido de litio, lantano y titanio tambi\u00e9n se explora para su uso en otros dispositivos de almacenamiento y conversi\u00f3n de energ\u00eda, como las pilas de combustible de \u00f3xido s\u00f3lido. El \u00f3xido de titanio y lantano de litio (LLTO) es un material electrol\u00edtico s\u00f3lido prometedor para bater\u00edas avanzadas de iones de litio y metal de litio, principalmente debido a su alta conductividad, estabilidad y seguridad de iones de litio. Sus aplicaciones se concentran en el campo de las bater\u00edas de estado s\u00f3lido, donde admite una alta densidad de energ\u00eda y un ciclo de vida prolongado, al tiempo que mitiga los riesgos de seguridad asociados con los electrolitos l\u00edquidos.<\/p>\n<p>&nbsp;<\/p>\n","protected":false},"excerpt":{"rendered":"<p>Litio-lantano-\u00f3xido de titanio (LLTO), con la f\u00f3rmula general Li\u2083xLa\u2082\/3-xTiO\u2083, es un material cer\u00e1mico utilizado principalmente en la investigaci\u00f3n avanzada de bater\u00edas de iones de litio debido a su excelente conductividad i\u00f3nica. Propiedades f\u00edsicas: Aspecto: Por lo general, un polvo blanco o gris p\u00e1lido. Fase: Por lo general, se sintetiza como un material cer\u00e1mico, lo que [&hellip;]<\/p>\n","protected":false},"featured_media":998911,"comment_status":"open","ping_status":"closed","template":"","meta":{"_acf_changed":false},"product_brand":[],"product_cat":[178],"product_tag":[],"class_list":{"0":"post-1008859","1":"product","2":"type-product","3":"status-publish","4":"has-post-thumbnail","6":"product_cat-catodos-para-sputtering-planar","8":"first","9":"instock","10":"shipping-taxable","11":"product-type-variable"},"acf":[],"_links":{"self":[{"href":"https:\/\/vimaterial.de\/es\/wp-json\/wp\/v2\/product\/1008859","targetHints":{"allow":["GET"]}}],"collection":[{"href":"https:\/\/vimaterial.de\/es\/wp-json\/wp\/v2\/product"}],"about":[{"href":"https:\/\/vimaterial.de\/es\/wp-json\/wp\/v2\/types\/product"}],"replies":[{"embeddable":true,"href":"https:\/\/vimaterial.de\/es\/wp-json\/wp\/v2\/comments?post=1008859"}],"wp:featuredmedia":[{"embeddable":true,"href":"https:\/\/vimaterial.de\/es\/wp-json\/wp\/v2\/media\/998911"}],"wp:attachment":[{"href":"https:\/\/vimaterial.de\/es\/wp-json\/wp\/v2\/media?parent=1008859"}],"wp:term":[{"taxonomy":"product_brand","embeddable":true,"href":"https:\/\/vimaterial.de\/es\/wp-json\/wp\/v2\/product_brand?post=1008859"},{"taxonomy":"product_cat","embeddable":true,"href":"https:\/\/vimaterial.de\/es\/wp-json\/wp\/v2\/product_cat?post=1008859"},{"taxonomy":"product_tag","embeddable":true,"href":"https:\/\/vimaterial.de\/es\/wp-json\/wp\/v2\/product_tag?post=1008859"}],"curies":[{"name":"wp","href":"https:\/\/api.w.org\/{rel}","templated":true}]}}