{"id":1008818,"date":"2024-06-17T13:59:14","date_gmt":"2024-06-17T05:59:14","guid":{"rendered":"https:\/\/vimaterial.de\/product\/oxido-de-cobalto-y-manganeso-de-litio\/"},"modified":"2024-11-11T14:43:26","modified_gmt":"2024-11-11T06:43:26","slug":"oxido-de-cobalto-y-manganeso-de-litio","status":"publish","type":"product","link":"https:\/\/vimaterial.de\/es\/product\/oxido-de-cobalto-y-manganeso-de-litio\/","title":{"rendered":"\u00d3xido de litio, manganeso y cobalto"},"content":{"rendered":"<p>El \u00f3xido de cobalto y manganeso y litio (LiMnCoO2) es un tipo de material de c\u00e1todo de bater\u00eda de iones de litio compuesto de litio (Li), manganeso (Mn), cobalto (Co) y ox\u00edgeno (O). Este material combina los puntos fuertes del manganeso y el cobalto para mejorar el rendimiento de las bater\u00edas de iones de litio. Por lo general, se usa en aplicaciones que requieren un equilibrio entre alta densidad de energ\u00eda, larga vida \u00fatil y estabilidad.  <\/p>\n<h2><span style=\"font-size: 14pt;\">Propiedades f\u00edsicas:<\/span><\/h2>\n<p>F\u00f3rmula: LiMnCoO2. Aspecto: Por lo general, un polvo fino, de color gris claro a gris oscuro. Densidad: Alrededor de 4,5-5,0 g\/cm\u00b3, que es comparable a otros materiales de c\u00e1todos de alta energ\u00eda. Estructura cristalina: Estructura en capas con una red de tipo sal gema, que favorece el ciclo eficiente de los iones de litio durante los procesos de carga y descarga.<\/p>\n<h2><span style=\"font-size: 14pt;\">Propiedades electroqu\u00edmicas:<\/span><\/h2>\n<p>Densidad de energ\u00eda: La densidad de energ\u00eda del \u00f3xido de litio, manganeso y cobalto (LiMnCoO2) es mayor que la del \u00f3xido puro de litio y manganeso (LiMn\u2082O\u2084), pero generalmente m\u00e1s baja que el \u00f3xido de litio y cobalto (LCO) o el litio, n\u00edquel, cobalto y manganeso (NCM). Puede alcanzar capacidades de alrededor de 140-170 mAh\/g, dependiendo de la proporci\u00f3n de manganeso a cobalto. Rango de voltaje: El rango de voltaje de funcionamiento es similar al de otros c\u00e1todos de iones de litio, generalmente entre 3.0 y 4.2 V. Ciclo de vida: El ciclo de vida del \u00f3xido de litio, manganeso y cobalto es generalmente bueno, aunque puede ser algo menor que el de otros materiales de c\u00e1todo como el fosfato de hierro y litio (LFP). El rendimiento est\u00e1 influenciado por la proporci\u00f3n espec\u00edfica de manganeso a cobalto y el dise\u00f1o de la bater\u00eda. Estabilidad t\u00e9rmica: El \u00f3xido de litio, manganeso y cobalto (LiMnCoO2) es m\u00e1s estable t\u00e9rmicamente que los materiales solo de cobalto, pero no tanto como los materiales solo de manganeso como LiMn\u2082O\u2084. La adici\u00f3n de cobalto ayuda a mejorar el rendimiento a tasas m\u00e1s altas. <\/p>\n<h2><span style=\"font-size: 14pt;\">Aplicaciones:<\/span><\/h2>\n<p>Bater\u00edas de iones de litio: El \u00f3xido de litio, manganeso y cobalto (LiMnCoO2) se usa ampliamente en bater\u00edas de iones de litio, especialmente para aplicaciones que necesitan un equilibrio entre alta densidad de energ\u00eda, estabilidad y ciclo de vida. Se usa com\u00fanmente en productos electr\u00f3nicos de consumo (computadoras port\u00e1tiles, tel\u00e9fonos inteligentes, herramientas el\u00e9ctricas), veh\u00edculos el\u00e9ctricos (EV) y sistemas de almacenamiento de energ\u00eda. Veh\u00edculos el\u00e9ctricos (EV): Las bater\u00edas con c\u00e1todos de \u00f3xido de litio, manganeso y cobalto se utilizan a menudo en los veh\u00edculos el\u00e9ctricos debido a su potencia de salida mejorada, su buena vida \u00fatil y su estabilidad t\u00e9rmica en comparaci\u00f3n con otros c\u00e1todos como el LCO. Herramientas el\u00e9ctricas y electr\u00f3nica de consumo: El buen rendimiento del material en diversas condiciones de descarga lo hace adecuado para aplicaciones de alto consumo como herramientas el\u00e9ctricas y electr\u00f3nica port\u00e1til. <\/p>\n<p>&nbsp;<\/p>\n","protected":false},"excerpt":{"rendered":"<p>El \u00f3xido de cobalto y manganeso y litio (LiMnCoO2) es un tipo de material de c\u00e1todo de bater\u00eda de iones de litio compuesto de litio (Li), manganeso (Mn), cobalto (Co) y ox\u00edgeno (O). Este material combina los puntos fuertes del manganeso y el cobalto para mejorar el rendimiento de las bater\u00edas de iones de litio. [&hellip;]<\/p>\n","protected":false},"featured_media":1039847,"comment_status":"open","ping_status":"closed","template":"","meta":{"_acf_changed":false},"product_brand":[],"product_cat":[180],"product_tag":[],"class_list":{"0":"post-1008818","1":"product","2":"type-product","3":"status-publish","4":"has-post-thumbnail","6":"product_cat-materiales-de-la-bateria","8":"first","9":"instock","10":"shipping-taxable","11":"product-type-variable"},"acf":[],"_links":{"self":[{"href":"https:\/\/vimaterial.de\/es\/wp-json\/wp\/v2\/product\/1008818","targetHints":{"allow":["GET"]}}],"collection":[{"href":"https:\/\/vimaterial.de\/es\/wp-json\/wp\/v2\/product"}],"about":[{"href":"https:\/\/vimaterial.de\/es\/wp-json\/wp\/v2\/types\/product"}],"replies":[{"embeddable":true,"href":"https:\/\/vimaterial.de\/es\/wp-json\/wp\/v2\/comments?post=1008818"}],"wp:featuredmedia":[{"embeddable":true,"href":"https:\/\/vimaterial.de\/es\/wp-json\/wp\/v2\/media\/1039847"}],"wp:attachment":[{"href":"https:\/\/vimaterial.de\/es\/wp-json\/wp\/v2\/media?parent=1008818"}],"wp:term":[{"taxonomy":"product_brand","embeddable":true,"href":"https:\/\/vimaterial.de\/es\/wp-json\/wp\/v2\/product_brand?post=1008818"},{"taxonomy":"product_cat","embeddable":true,"href":"https:\/\/vimaterial.de\/es\/wp-json\/wp\/v2\/product_cat?post=1008818"},{"taxonomy":"product_tag","embeddable":true,"href":"https:\/\/vimaterial.de\/es\/wp-json\/wp\/v2\/product_tag?post=1008818"}],"curies":[{"name":"wp","href":"https:\/\/api.w.org\/{rel}","templated":true}]}}