{"id":1008806,"date":"2024-06-17T13:59:14","date_gmt":"2024-06-17T05:59:14","guid":{"rendered":"https:\/\/vimaterial.de\/product\/permanganato-de-litio\/"},"modified":"2024-11-11T14:52:12","modified_gmt":"2024-11-11T06:52:12","slug":"permanganato-de-litio","status":"publish","type":"product","link":"https:\/\/vimaterial.de\/es\/product\/permanganato-de-litio\/","title":{"rendered":"Permanganato de litio"},"content":{"rendered":"<p>El permanganato de litio (LiMnO\u2084) es un compuesto qu\u00edmico formado por litio (Li) y permanganato (MnO\u2084). Es un compuesto menos com\u00fan en comparaci\u00f3n con otros compuestos de litio y manganeso como el \u00f3xido de litio y manganeso (LiMn\u2082O\u2084), pero tiene importantes aplicaciones en diversos procesos qu\u00edmicos debido a sus propiedades oxidantes. <\/p>\n<h2><span style=\"font-size: 14pt;\">Propiedades f\u00edsicas:<\/span><\/h2>\n<p>F\u00f3rmula: LiMnO\u2084. Aspecto: Por lo general, es un s\u00f3lido cristalino de color p\u00farpura o violeta oscuro debido a la presencia del ion permanganato. Solubilidad: El permanganato de litio es soluble en agua, donde se disocia en iones de litio (Li\u207a) e iones de permanganato (MnO\u2084\u207b). Estabilidad: Es relativamente estable en condiciones est\u00e1ndar, pero debe manipularse con cuidado debido a su fuerte naturaleza oxidante, que puede provocar el riesgo de combusti\u00f3n o reacciones con materiales org\u00e1nicos.<\/p>\n<p>Propiedades qu\u00edmicas:<\/p>\n<p>Oxidante fuerte: Al igual que otros permanganatos, el permanganato de litio es un oxidante fuerte, lo que significa que dona ox\u00edgeno f\u00e1cilmente a otras sustancias en reacciones redox. Esto lo hace \u00fatil en diversos procesos qu\u00edmicos, incluso como desinfectante o en s\u00edntesis org\u00e1nica. Reactividad: El permanganato de litio reacciona con los agentes reductores y puede descomponerse en otros compuestos de manganeso, como el di\u00f3xido de manganeso (MnO\u2082) y el \u00f3xido de litio (Li\u2082O), bajo ciertas condiciones. <\/p>\n<h2><span style=\"font-size: 14pt;\">Aplicaciones:<\/span><\/h2>\n<p>Agente oxidante: El permanganato de litio se puede utilizar en la s\u00edntesis qu\u00edmica, particularmente en reacciones donde se requiere una fuerte oxidaci\u00f3n. A veces se emplea en qu\u00edmica org\u00e1nica para oxidar alcoholes a cetonas o aldeh\u00eddos. Desinfectante: Debido a sus fuertes propiedades oxidativas, se puede utilizar en ciertas aplicaciones desinfectantes, incluido el tratamiento de aguas. Investigaci\u00f3n de bater\u00edas: Si bien no se usa ampliamente en bater\u00edas comerciales, el permanganato de litio a veces se estudia como un material cat\u00f3dico potencial para bater\u00edas de iones de litio, donde el alto estado de oxidaci\u00f3n del manganeso podr\u00eda contribuir a un mayor voltaje y capacidad energ\u00e9tica. Sin embargo, esto todav\u00eda est\u00e1 en investigaci\u00f3n y desarrollo. Aplicaciones ambientales: Como oxidante, el permanganato de litio podr\u00eda usarse en la remediaci\u00f3n ambiental, como la oxidaci\u00f3n de compuestos t\u00f3xicos o en el tratamiento de aguas residuales. Cat\u00e1lisis: Las fuertes propiedades oxidantes del permanganato de litio lo hacen \u00fatil en procesos catal\u00edticos, particularmente en la oxidaci\u00f3n de compuestos org\u00e1nicos. <\/p>\n<p>&nbsp;<\/p>\n","protected":false},"excerpt":{"rendered":"<p>El permanganato de litio (LiMnO\u2084) es un compuesto qu\u00edmico formado por litio (Li) y permanganato (MnO\u2084). Es un compuesto menos com\u00fan en comparaci\u00f3n con otros compuestos de litio y manganeso como el \u00f3xido de litio y manganeso (LiMn\u2082O\u2084), pero tiene importantes aplicaciones en diversos procesos qu\u00edmicos debido a sus propiedades oxidantes. Propiedades f\u00edsicas: F\u00f3rmula: LiMnO\u2084. [&hellip;]<\/p>\n","protected":false},"featured_media":998947,"comment_status":"open","ping_status":"closed","template":"","meta":{"_acf_changed":false},"product_brand":[],"product_cat":[178],"product_tag":[],"class_list":{"0":"post-1008806","1":"product","2":"type-product","3":"status-publish","4":"has-post-thumbnail","6":"product_cat-catodos-para-sputtering-planar","8":"first","9":"instock","10":"shipping-taxable","11":"product-type-variable"},"acf":[],"_links":{"self":[{"href":"https:\/\/vimaterial.de\/es\/wp-json\/wp\/v2\/product\/1008806","targetHints":{"allow":["GET"]}}],"collection":[{"href":"https:\/\/vimaterial.de\/es\/wp-json\/wp\/v2\/product"}],"about":[{"href":"https:\/\/vimaterial.de\/es\/wp-json\/wp\/v2\/types\/product"}],"replies":[{"embeddable":true,"href":"https:\/\/vimaterial.de\/es\/wp-json\/wp\/v2\/comments?post=1008806"}],"wp:featuredmedia":[{"embeddable":true,"href":"https:\/\/vimaterial.de\/es\/wp-json\/wp\/v2\/media\/998947"}],"wp:attachment":[{"href":"https:\/\/vimaterial.de\/es\/wp-json\/wp\/v2\/media?parent=1008806"}],"wp:term":[{"taxonomy":"product_brand","embeddable":true,"href":"https:\/\/vimaterial.de\/es\/wp-json\/wp\/v2\/product_brand?post=1008806"},{"taxonomy":"product_cat","embeddable":true,"href":"https:\/\/vimaterial.de\/es\/wp-json\/wp\/v2\/product_cat?post=1008806"},{"taxonomy":"product_tag","embeddable":true,"href":"https:\/\/vimaterial.de\/es\/wp-json\/wp\/v2\/product_tag?post=1008806"}],"curies":[{"name":"wp","href":"https:\/\/api.w.org\/{rel}","templated":true}]}}