{"id":1008742,"date":"2024-06-17T13:59:58","date_gmt":"2024-06-17T05:59:58","guid":{"rendered":"https:\/\/vimaterial.de\/product\/litio-oxido-de-niobio\/"},"modified":"2024-11-11T14:07:52","modified_gmt":"2024-11-11T06:07:52","slug":"litio-oxido-de-niobio","status":"publish","type":"product","link":"https:\/\/vimaterial.de\/es\/product\/litio-oxido-de-niobio\/","title":{"rendered":"\u00d3xido de litio y niobio (niobato de litio)"},"content":{"rendered":"<p>El \u00f3xido de litio y niobio (LiNbO3) es un compuesto de niobio, litio y ox\u00edgeno. Sus monocristales son un material importante para gu\u00edas de ondas \u00f3pticas, tel\u00e9fonos m\u00f3viles, sensores piezoel\u00e9ctricos, moduladores \u00f3pticos y otras aplicaciones \u00f3pticas lineales y no lineales.<\/p>\n<h2><span style=\"font-size: 14pt;\">Propiedades f\u00edsicas:<\/span><\/h2>\n<p>F\u00f3rmula qu\u00edmica:LiNbO3<\/p>\n<p>Masa molar: 147.846 g\/mol<\/p>\n<p>Aspecto: s\u00f3lido incoloro<\/p>\n<p>Densidad: 4,65 g\/cm3<\/p>\n<p>Punto de fusi\u00f3n: 1.257 \u00b0C (2.295 \u00b0F; 1.530 K)<\/p>\n<p>Solubilidad en agua:Ninguna<\/p>\n<p>Banda prohibida: 4 eV<\/p>\n<p>\u00cdndice de refracci\u00f3n (nD): no 2,30, ne 2,21<\/p>\n<p>Estructura cristalina: trigonal<\/p>\n<h2><span style=\"font-size: 14pt;\">Aplicaciones:<\/span><\/h2>\n<p>El \u00f3xido de litio y niobio se utiliza ampliamente en el mercado de las telecomunicaciones, por ejemplo, en tel\u00e9fonos m\u00f3viles y moduladores \u00f3pticos. Es el material elegido para la fabricaci\u00f3n de dispositivos de ondas ac\u00fasticas de superficie. Para algunos usos, puede ser reemplazado por tantalato de litio, LiTaO3. Otros usos son en la duplicaci\u00f3n de frecuencia l\u00e1ser, \u00f3ptica no lineal, celdas de Pockels, osciladores param\u00e9tricos \u00f3pticos, dispositivos de conmutaci\u00f3n Q para l\u00e1seres, otros dispositivos ac\u00fastico-\u00f3pticos, interruptores \u00f3pticos para frecuencias de gigahercios, etc\u00e9tera. Es un excelente material para la fabricaci\u00f3n de gu\u00edas de onda \u00f3pticas. Tambi\u00e9n se utiliza en la fabricaci\u00f3n de filtros \u00f3pticos espaciales de paso bajo (anti-aliasing).<\/p>\n<p>En los \u00faltimos a\u00f1os, el \u00f3xido de litio y niobio est\u00e1 encontrando aplicaciones como una especie de pinzas electrost\u00e1ticas, un enfoque conocido como pinzas optoelectr\u00f3nicas, ya que el efecto requiere que se produzca una excitaci\u00f3n ligera. Este efecto permite una manipulaci\u00f3n fina de part\u00edculas a escala microm\u00e9trica con alta flexibilidad, ya que la acci\u00f3n de pinza se limita al \u00e1rea iluminada. El efecto se basa en los campos el\u00e9ctricos muy altos generados durante la exposici\u00f3n a la luz (1-100 kV\/cm) dentro del punto iluminado. Estos intensos campos tambi\u00e9n est\u00e1n encontrando aplicaciones en biof\u00edsica y biotecnolog\u00eda, ya que pueden influir en los organismos vivos de diversas maneras. Por ejemplo, se ha demostrado que el niobato de litio dopado con hierro excitado con luz visible produce la muerte celular en cultivos de c\u00e9lulas tumorales.<\/p>\n","protected":false},"excerpt":{"rendered":"<p>El \u00f3xido de litio y niobio (LiNbO3) es un compuesto de niobio, litio y ox\u00edgeno. Sus monocristales son un material importante para gu\u00edas de ondas \u00f3pticas, tel\u00e9fonos m\u00f3viles, sensores piezoel\u00e9ctricos, moduladores \u00f3pticos y otras aplicaciones \u00f3pticas lineales y no lineales. Propiedades f\u00edsicas: F\u00f3rmula qu\u00edmica:LiNbO3 Masa molar: 147.846 g\/mol Aspecto: s\u00f3lido incoloro Densidad: 4,65 g\/cm3 Punto [&hellip;]<\/p>\n","protected":false},"featured_media":998964,"comment_status":"open","ping_status":"closed","template":"","meta":{"_acf_changed":false},"product_brand":[],"product_cat":[178],"product_tag":[],"class_list":{"0":"post-1008742","1":"product","2":"type-product","3":"status-publish","4":"has-post-thumbnail","6":"product_cat-catodos-para-sputtering-planar","8":"first","9":"instock","10":"shipping-taxable","11":"product-type-variable"},"acf":[],"_links":{"self":[{"href":"https:\/\/vimaterial.de\/es\/wp-json\/wp\/v2\/product\/1008742","targetHints":{"allow":["GET"]}}],"collection":[{"href":"https:\/\/vimaterial.de\/es\/wp-json\/wp\/v2\/product"}],"about":[{"href":"https:\/\/vimaterial.de\/es\/wp-json\/wp\/v2\/types\/product"}],"replies":[{"embeddable":true,"href":"https:\/\/vimaterial.de\/es\/wp-json\/wp\/v2\/comments?post=1008742"}],"wp:featuredmedia":[{"embeddable":true,"href":"https:\/\/vimaterial.de\/es\/wp-json\/wp\/v2\/media\/998964"}],"wp:attachment":[{"href":"https:\/\/vimaterial.de\/es\/wp-json\/wp\/v2\/media?parent=1008742"}],"wp:term":[{"taxonomy":"product_brand","embeddable":true,"href":"https:\/\/vimaterial.de\/es\/wp-json\/wp\/v2\/product_brand?post=1008742"},{"taxonomy":"product_cat","embeddable":true,"href":"https:\/\/vimaterial.de\/es\/wp-json\/wp\/v2\/product_cat?post=1008742"},{"taxonomy":"product_tag","embeddable":true,"href":"https:\/\/vimaterial.de\/es\/wp-json\/wp\/v2\/product_tag?post=1008742"}],"curies":[{"name":"wp","href":"https:\/\/api.w.org\/{rel}","templated":true}]}}