{"id":1008724,"date":"2024-06-17T14:01:30","date_gmt":"2024-06-17T06:01:30","guid":{"rendered":"https:\/\/vimaterial.de\/product\/tantalato-de-litio-2\/"},"modified":"2024-11-12T10:31:27","modified_gmt":"2024-11-12T02:31:27","slug":"tantalato-de-litio-2","status":"publish","type":"product","link":"https:\/\/vimaterial.de\/es\/product\/tantalato-de-litio-2\/","title":{"rendered":"Tantalato de litio"},"content":{"rendered":"<p>El objetivo de pulverizaci\u00f3n cat\u00f3dica de tantalato de litio es un compuesto utilizado en procesos de deposici\u00f3n de pel\u00edcula delgada, particularmente en la producci\u00f3n de dispositivos piezoel\u00e9ctricos, ferroel\u00e9ctricos y electro\u00f3pticos. El tantalato de litio es un material muy valorado en diversas industrias de alta tecnolog\u00eda, incluidas las telecomunicaciones, los dispositivos \u00f3pticos y los sensores, debido a sus propiedades el\u00e9ctricas y \u00f3pticas \u00fanicas. <\/p>\n<h2><span style=\"font-size: 14pt;\">Propiedades f\u00edsicas:<\/span><\/h2>\n<p>F\u00f3rmula qu\u00edmica:LiTaO3<\/p>\n<p>Aspecto: Por lo general, un s\u00f3lido de color gris a marr\u00f3n claro.<\/p>\n<p>Masa molar: 235.887 g\/mol<\/p>\n<p>Densidad: 7,46 g\/cm3, s\u00f3lido<\/p>\n<p>Punto de fusi\u00f3n: 1.650 \u00b0C (3.000 \u00b0F; 1.920 K)<\/p>\n<p>Solubilidad en agua:Insoluble en agua<\/p>\n<p>Estructura: Tiene una estructura cristalina hexagonal y es conocida por sus altas propiedades piezoel\u00e9ctricas y ferroel\u00e9ctricas. Propiedades piezoel\u00e9ctricas: El tantalato de litio es ampliamente conocido por su fuerte comportamiento piezoel\u00e9ctrico, lo que lo hace valioso en la producci\u00f3n de sensores, actuadores y osciladores. Propiedades \u00f3pticas: Tambi\u00e9n tiene buenas propiedades \u00f3pticas y se utiliza en aplicaciones que requieren efectos electro\u00f3pticos.<\/p>\n<h2><span style=\"font-size: 14pt;\">Aplicaciones:<\/span><\/h2>\n<p>Deposici\u00f3n de pel\u00edcula delgada: Los objetivos de pulverizaci\u00f3n cat\u00f3dica de tantalato de litio se utilizan principalmente en procesos de pulverizaci\u00f3n cat\u00f3dica para crear pel\u00edculas delgadas para diversas aplicaciones, que incluyen:<\/p>\n<ul>\n<li>Dispositivos piezoel\u00e9ctricos: Se utilizan en sensores, actuadores y transductores, particularmente en aplicaciones que requieren un control preciso, como en dispositivos m\u00e9dicos y sensores aeroespaciales.<\/li>\n<li>Dispositivos de ondas ac\u00fasticas superficiales (SAW): Esenciales para la producci\u00f3n de filtros SAW utilizados en telecomunicaciones, particularmente en tel\u00e9fonos m\u00f3viles y sistemas de comunicaci\u00f3n inal\u00e1mbrica.<\/li>\n<li>Dispositivos \u00f3pticos: Se utilizan en la creaci\u00f3n de componentes electro\u00f3pticos como moduladores e interruptores, que son fundamentales en el desarrollo de sistemas l\u00e1ser y redes de fibra \u00f3ptica.<\/li>\n<\/ul>\n<p>Materiales ferroel\u00e9ctricos: Los objetivos de pulverizaci\u00f3n cat\u00f3dica de tantalato de litio tambi\u00e9n se utilizan para crear materiales ferroel\u00e9ctricos, \u00fatiles en dispositivos de memoria, condensadores y almacenamiento de alta densidad.<\/p>\n","protected":false},"excerpt":{"rendered":"<p>El objetivo de pulverizaci\u00f3n cat\u00f3dica de tantalato de litio es un compuesto utilizado en procesos de deposici\u00f3n de pel\u00edcula delgada, particularmente en la producci\u00f3n de dispositivos piezoel\u00e9ctricos, ferroel\u00e9ctricos y electro\u00f3pticos. El tantalato de litio es un material muy valorado en diversas industrias de alta tecnolog\u00eda, incluidas las telecomunicaciones, los dispositivos \u00f3pticos y los sensores, debido [&hellip;]<\/p>\n","protected":false},"featured_media":999061,"comment_status":"open","ping_status":"closed","template":"","meta":{"_acf_changed":false},"product_brand":[],"product_cat":[178],"product_tag":[],"class_list":{"0":"post-1008724","1":"product","2":"type-product","3":"status-publish","4":"has-post-thumbnail","6":"product_cat-catodos-para-sputtering-planar","8":"first","9":"outofstock","10":"shipping-taxable","11":"product-type-variable"},"acf":[],"_links":{"self":[{"href":"https:\/\/vimaterial.de\/es\/wp-json\/wp\/v2\/product\/1008724","targetHints":{"allow":["GET"]}}],"collection":[{"href":"https:\/\/vimaterial.de\/es\/wp-json\/wp\/v2\/product"}],"about":[{"href":"https:\/\/vimaterial.de\/es\/wp-json\/wp\/v2\/types\/product"}],"replies":[{"embeddable":true,"href":"https:\/\/vimaterial.de\/es\/wp-json\/wp\/v2\/comments?post=1008724"}],"wp:featuredmedia":[{"embeddable":true,"href":"https:\/\/vimaterial.de\/es\/wp-json\/wp\/v2\/media\/999061"}],"wp:attachment":[{"href":"https:\/\/vimaterial.de\/es\/wp-json\/wp\/v2\/media?parent=1008724"}],"wp:term":[{"taxonomy":"product_brand","embeddable":true,"href":"https:\/\/vimaterial.de\/es\/wp-json\/wp\/v2\/product_brand?post=1008724"},{"taxonomy":"product_cat","embeddable":true,"href":"https:\/\/vimaterial.de\/es\/wp-json\/wp\/v2\/product_cat?post=1008724"},{"taxonomy":"product_tag","embeddable":true,"href":"https:\/\/vimaterial.de\/es\/wp-json\/wp\/v2\/product_tag?post=1008724"}],"curies":[{"name":"wp","href":"https:\/\/api.w.org\/{rel}","templated":true}]}}