{"id":1008684,"date":"2024-06-17T14:02:26","date_gmt":"2024-06-17T06:02:26","guid":{"rendered":"https:\/\/vimaterial.de\/product\/boro-3\/"},"modified":"2024-11-12T11:00:00","modified_gmt":"2024-11-12T03:00:00","slug":"boro-3","status":"publish","type":"product","link":"https:\/\/vimaterial.de\/es\/product\/boro-3\/","title":{"rendered":"Boro"},"content":{"rendered":"<p>Los gr\u00e1nulos de boro son formas s\u00f3lidas y granulares de boro elemental, producidas mediante la conversi\u00f3n del polvo de boro en gr\u00e1nulos m\u00e1s grandes y manejables. Estos gr\u00e1nulos se utilizan normalmente en una variedad de aplicaciones industriales donde se requiere un manejo preciso y una liberaci\u00f3n controlada de boro. Son menos reactivos que la forma en polvo, lo que los hace m\u00e1s f\u00e1ciles y seguros de manejar en muchos procesos.  <\/p>\n<h2><span style=\"font-size: 14pt;\">Propiedades f\u00edsicas:<\/span><\/h2>\n<p>Aspecto: negro-marr\u00f3n<\/p>\n<p>Punto de fusi\u00f3n: 2349 K (2076 \u00b0C, 3769 \u00b0F)<\/p>\n<p>Punto de ebullici\u00f3n:4200 K (3927 \u00b0C, 7101 \u00b0F)<\/p>\n<p>Densidad cuando est\u00e1 l\u00edquido (a m.p.) :2.08 g\/cm3<\/p>\n<p>Pureza: Disponible en diferentes purezas, que suelen oscilar entre el 95% y el 99%, dependiendo de la aplicaci\u00f3n. Tama\u00f1o: Los tama\u00f1os de los gr\u00e1nulos pueden variar desde unos pocos mil\u00edmetros hasta part\u00edculas m\u00e1s grandes, seg\u00fan las necesidades espec\u00edficas de la aplicaci\u00f3n. Estructura: Los gr\u00e1nulos suelen ser esf\u00e9ricos o de forma irregular, lo que facilita su manipulaci\u00f3n, mezcla y distribuci\u00f3n controlada en determinados procesos. Dureza: Al igual que el polvo de boro, los gr\u00e1nulos de boro son duros y quebradizos. Estabilidad t\u00e9rmica: Estabilidad t\u00e9rmica muy alta, lo que los hace ideales para su uso en aplicaciones de alta temperatura.<\/p>\n<h2><span style=\"font-size: 14pt;\">Aplicaciones:<\/span><\/h2>\n<p>Metalurgia: Los gr\u00e1nulos de boro se utilizan como agente de aleaci\u00f3n en acero y otras aleaciones met\u00e1licas para mejorar la dureza, la fuerza y la resistencia al desgaste y la corrosi\u00f3n. Agricultura: El boro es un micronutriente esencial para las plantas, y los gr\u00e1nulos de boro se utilizan como fertilizante para corregir las deficiencias de boro en el suelo, promoviendo el crecimiento saludable de las plantas. Industria nuclear: Debido a su capacidad de absorci\u00f3n de neutrones, los gr\u00e1nulos de boro se emplean en los reactores nucleares como material de control o absorbente de neutrones. Pirotecnia y coheter\u00eda: Se utiliza en explosivos y propulsores de cohetes por su liberaci\u00f3n de alta energ\u00eda durante la combusti\u00f3n. Almacenamiento de energ\u00eda: Los gr\u00e1nulos de boro se utilizan a veces en tecnolog\u00edas avanzadas de bater\u00edas, donde sus propiedades ayudan a mejorar el rendimiento general del sistema.<\/p>\n<h2><span style=\"font-size: 14pt;\">Seguridad y manejo:<\/span><\/h2>\n<p>Manejo: Si bien los gr\u00e1nulos de boro son menos peligrosos que la forma en polvo, deben manipularse con cuidado. Se recomienda el uso de equipos de protecci\u00f3n, como guantes y protecci\u00f3n respiratoria, especialmente cuando se manipulan grandes cantidades. Almacenamiento: Almacene los gr\u00e1nulos de boro en un recipiente seco y herm\u00e9tico para evitar la absorci\u00f3n de humedad y posibles reacciones. Aseg\u00farese de que se mantengan alejados de agentes oxidantes y llamas abiertas. <\/p>\n","protected":false},"excerpt":{"rendered":"<p>Los gr\u00e1nulos de boro son formas s\u00f3lidas y granulares de boro elemental, producidas mediante la conversi\u00f3n del polvo de boro en gr\u00e1nulos m\u00e1s grandes y manejables. Estos gr\u00e1nulos se utilizan normalmente en una variedad de aplicaciones industriales donde se requiere un manejo preciso y una liberaci\u00f3n controlada de boro. Son menos reactivos que la forma [&hellip;]<\/p>\n","protected":false},"featured_media":1051628,"comment_status":"open","ping_status":"closed","template":"","meta":{"_acf_changed":false},"product_brand":[],"product_cat":[179],"product_tag":[],"class_list":{"0":"post-1008684","1":"product","2":"type-product","3":"status-publish","4":"has-post-thumbnail","6":"product_cat-materiales-de-evaporacion","8":"first","9":"instock","10":"shipping-taxable","11":"purchasable","12":"product-type-variable"},"acf":[],"_links":{"self":[{"href":"https:\/\/vimaterial.de\/es\/wp-json\/wp\/v2\/product\/1008684","targetHints":{"allow":["GET"]}}],"collection":[{"href":"https:\/\/vimaterial.de\/es\/wp-json\/wp\/v2\/product"}],"about":[{"href":"https:\/\/vimaterial.de\/es\/wp-json\/wp\/v2\/types\/product"}],"replies":[{"embeddable":true,"href":"https:\/\/vimaterial.de\/es\/wp-json\/wp\/v2\/comments?post=1008684"}],"wp:featuredmedia":[{"embeddable":true,"href":"https:\/\/vimaterial.de\/es\/wp-json\/wp\/v2\/media\/1051628"}],"wp:attachment":[{"href":"https:\/\/vimaterial.de\/es\/wp-json\/wp\/v2\/media?parent=1008684"}],"wp:term":[{"taxonomy":"product_brand","embeddable":true,"href":"https:\/\/vimaterial.de\/es\/wp-json\/wp\/v2\/product_brand?post=1008684"},{"taxonomy":"product_cat","embeddable":true,"href":"https:\/\/vimaterial.de\/es\/wp-json\/wp\/v2\/product_cat?post=1008684"},{"taxonomy":"product_tag","embeddable":true,"href":"https:\/\/vimaterial.de\/es\/wp-json\/wp\/v2\/product_tag?post=1008684"}],"curies":[{"name":"wp","href":"https:\/\/api.w.org\/{rel}","templated":true}]}}