{"id":1008610,"date":"2024-06-17T14:02:29","date_gmt":"2024-06-17T06:02:29","guid":{"rendered":"https:\/\/vimaterial.de\/product\/carburo-de-boro-2\/"},"modified":"2024-11-12T14:37:15","modified_gmt":"2024-11-12T06:37:15","slug":"carburo-de-boro-2","status":"publish","type":"product","link":"https:\/\/vimaterial.de\/es\/product\/carburo-de-boro-2\/","title":{"rendered":"Carburo de boro"},"content":{"rendered":"<p>El objetivo de pulverizaci\u00f3n cat\u00f3dica de carburo de boro es un material utilizado en el proceso de pulverizaci\u00f3n cat\u00f3dica para depositar pel\u00edculas de carburo de boro sobre un sustrato. La pulverizaci\u00f3n cat\u00f3dica es un tipo de deposici\u00f3n f\u00edsica de vapor (PVD) en la que los iones o part\u00edculas se aceleran hacia el material objetivo, lo que hace que los \u00e1tomos o mol\u00e9culas sean expulsados y depositados sobre un sustrato para formar una pel\u00edcula delgada. <\/p>\n<h2><span style=\"font-size: 14pt;\">Propiedades f\u00edsicas:<\/span><\/h2>\n<p>F\u00f3rmula qu\u00edmica: B4C<\/p>\n<p>Masa molar:55.255 g\/mol<\/p>\n<p>Aspecto: T\u00edpicamente negro o gris oscuro, discos o placas s\u00f3lidas.<\/p>\n<p>Densidad:2,52 g\/cm3, s\u00f3lido.<\/p>\n<p>Punto de fusi\u00f3n: Aproximadamente 2.350 \u00b0C (4.270 \u00b0F), lo que es beneficioso para aplicaciones de alta temperatura. Dureza: Material extremadamente duro con una dureza de Mohs de aproximadamente 9,3, lo que lo hace adecuado para aplicaciones que requieren resistencia a la abrasi\u00f3n y protecci\u00f3n contra el desgaste.<\/p>\n<p>Solubilidad en agua: insoluble<\/p>\n<p>Aislamiento el\u00e9ctrico: El carburo de boro es un aislante a temperatura ambiente, que puede ser importante en ciertas aplicaciones electr\u00f3nicas. Pureza: Los objetivos de pulverizaci\u00f3n cat\u00f3dica de carburo de boro suelen estar disponibles en grados de alta pureza, como el 99% o el 99,99%, seg\u00fan los requisitos del proceso de deposici\u00f3n.<\/p>\n<h2><span style=\"font-size: 14pt;\">Aplicaciones:<\/span><\/h2>\n<p>Recubrimientos resistentes al desgaste: Los objetivos de pulverizaci\u00f3n cat\u00f3dica de carburo de boro se depositan sobre sustratos para proporcionar una alta resistencia al desgaste en piezas mec\u00e1nicas, herramientas y maquinaria expuestas a condiciones extremas. Recubrimientos duros: La extrema dureza del carburo de boro lo hace ideal para depositar pel\u00edculas duras utilizadas en herramientas de corte, abrasivos y equipos industriales que requieren una superficie dura y duradera. Protecci\u00f3n bal\u00edstica: Los objetivos de pulverizaci\u00f3n cat\u00f3dica de carburo de boro se pueden usar en recubrimientos protectores para armaduras, ya que el carburo de boro es conocido por su capacidad para absorber y disipar energ\u00eda. Recubrimientos de absorci\u00f3n de neutrones: Debido a sus propiedades de absorci\u00f3n de neutrones, las pel\u00edculas de carburo de boro se utilizan en aplicaciones nucleares para el blindaje de neutrones o en barras de control. Recubrimientos semiconductores y electr\u00f3nicos: Los objetivos de pulverizaci\u00f3n cat\u00f3dica de carburo de boro se pueden utilizar como recubrimiento diel\u00e9ctrico en dispositivos semiconductores, ofreciendo protecci\u00f3n y aislamiento. Recubrimientos \u00f3pticos: En ciertas aplicaciones \u00f3pticas, las pel\u00edculas de carburo de boro se pueden usar por su dureza, especialmente cuando se requiere resistencia al desgaste y al rayado. Gesti\u00f3n t\u00e9rmica: La alta conductividad t\u00e9rmica del carburo de boro lo hace adecuado para aplicaciones que involucran disipaci\u00f3n de calor, como en escudos t\u00e9rmicos y entornos de alta temperatura.<\/p>\n","protected":false},"excerpt":{"rendered":"<p>El objetivo de pulverizaci\u00f3n cat\u00f3dica de carburo de boro es un material utilizado en el proceso de pulverizaci\u00f3n cat\u00f3dica para depositar pel\u00edculas de carburo de boro sobre un sustrato. La pulverizaci\u00f3n cat\u00f3dica es un tipo de deposici\u00f3n f\u00edsica de vapor (PVD) en la que los iones o part\u00edculas se aceleran hacia el material objetivo, lo [&hellip;]<\/p>\n","protected":false},"featured_media":999098,"comment_status":"open","ping_status":"closed","template":"","meta":{"_acf_changed":false},"product_brand":[],"product_cat":[178],"product_tag":[],"class_list":{"0":"post-1008610","1":"product","2":"type-product","3":"status-publish","4":"has-post-thumbnail","6":"product_cat-catodos-para-sputtering-planar","8":"first","9":"instock","10":"shipping-taxable","11":"purchasable","12":"product-type-variable"},"acf":[],"_links":{"self":[{"href":"https:\/\/vimaterial.de\/es\/wp-json\/wp\/v2\/product\/1008610","targetHints":{"allow":["GET"]}}],"collection":[{"href":"https:\/\/vimaterial.de\/es\/wp-json\/wp\/v2\/product"}],"about":[{"href":"https:\/\/vimaterial.de\/es\/wp-json\/wp\/v2\/types\/product"}],"replies":[{"embeddable":true,"href":"https:\/\/vimaterial.de\/es\/wp-json\/wp\/v2\/comments?post=1008610"}],"wp:featuredmedia":[{"embeddable":true,"href":"https:\/\/vimaterial.de\/es\/wp-json\/wp\/v2\/media\/999098"}],"wp:attachment":[{"href":"https:\/\/vimaterial.de\/es\/wp-json\/wp\/v2\/media?parent=1008610"}],"wp:term":[{"taxonomy":"product_brand","embeddable":true,"href":"https:\/\/vimaterial.de\/es\/wp-json\/wp\/v2\/product_brand?post=1008610"},{"taxonomy":"product_cat","embeddable":true,"href":"https:\/\/vimaterial.de\/es\/wp-json\/wp\/v2\/product_cat?post=1008610"},{"taxonomy":"product_tag","embeddable":true,"href":"https:\/\/vimaterial.de\/es\/wp-json\/wp\/v2\/product_tag?post=1008610"}],"curies":[{"name":"wp","href":"https:\/\/api.w.org\/{rel}","templated":true}]}}