{"id":1008527,"date":"2024-06-17T13:45:24","date_gmt":"2024-06-17T05:45:24","guid":{"rendered":"https:\/\/vimaterial.de\/product\/aluminio-metalico-8\/"},"modified":"2024-10-25T16:16:09","modified_gmt":"2024-10-25T08:16:09","slug":"aluminio-metalico-8","status":"publish","type":"product","link":"https:\/\/vimaterial.de\/es\/product\/aluminio-metalico-8\/","title":{"rendered":"Aluminio met\u00e1lico"},"content":{"rendered":"<p>Los gr\u00e1nulos de aluminio son part\u00edculas peque\u00f1as y uniformes de aluminio ampliamente utilizadas en diversas aplicaciones industriales. Estos gr\u00e1nulos generalmente se producen a trav\u00e9s del proceso de atomizaci\u00f3n, donde el aluminio fundido se rompe en part\u00edculas finas, o triturando piezas m\u00e1s grandes de aluminio. Conocidos por su ligereza, resistencia a la corrosi\u00f3n y reciclabilidad, los gr\u00e1nulos de aluminio son un material vers\u00e1til utilizado en varias industrias.<\/p>\n<p>&nbsp;<\/p>\n<h3>Caracter\u00edsticas:<\/h3>\n<p>Alta pureza: Garantiza un rendimiento \u00f3ptimo en aplicaciones cr\u00edticas. Tama\u00f1o de part\u00edcula consistente: Ideal para un procesamiento uniforme y resultados confiables.<\/p>\n<p>Resistencia a la corrosi\u00f3n: Adecuado para su uso en entornos hostiles sin degradaci\u00f3n.<\/p>\n<p>Eco-Friendly: Totalmente reciclable, contribuyendo a pr\u00e1cticas sostenibles.<\/p>\n<p>&nbsp;<\/p>\n<h3>Aplicaciones:<\/h3>\n<p>Metalurgia: Se utiliza en la producci\u00f3n de aleaciones y como desoxidante en la fabricaci\u00f3n de acero.<\/p>\n<p>Industria Qu\u00edmica: Funciona como reactivo en diversos procesos qu\u00edmicos.<\/p>\n<p>Fabricaci\u00f3n aditiva: Se utiliza en tecnolog\u00edas de impresi\u00f3n 3D y sinterizaci\u00f3n a base de polvo. Usos Ambientales: Eficaz en procesos de tratamiento y reciclaje de residuos.<\/p>\n<p>&nbsp;<\/p>\n<p>En VIMATERIAL, ofrecemos gr\u00e1nulos de aluminio de alta calidad con una distribuci\u00f3n precisa del tama\u00f1o de part\u00edcula para cumplir con los requisitos espec\u00edficos de diferentes industrias. Nuestros gr\u00e1nulos garantizan un excelente rendimiento, consistencia y fiabilidad para una amplia gama de usos.<\/p>\n","protected":false},"excerpt":{"rendered":"<p>Los gr\u00e1nulos de aluminio son part\u00edculas peque\u00f1as y uniformes de aluminio ampliamente utilizadas en diversas aplicaciones industriales. Estos gr\u00e1nulos generalmente se producen a trav\u00e9s del proceso de atomizaci\u00f3n, donde el aluminio fundido se rompe en part\u00edculas finas, o triturando piezas m\u00e1s grandes de aluminio. Conocidos por su ligereza, resistencia a la corrosi\u00f3n y reciclabilidad, los [&hellip;]<\/p>\n","protected":false},"featured_media":1029855,"comment_status":"open","ping_status":"closed","template":"","meta":{"_acf_changed":false},"product_brand":[],"product_cat":[179],"product_tag":[],"class_list":{"0":"post-1008527","1":"product","2":"type-product","3":"status-publish","4":"has-post-thumbnail","6":"product_cat-materiales-de-evaporacion","8":"first","9":"instock","10":"shipping-taxable","11":"purchasable","12":"product-type-variable"},"acf":[],"_links":{"self":[{"href":"https:\/\/vimaterial.de\/es\/wp-json\/wp\/v2\/product\/1008527","targetHints":{"allow":["GET"]}}],"collection":[{"href":"https:\/\/vimaterial.de\/es\/wp-json\/wp\/v2\/product"}],"about":[{"href":"https:\/\/vimaterial.de\/es\/wp-json\/wp\/v2\/types\/product"}],"replies":[{"embeddable":true,"href":"https:\/\/vimaterial.de\/es\/wp-json\/wp\/v2\/comments?post=1008527"}],"wp:featuredmedia":[{"embeddable":true,"href":"https:\/\/vimaterial.de\/es\/wp-json\/wp\/v2\/media\/1029855"}],"wp:attachment":[{"href":"https:\/\/vimaterial.de\/es\/wp-json\/wp\/v2\/media?parent=1008527"}],"wp:term":[{"taxonomy":"product_brand","embeddable":true,"href":"https:\/\/vimaterial.de\/es\/wp-json\/wp\/v2\/product_brand?post=1008527"},{"taxonomy":"product_cat","embeddable":true,"href":"https:\/\/vimaterial.de\/es\/wp-json\/wp\/v2\/product_cat?post=1008527"},{"taxonomy":"product_tag","embeddable":true,"href":"https:\/\/vimaterial.de\/es\/wp-json\/wp\/v2\/product_tag?post=1008527"}],"curies":[{"name":"wp","href":"https:\/\/api.w.org\/{rel}","templated":true}]}}