{"id":1008483,"date":"2024-06-17T13:45:25","date_gmt":"2024-06-17T05:45:25","guid":{"rendered":"https:\/\/vimaterial.de\/product\/aluminio-metalico-5\/"},"modified":"2024-10-25T17:20:18","modified_gmt":"2024-10-25T09:20:18","slug":"granallas-de-aluminio","status":"publish","type":"product","link":"https:\/\/vimaterial.de\/es\/product\/granallas-de-aluminio\/","title":{"rendered":"Aluminio met\u00e1lico"},"content":{"rendered":"<p>Nuestras granallas de aluminio son piezas de aluminio de alta pureza, peque\u00f1as y uniformes dise\u00f1adas para su uso en procesos de fusi\u00f3n, aleaci\u00f3n y fundici\u00f3n. Estos pellets ofrecen una excelente conductividad t\u00e9rmica, baja densidad y resistencia a la corrosi\u00f3n, lo que los hace ideales para diversas aplicaciones industriales.<\/p>\n<p>&nbsp;<\/p>\n<h3>Caracter\u00edsticas de los perdigones de aluminio:<\/h3>\n<p>Alta pureza: Garantiza un rendimiento \u00f3ptimo en aplicaciones cr\u00edticas.<\/p>\n<p>Tama\u00f1o de part\u00edcula consistente: Ideal para un procesamiento uniforme y resultados confiables.<\/p>\n<p>Resistencia a la corrosi\u00f3n: Adecuado para su uso en entornos hostiles sin degradaci\u00f3n.<\/p>\n<p>Eco-Friendly: Totalmente reciclable, contribuyendo a pr\u00e1cticas sostenibles.<\/p>\n<p>&nbsp;<\/p>\n<h3>Aplicaciones:<\/h3>\n<p>Metalurgia: Se utiliza en la producci\u00f3n de aleaciones y como desoxidante en la fabricaci\u00f3n de acero.<\/p>\n<p>Industria Qu\u00edmica: Funciona como reactivo en diversos procesos qu\u00edmicos.<\/p>\n<p>Fabricaci\u00f3n aditiva: Se utiliza en tecnolog\u00edas de impresi\u00f3n 3D y sinterizaci\u00f3n a base de polvo.<\/p>\n<p>Usos Ambientales: Eficaz en procesos de tratamiento y reciclaje de residuos.<\/p>\n<p>&nbsp;<\/p>\n<p>En VIMATERIAL, ofrecemos granallas de aluminio de alta calidad con una distribuci\u00f3n precisa del tama\u00f1o de part\u00edcula para cumplir con los requisitos espec\u00edficos de diferentes industrias. Nuestros gr\u00e1nulos garantizan un excelente rendimiento, consistencia y fiabilidad para una amplia gama de usos.<\/p>\n","protected":false},"excerpt":{"rendered":"<p>Nuestras granallas de aluminio son piezas de aluminio de alta pureza, peque\u00f1as y uniformes dise\u00f1adas para su uso en procesos de fusi\u00f3n, aleaci\u00f3n y fundici\u00f3n. Estos pellets ofrecen una excelente conductividad t\u00e9rmica, baja densidad y resistencia a la corrosi\u00f3n, lo que los hace ideales para diversas aplicaciones industriales. &nbsp; Caracter\u00edsticas de los perdigones de aluminio: [&hellip;]<\/p>\n","protected":false},"featured_media":1029860,"comment_status":"open","ping_status":"closed","template":"","meta":{"_acf_changed":false},"product_brand":[],"product_cat":[179],"product_tag":[],"class_list":{"0":"post-1008483","1":"product","2":"type-product","3":"status-publish","4":"has-post-thumbnail","6":"product_cat-materiales-de-evaporacion","8":"first","9":"instock","10":"shipping-taxable","11":"purchasable","12":"product-type-variable"},"acf":[],"_links":{"self":[{"href":"https:\/\/vimaterial.de\/es\/wp-json\/wp\/v2\/product\/1008483","targetHints":{"allow":["GET"]}}],"collection":[{"href":"https:\/\/vimaterial.de\/es\/wp-json\/wp\/v2\/product"}],"about":[{"href":"https:\/\/vimaterial.de\/es\/wp-json\/wp\/v2\/types\/product"}],"replies":[{"embeddable":true,"href":"https:\/\/vimaterial.de\/es\/wp-json\/wp\/v2\/comments?post=1008483"}],"wp:featuredmedia":[{"embeddable":true,"href":"https:\/\/vimaterial.de\/es\/wp-json\/wp\/v2\/media\/1029860"}],"wp:attachment":[{"href":"https:\/\/vimaterial.de\/es\/wp-json\/wp\/v2\/media?parent=1008483"}],"wp:term":[{"taxonomy":"product_brand","embeddable":true,"href":"https:\/\/vimaterial.de\/es\/wp-json\/wp\/v2\/product_brand?post=1008483"},{"taxonomy":"product_cat","embeddable":true,"href":"https:\/\/vimaterial.de\/es\/wp-json\/wp\/v2\/product_cat?post=1008483"},{"taxonomy":"product_tag","embeddable":true,"href":"https:\/\/vimaterial.de\/es\/wp-json\/wp\/v2\/product_tag?post=1008483"}],"curies":[{"name":"wp","href":"https:\/\/api.w.org\/{rel}","templated":true}]}}