{"id":1008376,"date":"2024-06-17T13:45:28","date_gmt":"2024-06-17T05:45:28","guid":{"rendered":"https:\/\/vimaterial.de\/product\/aluminio-metalico-3\/"},"modified":"2024-10-25T17:14:01","modified_gmt":"2024-10-25T09:14:01","slug":"alambre-de-aluminio","status":"publish","type":"product","link":"https:\/\/vimaterial.de\/es\/product\/alambre-de-aluminio\/","title":{"rendered":"Aluminio met\u00e1lico"},"content":{"rendered":"<p>El alambre de aluminio es un metal ligero de color blanco plateado con ductilidad y maleabilidad. A menudo se convierte en varillas, l\u00e1minas, l\u00e1minas, polvos, tiras y alambres. Puede formar una pel\u00edcula de \u00f3xido para evitar la corrosi\u00f3n del metal en el aire h\u00famedo y es f\u00e1cilmente soluble en soluciones diluidas de \u00e1cido sulf\u00farico, \u00e1cido n\u00edtrico, \u00e1cido clorh\u00eddrico, hidr\u00f3xido de sodio e hidr\u00f3xido de potasio, pero insoluble en agua.<\/p>\n<p>El alambre de aluminio es abundante en la corteza terrestre y es uno de los elementos met\u00e1licos m\u00e1s abundantes en la corteza terrestre. Debido a sus propiedades \u00fanicas, es ampliamente utilizado en importantes campos industriales como la aviaci\u00f3n, la construcci\u00f3n y los autom\u00f3viles. Por ejemplo, el alambre de aluminio se puede utilizar para fabricar aviones, autom\u00f3viles, trenes, barcos, etc., y debido a su buena conductividad y resistencia a la corrosi\u00f3n, tiene una amplia gama de usos en la industria de fabricaci\u00f3n el\u00e9ctrica, la industria de alambres y cables y la industria de la radio.<\/p>\n<p>&nbsp;<\/p>\n<h2><span style=\"font-size: 14pt;\">Caracter\u00edsticas:<\/span><\/h2>\n<p>Excelente conductividad el\u00e9ctrica: Transmite electricidad de manera eficiente, lo que lo hace ideal para la distribuci\u00f3n de energ\u00eda y los sistemas el\u00e9ctricos.<\/p>\n<p>Ligereza: Significativamente m\u00e1s ligero que el alambre de cobre, lo que reduce el peso en las instalaciones el\u00e9ctricas.<\/p>\n<p>Resistente a la corrosi\u00f3n: Forma naturalmente una capa de \u00f3xido que protege contra el \u00f3xido y el da\u00f1o ambiental. Alta flexibilidad: F\u00e1cil de moldear y doblar, lo que permite una instalaci\u00f3n vers\u00e1til en varios entornos.<\/p>\n<p>Rentable: M\u00e1s asequible que el cobre y proporciona un rendimiento fiable en muchas aplicaciones.<\/p>\n<p>&nbsp;<\/p>\n<h2><span style=\"font-size: 14pt;\">Aplicaciones:<\/span><\/h2>\n<p>Cableado el\u00e9ctrico y cableado: Se utiliza en l\u00edneas el\u00e9ctricas a\u00e9reas, cableado residencial y comercial y sistemas de puesta a tierra.<\/p>\n<p>Construcci\u00f3n: Se aplica en la construcci\u00f3n de infraestructuras para sistemas de distribuci\u00f3n de energ\u00eda e iluminaci\u00f3n.<\/p>\n<p>Automoci\u00f3n y aeroespacial: Se utiliza en sistemas y componentes el\u00e9ctricos ligeros para mejorar la eficiencia del combustible.<\/p>\n<p>Aplicaciones mec\u00e1nicas: Empleado en el cableado de cercas, artesan\u00eda y componentes de maquinaria industrial.<\/p>\n<p>&nbsp;<\/p>\n","protected":false},"excerpt":{"rendered":"<p>El alambre de aluminio es un metal ligero de color blanco plateado con ductilidad y maleabilidad. A menudo se convierte en varillas, l\u00e1minas, l\u00e1minas, polvos, tiras y alambres. Puede formar una pel\u00edcula de \u00f3xido para evitar la corrosi\u00f3n del metal en el aire h\u00famedo y es f\u00e1cilmente soluble en soluciones diluidas de \u00e1cido sulf\u00farico, \u00e1cido [&hellip;]<\/p>\n","protected":false},"featured_media":997941,"comment_status":"open","ping_status":"closed","template":"","meta":{"_acf_changed":false},"product_brand":[],"product_cat":[188],"product_tag":[],"class_list":{"0":"post-1008376","1":"product","2":"type-product","3":"status-publish","4":"has-post-thumbnail","6":"product_cat-perfil","8":"first","9":"instock","10":"shipping-taxable","11":"purchasable","12":"product-type-variable"},"acf":[],"_links":{"self":[{"href":"https:\/\/vimaterial.de\/es\/wp-json\/wp\/v2\/product\/1008376","targetHints":{"allow":["GET"]}}],"collection":[{"href":"https:\/\/vimaterial.de\/es\/wp-json\/wp\/v2\/product"}],"about":[{"href":"https:\/\/vimaterial.de\/es\/wp-json\/wp\/v2\/types\/product"}],"replies":[{"embeddable":true,"href":"https:\/\/vimaterial.de\/es\/wp-json\/wp\/v2\/comments?post=1008376"}],"wp:featuredmedia":[{"embeddable":true,"href":"https:\/\/vimaterial.de\/es\/wp-json\/wp\/v2\/media\/997941"}],"wp:attachment":[{"href":"https:\/\/vimaterial.de\/es\/wp-json\/wp\/v2\/media?parent=1008376"}],"wp:term":[{"taxonomy":"product_brand","embeddable":true,"href":"https:\/\/vimaterial.de\/es\/wp-json\/wp\/v2\/product_brand?post=1008376"},{"taxonomy":"product_cat","embeddable":true,"href":"https:\/\/vimaterial.de\/es\/wp-json\/wp\/v2\/product_cat?post=1008376"},{"taxonomy":"product_tag","embeddable":true,"href":"https:\/\/vimaterial.de\/es\/wp-json\/wp\/v2\/product_tag?post=1008376"}],"curies":[{"name":"wp","href":"https:\/\/api.w.org\/{rel}","templated":true}]}}