{"id":1008357,"date":"2024-06-17T13:46:18","date_gmt":"2024-06-17T05:46:18","guid":{"rendered":"https:\/\/vimaterial.de\/product\/boruro-de-aluminio-2\/"},"modified":"2024-10-25T17:25:16","modified_gmt":"2024-10-25T09:25:16","slug":"boruro-de-aluminio-2","status":"publish","type":"product","link":"https:\/\/vimaterial.de\/es\/product\/boruro-de-aluminio-2\/","title":{"rendered":"Boruro de aluminio"},"content":{"rendered":"<p>El boruro de aluminio (AlB12) contiene estructuras icosa\u00e9dricas de B12, que est\u00e1n conectadas por \u00e1tomos de Al. El calor est\u00e1ndar de formaci\u00f3n de AlB12 es de -(201\u00b142) kJ\/mol. La temperatura de descomposici\u00f3n es de 920 grados cent\u00edgrados. Los boruros de aluminio incluyen AlB2, AlB4 y AlB12. Por encima de 920 \u00b0C, el AlB2 se descompone para formar AlB12.<\/p>\n<p>El boruro de aluminio (AlB12) tambi\u00e9n puede prepararse a partir de B2O3 u otros minerales que contienen boro por el m\u00e9todo aluminot\u00e9rmico. Se descompone en sustancias elementales a 1900 \u00b0C. La estructura de los boruro de aluminio (AlB12) es similar a la de los compuestos intermet\u00e1licos. Su estructura depende principalmente de la estructura cristalina del aluminio, el metal y el boro m\u00e1s que de su relaci\u00f3n de valencia.<\/p>\n<p>&nbsp;<\/p>\n<h2><span style=\"font-size: 14pt;\">Propiedades qu\u00edmicas<\/span><\/h2>\n<p>Punto de fusi\u00f3n: se descompone en boro y carbono a 1900 \u00b0C Densidad: 2.550 Solubilidad: soluble en HNO caliente; en soluble en soluciones \u00e1cidas Color: amarillo-marr\u00f3n Solubilidad en agua: HNO3 caliente soluble; \u00e1cido insoluble, \u00e1lcalis<\/p>\n<p>&nbsp;<\/p>\n<h2><span style=\"font-size: 14pt;\">M\u00e9todo de producci\u00f3n<\/span><\/h2>\n<p>Se obtiene mezclando tri\u00f3xido de boro y sulfuro de aluminio y calent\u00e1ndolos para su reacci\u00f3n.<\/p>\n<p>&nbsp;<\/p>\n<h2><span style=\"font-size: 14pt;\">Aplicaci\u00f3n<\/span><\/h2>\n<p>Los boruros de aluminio (AlB12) son un importante material estructural de alta temperatura con buena conductividad t\u00e9rmica y propiedades mec\u00e1nicas. Es ampliamente utilizado en la industria aeroespacial, metalurgia, electr\u00f3nica y otros campos. El dodecaboruro de aluminio (AlB12) es una forma com\u00fan de borides de aluminio. Tiene un punto de fusi\u00f3n y una dureza m\u00e1s altos, por lo que es ampliamente estudiado y utilizado.<\/p>\n<p>&nbsp;<\/p>\n","protected":false},"excerpt":{"rendered":"<p>El boruro de aluminio (AlB12) contiene estructuras icosa\u00e9dricas de B12, que est\u00e1n conectadas por \u00e1tomos de Al. El calor est\u00e1ndar de formaci\u00f3n de AlB12 es de -(201\u00b142) kJ\/mol. La temperatura de descomposici\u00f3n es de 920 grados cent\u00edgrados. Los boruros de aluminio incluyen AlB2, AlB4 y AlB12. Por encima de 920 \u00b0C, el AlB2 se descompone [&hellip;]<\/p>\n","protected":false},"featured_media":998045,"comment_status":"open","ping_status":"closed","template":"","meta":{"_acf_changed":false},"product_brand":[],"product_cat":[183],"product_tag":[],"class_list":{"0":"post-1008357","1":"product","2":"type-product","3":"status-publish","4":"has-post-thumbnail","6":"product_cat-c-n-b-si-materiales","8":"first","9":"instock","10":"shipping-taxable","11":"product-type-variable"},"acf":[],"_links":{"self":[{"href":"https:\/\/vimaterial.de\/es\/wp-json\/wp\/v2\/product\/1008357","targetHints":{"allow":["GET"]}}],"collection":[{"href":"https:\/\/vimaterial.de\/es\/wp-json\/wp\/v2\/product"}],"about":[{"href":"https:\/\/vimaterial.de\/es\/wp-json\/wp\/v2\/types\/product"}],"replies":[{"embeddable":true,"href":"https:\/\/vimaterial.de\/es\/wp-json\/wp\/v2\/comments?post=1008357"}],"wp:featuredmedia":[{"embeddable":true,"href":"https:\/\/vimaterial.de\/es\/wp-json\/wp\/v2\/media\/998045"}],"wp:attachment":[{"href":"https:\/\/vimaterial.de\/es\/wp-json\/wp\/v2\/media?parent=1008357"}],"wp:term":[{"taxonomy":"product_brand","embeddable":true,"href":"https:\/\/vimaterial.de\/es\/wp-json\/wp\/v2\/product_brand?post=1008357"},{"taxonomy":"product_cat","embeddable":true,"href":"https:\/\/vimaterial.de\/es\/wp-json\/wp\/v2\/product_cat?post=1008357"},{"taxonomy":"product_tag","embeddable":true,"href":"https:\/\/vimaterial.de\/es\/wp-json\/wp\/v2\/product_tag?post=1008357"}],"curies":[{"name":"wp","href":"https:\/\/api.w.org\/{rel}","templated":true}]}}