{"id":1008349,"date":"2024-06-17T13:45:29","date_gmt":"2024-06-17T05:45:29","guid":{"rendered":"https:\/\/vimaterial.de\/product\/boruro-de-aluminio\/"},"modified":"2024-10-25T17:27:00","modified_gmt":"2024-10-25T09:27:00","slug":"boruro-de-aluminio","status":"publish","type":"product","link":"https:\/\/vimaterial.de\/es\/product\/boruro-de-aluminio\/","title":{"rendered":"Boruro de aluminio"},"content":{"rendered":"<p>El boruro de aluminio (AlB\u2082) es un compuesto duro, similar a la cer\u00e1mica, formado por la combinaci\u00f3n de aluminio y boro. Conocido por su excelente estabilidad t\u00e9rmica, alta dureza y conductividad el\u00e9ctrica, el boruro de aluminio se utiliza principalmente en aplicaciones de alta temperatura y alta resistencia.<\/p>\n<p>&nbsp;<\/p>\n<h2><span style=\"font-size: 14pt;\">Tipos de enlaces qu\u00edmicos de boruro de aluminio<\/span><\/h2>\n<p>Los enlaces qu\u00edmicos en el AlB\u2082 son principalmente enlaces i\u00f3nicos y enlaces covalentes. Los enlaces i\u00f3nicos se refieren a la atracci\u00f3n electrost\u00e1tica entre los iones de aluminio (A1,<sup>3+<\/sup>) y los iones de boro (B<sup>, 3-<\/sup>). Los enlaces covalentes se refieren a los enlaces qu\u00edmicos formados por los pares de electrones compartidos entre los \u00e1tomos de boro (B) y los \u00e1tomos de aluminio (A1). En el boruro de aluminio, estos dos enlaces qu\u00edmicos trabajan juntos para hacer que el cristal tenga una alta estabilidad.<\/p>\n<p>&nbsp;<\/p>\n<h2><span style=\"font-size: 14pt;\">Estructura y propiedades del boruro de aluminio<\/span><\/h2>\n<p>La estructura del AlB\u2082 pertenece a una estructura hexagonal simple, y los \u00e1tomos de aluminio y los \u00e1tomos de boro en el cristal est\u00e1n dispuestos de manera hexagonal compacta. Esta estructura tiene una alta densidad de empaquetamiento, lo que hace que el boruro de aluminio tenga un alto punto de fusi\u00f3n, estabilidad t\u00e9rmica y estabilidad qu\u00edmica.<\/p>\n<p>Adem\u00e1s, el AlB\u2082 tambi\u00e9n tiene excelentes propiedades mec\u00e1nicas, alta conductividad t\u00e9rmica, alta resistencia al choque t\u00e9rmico y otras propiedades.<\/p>\n<p>&nbsp;<\/p>\n<h2><span style=\"font-size: 14pt;\">Campos de aplicaci\u00f3n del boruro de aluminio<\/span><\/h2>\n<p>1. Cer\u00e1mica de alta temperatura: Debido a que el AlB\u2082 tiene un alto punto de fusi\u00f3n, alta estabilidad t\u00e9rmica y estabilidad qu\u00edmica, tiene una amplia gama de aplicaciones en el campo de la cer\u00e1mica de alta temperatura, como la aeroespacial, automotriz, electr\u00f3nica y otras industrias.<\/p>\n<p>2. Materiales de alta conductividad t\u00e9rmica: El boruro de aluminio tiene una alta conductividad t\u00e9rmica y se puede utilizar como material de alta conductividad t\u00e9rmica en dispositivos de disipaci\u00f3n de calor y otros campos.<\/p>\n<p>3. Materiales refractarios: El alto punto de fusi\u00f3n y la estabilidad t\u00e9rmica del boruro de aluminio lo convierten en un material refractario ideal, que se puede utilizar para fabricar hornos, hornos de alta temperatura y otros equipos.<\/p>\n<p>4. Otros campos: El AlB\u2082 tambi\u00e9n se utiliza en recubrimientos met\u00e1licos, cer\u00e1mica funcional, industria nuclear y otros campos.<\/p>\n","protected":false},"excerpt":{"rendered":"<p>El boruro de aluminio (AlB\u2082) es un compuesto duro, similar a la cer\u00e1mica, formado por la combinaci\u00f3n de aluminio y boro. Conocido por su excelente estabilidad t\u00e9rmica, alta dureza y conductividad el\u00e9ctrica, el boruro de aluminio se utiliza principalmente en aplicaciones de alta temperatura y alta resistencia. &nbsp; Tipos de enlaces qu\u00edmicos de boruro de [&hellip;]<\/p>\n","protected":false},"featured_media":997951,"comment_status":"open","ping_status":"closed","template":"","meta":{"_acf_changed":false},"product_brand":[],"product_cat":[183],"product_tag":[],"class_list":{"0":"post-1008349","1":"product","2":"type-product","3":"status-publish","4":"has-post-thumbnail","6":"product_cat-c-n-b-si-materiales","8":"first","9":"instock","10":"shipping-taxable","11":"purchasable","12":"product-type-variable"},"acf":[],"_links":{"self":[{"href":"https:\/\/vimaterial.de\/es\/wp-json\/wp\/v2\/product\/1008349","targetHints":{"allow":["GET"]}}],"collection":[{"href":"https:\/\/vimaterial.de\/es\/wp-json\/wp\/v2\/product"}],"about":[{"href":"https:\/\/vimaterial.de\/es\/wp-json\/wp\/v2\/types\/product"}],"replies":[{"embeddable":true,"href":"https:\/\/vimaterial.de\/es\/wp-json\/wp\/v2\/comments?post=1008349"}],"wp:featuredmedia":[{"embeddable":true,"href":"https:\/\/vimaterial.de\/es\/wp-json\/wp\/v2\/media\/997951"}],"wp:attachment":[{"href":"https:\/\/vimaterial.de\/es\/wp-json\/wp\/v2\/media?parent=1008349"}],"wp:term":[{"taxonomy":"product_brand","embeddable":true,"href":"https:\/\/vimaterial.de\/es\/wp-json\/wp\/v2\/product_brand?post=1008349"},{"taxonomy":"product_cat","embeddable":true,"href":"https:\/\/vimaterial.de\/es\/wp-json\/wp\/v2\/product_cat?post=1008349"},{"taxonomy":"product_tag","embeddable":true,"href":"https:\/\/vimaterial.de\/es\/wp-json\/wp\/v2\/product_tag?post=1008349"}],"curies":[{"name":"wp","href":"https:\/\/api.w.org\/{rel}","templated":true}]}}